{"id":1239,"date":"2020-06-30T11:42:41","date_gmt":"2020-06-30T09:42:41","guid":{"rendered":"https:\/\/www.hotelmaestrale.com\/?page_id=1239"},"modified":"2023-12-19T11:59:39","modified_gmt":"2023-12-19T10:59:39","slug":"im-zentrum-von-riccione","status":"publish","type":"page","link":"https:\/\/www.hotelmaestrale.com\/de\/im-zentrum-von-riccione\/","title":{"rendered":"Im Zentrum von Riccione"},"content":{"rendered":"<h2 align=\"JUSTIFY\"><span lang=\"de-DE\">Was hat <\/span><span lang=\"de-DE\">Riccione<\/span><span lang=\"de-DE\"> mehr zu bieten als die anderen <\/span><span lang=\"de-DE\">romagnolischen Str\u00e4nde<\/span><span lang=\"de-DE\">?<\/span><\/h2>\n<p>Als erstes vielleicht die Fu\u00dfg\u00e4ngerzone <span lang=\"de-DE\"><strong>Viale Ceccarini<\/strong><\/span><span lang=\"de-DE\">, der immer wiederkehrende Mythos, denn sie ist das \u201eVorzeigeobjekt\u201d <\/span><span lang=\"de-DE\"><strong>des Zentrums von Riccione<\/strong><\/span><span lang=\"de-DE\">, wo man oft bekannten Pers\u00f6nlichkeiten begegnet, die wie wir alle vom Reiz des Einkaufens in edlen Boutiquen bis sp\u00e4t in den Abend, von den Stra\u00dfencaf\u00e9s oder von der farbenpr\u00e4chtigen Strandpromenade angezogen werden. <\/span><\/p>\n<p align=\"JUSTIFY\"><span lang=\"de-DE\">Apropos Meer: die <\/span><span lang=\"de-DE\">\u201eGr\u00fcne Perle\u201d besitzt eine der <\/span><span lang=\"de-DE\"><strong>acht blauen Flaggen der Romagna<\/strong><\/span><span lang=\"de-DE\">, aber der Strand hat noch mehr zu bieten: viele Sporteinrichtungen f\u00fcr alle, die <\/span><span lang=\"de-DE\"><strong>auch im Urlaub auf ihren Lieblingssport <\/strong><\/span><span lang=\"de-DE\">nicht verzichten wollen. Folglich gibt es auch zahlreiche Sportveranstaltungen, die Champions und Publikum aus der ganzen Welt anziehen. In der Nacht kommt das <\/span><span lang=\"de-DE\"><strong>Leben am Strand<\/strong><\/span><span lang=\"de-DE\"> nicht zur Ruhe, viele junge Leute treffen sich in den zahlreichen Lokalen, die sie direkt am Sand willkommen hei\u00dfen, vielleicht um einen Aperitif zu genie\u00dfen oder einen ganzen Abend im Zeichen des Vergn\u00fcgens im Takt der Musik zu verbringen. <\/span><\/p>\n<p align=\"JUSTIFY\"><span lang=\"de-DE\">Das Nachtleben bietet auch im Zentrum <\/span><span lang=\"de-DE\">ebenso viel Spa\u00df wie in den ber\u00fchmteren Lokalen des Hinterlands und ist vielleicht sicherer; zahlreich sind auch in diesem Fall die <\/span><span lang=\"de-DE\"><strong>speziellen Nacht-Events, <\/strong><\/span><span lang=\"de-DE\">die an den<\/span> <span lang=\"de-DE\">Privatstr\u00e4nden <\/span><span lang=\"de-DE\"><strong>im Zentrum von Riccione<\/strong><\/span><span lang=\"de-DE\"> organisiert werden. Das elegante 4-Sterne <\/span><span lang=\"de-DE\">Suite Hotel Maestrale<\/span><span lang=\"de-DE\"><strong> von Riccione<\/strong><\/span><span lang=\"de-DE\">, nur 30 m vom <\/span><span lang=\"de-DE\"><strong>eigenen<\/strong><\/span> <span lang=\"de-DE\"><strong>Privatstrand<\/strong><\/span><span lang=\"de-DE\"> entfernt gelegen, befindet sich in n\u00e4chster N\u00e4he der Viale Ceccarini, Viale Dante und wenige Schritte vom Kongresszentrum <\/span><span lang=\"de-DE\"><strong>Palacongressi<\/strong><\/span><span lang=\"de-DE\">. Vom Hotel ist es nur einen Katzensprung zur exklusiven mond\u00e4nen Welt und gleichzeitig kann der Gast vom quirligen Leben in eine erholsame Atmosph\u00e4re zur\u00fcckkehren, denn das <\/span><span lang=\"de-DE\"><strong>Suite Hotel Maestrale<\/strong><\/span><span lang=\"de-DE\"> liegt in einer ruhigen Gegend. <\/span><\/p>\n","protected":false},"excerpt":{"rendered":"<p>Was hat Riccione mehr zu bieten als die anderen romagnolischen Str\u00e4nde? Als erstes vielleicht die Fu\u00dfg\u00e4ngerzone Viale Ceccarini, der immer wiederkehrende Mythos, denn sie ist das \u201eVorzeigeobjekt\u201d des Zentrums von Riccione, wo man oft bekannten Pers\u00f6nlichkeiten begegnet, die wie wir alle vom Reiz des Einkaufens in edlen Boutiquen bis sp\u00e4t in den Abend, von den Stra\u00dfencaf\u00e9s oder von der farbenpr\u00e4chtigen Strandpromenade angezogen werden. Apropos Meer: die \u201eGr\u00fcne Perle\u201d besitzt eine &#8230;<\/p>\n","protected":false},"author":4,"featured_media":0,"parent":0,"menu_order":0,"comment_status":"closed","ping_status":"closed","template":"","meta":{"_acf_changed":false},"class_list":["post-1239","page","type-page","status-publish","hentry"],"acf":[],"_links":{"self":[{"href":"https:\/\/www.hotelmaestrale.com\/de\/wp-json\/wp\/v2\/pages\/1239","targetHints":{"allow":["GET"]}}],"collection":[{"href":"https:\/\/www.hotelmaestrale.com\/de\/wp-json\/wp\/v2\/pages"}],"about":[{"href":"https:\/\/www.hotelmaestrale.com\/de\/wp-json\/wp\/v2\/types\/page"}],"author":[{"embeddable":true,"href":"https:\/\/www.hotelmaestrale.com\/de\/wp-json\/wp\/v2\/users\/4"}],"replies":[{"embeddable":true,"href":"https:\/\/www.hotelmaestrale.com\/de\/wp-json\/wp\/v2\/comments?post=1239"}],"version-history":[{"count":0,"href":"https:\/\/www.hotelmaestrale.com\/de\/wp-json\/wp\/v2\/pages\/1239\/revisions"}],"wp:attachment":[{"href":"https:\/\/www.hotelmaestrale.com\/de\/wp-json\/wp\/v2\/media?parent=1239"}],"curies":[{"name":"wp","href":"https:\/\/api.w.org\/{rel}","templated":true}]}}