{"id":1272,"date":"2020-06-30T16:32:40","date_gmt":"2020-06-30T14:32:40","guid":{"rendered":"https:\/\/www.hotelmaestrale.com\/?page_id=1272"},"modified":"2026-02-12T12:03:57","modified_gmt":"2026-02-12T11:03:57","slug":"die-verpflegung","status":"publish","type":"page","link":"https:\/\/www.hotelmaestrale.com\/de\/die-verpflegung\/","title":{"rendered":"Die Verpflegung"},"content":{"rendered":"<h2><strong>Restaurant<\/strong><\/h2>\n<p>Im Suite Hotel Maestrale in Riccione ist Genuss Teil des Erlebnisses \u2013 das werden Sie bereits beim ersten Aufwachen bemerken.<br \/>\n<strong>Das Fr\u00fchst\u00fcck<\/strong> ist unsere Visitenkarte, der erste Vorgeschmack auf die Qualit\u00e4t, die Sie zu jeder Tageszeit begleitet.<\/p>\n<p><strong>Feine hausgemachte Patisserie<\/strong>, frische S\u00e4fte und Smoothies, handwerklich hergestellte Marmeladen sowie zahlreiche herzhafte Angebote neben den klassischen Kaffeespezialit\u00e4ten. Sie k\u00f6nnen es <strong>auf Ihrem Zimmer genie\u00dfen, wenn Sie es ruhig angehen lassen m\u00f6chten, im Garten w\u00e4hrend der warmen Jahreszeit oder auf der Veranda, wenn Sie den Tag mit Meeresluft beginnen m\u00f6chten<br \/>\n<\/strong>Bis 11:00 Uhr \ud83d\ude09<\/p>\n<h2><strong>Serviertes Abendessen und Aromen der Romagna<\/strong><\/h2>\n<p>Am Abend erwarten wir Sie bequem am Tisch zu einer genussvollen Reise von den gro\u00dfen Klassikern der italienischen K\u00fcche bis zu den <strong>exzellenten Spezialit\u00e4ten der romagnolischen Tradition<\/strong>.<\/p>\n<p><strong>Saisonale Vorspeisen und Gem\u00fcse<\/strong> zum Auftakt, <strong>frisch zubereitete Fleisch- und Fischgerichte<\/strong>, der Duft des <strong>st\u00e4ndig brennenden Grills<\/strong>, die <strong>K\u00f6stlichkeiten unserer Tradition<\/strong> und <strong>unwiderstehliche Desserts<\/strong>.<br \/>\nEin <strong>dynamisches Men\u00fc<\/strong>, das sich t\u00e4glich \u00e4ndert und die Aromen dieser gro\u00dfz\u00fcgigen Region widerspiegelt.<\/p>\n<p>G\u00e4ste mit <strong>Vollpension<\/strong> k\u00f6nnen <strong>ihr Mittagessen im stimmungsvollen Restaurant Sestopiano des Hotel Lungomare<\/strong> einnehmen, nur wenige Schritte entfernt.<\/p>\n<h2><strong>HIER K\u00d6NNEN SIE NEU INTERPRETIERTE KLASSISCHE GERICHTE ODER DIE K\u00d6STLICHKEITEN UNSERER TRADITIONELLEN K\u00dcCHE GENIESSEN<\/strong><\/h2>\n<p>Das <strong>Restaurant des Suite Hotel Maestrale<\/strong> ist <strong>t\u00e4glich ge\u00f6ffnet<\/strong> <strong>vom 1. Juni bis 6. September<\/strong>, von 19:30 bis 21:00 Uhr, damit jeder seinem eigenen Rhythmus folgen kann.<\/p>\n<p>In diesen Monaten k\u00f6nnen Sie au\u00dferdem zwei besondere Gourmet-Erlebnisse genie\u00dfen. Am Freitagabend das <strong>Fish Market<\/strong>, ein Termin rund um die besten Meeresprodukte mit ausgew\u00e4hlten Fischen und Krustentieren; am Mittwochabend das <strong>Pic-nic im Mondschein<\/strong>, ein Themenabend inmitten der Natur, in traumhafter Atmosph\u00e4re zwischen geschm\u00fcckten Olivenb\u00e4umen und Lichtern, in der Locanda I Girasoli.<\/p>\n<p>Zum <strong>Mittagessen<\/strong> und w\u00e4hrend der <strong>saisonalen Schlie\u00dfungszeiten<\/strong> wird der Restaurantservice im <strong>Restaurant Sesto Piano des Hotel Lungomare<\/strong> angeboten, nur <strong>40 Meter entfernt<\/strong>, in einem wundersch\u00f6nen <strong>klimatisierten Panoramasaal mit Meerblick<\/strong>.<\/p>\n<div id='gallery-1' class='gallery galleryid-1272  gallery-size-inner-slide'><div class='owl-carousel owl-carousel-multiple-carousel-style'\n\t\t\t\t\t\t\tdata-owl-navigation='false'\n\t\t\t\t\t\t\tdata-owl-slide-speed='300'\n\t\t\t\t\t\t\tdata-owl-autoplay='false'\n\t\t\t\t\t\t\tdata-owl-dots='false'\n\t\t\t\t\t\t\tdata-owl-dots-speed='300'\n\t\t\t\t\t\t\tdata-owl-items-xs='1'data-owl-items-sm='2'data-owl-items-md='3'data-owl-items-lg='3'data-owl-items-xl='3'\n\t\t\t\t\t\t><figure class='gallery-item'>\n\t\t\t\t<div class='gallery-icon landscape'>\n\t\t\t\t\t<a href='https:\/\/www.hotelmaestrale.com\/wp-content\/uploads\/2022\/12\/DSC03301.jpg' data-size=\"1000x700\"><img loading=\"lazy\" decoding=\"async\" width=\"1000\" height=\"700\" src=\"https:\/\/www.hotelmaestrale.com\/wp-content\/uploads\/2022\/12\/DSC03301-1000x700.jpg\" class=\"attachment-inner-slide size-inner-slide\" alt=\"\" \/><\/a>\n\t\t\t\t<\/div><\/figure><figure class='gallery-item'>\n\t\t\t\t<div class='gallery-icon landscape'>\n\t\t\t\t\t<a href='https:\/\/www.hotelmaestrale.com\/wp-content\/uploads\/2022\/12\/DSC03723_0024_DSC03637-1.jpg' data-size=\"1000x700\"><img loading=\"lazy\" decoding=\"async\" width=\"1000\" height=\"700\" src=\"https:\/\/www.hotelmaestrale.com\/wp-content\/uploads\/2022\/12\/DSC03723_0024_DSC03637-1-1000x700.jpg\" class=\"attachment-inner-slide size-inner-slide\" alt=\"\" \/><\/a>\n\t\t\t\t<\/div><\/figure><figure class='gallery-item'>\n\t\t\t\t<div class='gallery-icon landscape'>\n\t\t\t\t\t<a href='https:\/\/www.hotelmaestrale.com\/wp-content\/uploads\/2022\/06\/hotel_maestrale-13.jpg' data-size=\"1000x700\"><img loading=\"lazy\" decoding=\"async\" width=\"1000\" height=\"700\" src=\"https:\/\/www.hotelmaestrale.com\/wp-content\/uploads\/2022\/06\/hotel_maestrale-13-1000x700.jpg\" class=\"attachment-inner-slide size-inner-slide\" alt=\"Suite Hotel Maestrale Riccione\" \/><\/a>\n\t\t\t\t<\/div><\/figure><figure class='gallery-item'>\n\t\t\t\t<div class='gallery-icon landscape'>\n\t\t\t\t\t<a href='https:\/\/www.hotelmaestrale.com\/wp-content\/uploads\/2022\/06\/hotel_maestrale-9.jpg' data-size=\"1000x700\"><img loading=\"lazy\" decoding=\"async\" width=\"1000\" height=\"700\" src=\"https:\/\/www.hotelmaestrale.com\/wp-content\/uploads\/2022\/06\/hotel_maestrale-9-1000x700.jpg\" class=\"attachment-inner-slide size-inner-slide\" alt=\"Suite Hotel Maestrale Riccione\" \/><\/a>\n\t\t\t\t<\/div><\/figure><figure class='gallery-item'>\n\t\t\t\t<div class='gallery-icon landscape'>\n\t\t\t\t\t<a href='https:\/\/www.hotelmaestrale.com\/wp-content\/uploads\/2022\/12\/DSC03723_0001_Livello-0.jpg' data-size=\"1000x700\"><img loading=\"lazy\" decoding=\"async\" width=\"1000\" height=\"700\" src=\"https:\/\/www.hotelmaestrale.com\/wp-content\/uploads\/2022\/12\/DSC03723_0001_Livello-0-1000x700.jpg\" class=\"attachment-inner-slide size-inner-slide\" alt=\"\" \/><\/a>\n\t\t\t\t<\/div><\/figure><figure class='gallery-item'>\n\t\t\t\t<div class='gallery-icon landscape'>\n\t\t\t\t\t<a href='https:\/\/www.hotelmaestrale.com\/wp-content\/uploads\/2022\/12\/DSC03723_0009_DSC03577-1.jpg' data-size=\"1000x700\"><img loading=\"lazy\" decoding=\"async\" width=\"1000\" height=\"700\" src=\"https:\/\/www.hotelmaestrale.com\/wp-content\/uploads\/2022\/12\/DSC03723_0009_DSC03577-1-1000x700.jpg\" class=\"attachment-inner-slide size-inner-slide\" alt=\"\" \/><\/a>\n\t\t\t\t<\/div><\/figure><figure class='gallery-item'>\n\t\t\t\t<div class='gallery-icon landscape'>\n\t\t\t\t\t<a href='https:\/\/www.hotelmaestrale.com\/wp-content\/uploads\/2022\/12\/DSC03723_0001_DSC04102-1.jpg' data-size=\"1000x700\"><img loading=\"lazy\" decoding=\"async\" width=\"1000\" height=\"700\" src=\"https:\/\/www.hotelmaestrale.com\/wp-content\/uploads\/2022\/12\/DSC03723_0001_DSC04102-1-1000x700.jpg\" class=\"attachment-inner-slide size-inner-slide\" alt=\"\" \/><\/a>\n\t\t\t\t<\/div><\/figure><figure class='gallery-item'>\n\t\t\t\t<div class='gallery-icon landscape'>\n\t\t\t\t\t<a href='https:\/\/www.hotelmaestrale.com\/wp-content\/uploads\/2022\/06\/hotel_maestrale-16.jpg' data-size=\"1000x700\"><img loading=\"lazy\" decoding=\"async\" width=\"1000\" height=\"700\" src=\"https:\/\/www.hotelmaestrale.com\/wp-content\/uploads\/2022\/06\/hotel_maestrale-16-1000x700.jpg\" class=\"attachment-inner-slide size-inner-slide\" alt=\"Suite Hotel Maestrale Riccione\" \/><\/a>\n\t\t\t\t<\/div><\/figure><figure class='gallery-item'>\n\t\t\t\t<div class='gallery-icon landscape'>\n\t\t\t\t\t<a href='https:\/\/www.hotelmaestrale.com\/wp-content\/uploads\/2022\/12\/DSC03283.jpg' data-size=\"1000x700\"><img loading=\"lazy\" decoding=\"async\" width=\"1000\" height=\"700\" src=\"https:\/\/www.hotelmaestrale.com\/wp-content\/uploads\/2022\/12\/DSC03283-1000x700.jpg\" class=\"attachment-inner-slide size-inner-slide\" alt=\"\" \/><\/a>\n\t\t\t\t<\/div><\/figure><figure class='gallery-item'>\n\t\t\t\t<div class='gallery-icon landscape'>\n\t\t\t\t\t<a href='https:\/\/www.hotelmaestrale.com\/wp-content\/uploads\/2022\/12\/DSC03209.jpg' data-size=\"1000x700\"><img loading=\"lazy\" decoding=\"async\" width=\"1000\" height=\"700\" src=\"https:\/\/www.hotelmaestrale.com\/wp-content\/uploads\/2022\/12\/DSC03209-1000x700.jpg\" class=\"attachment-inner-slide size-inner-slide\" alt=\"\" \/><\/a>\n\t\t\t\t<\/div><\/figure><figure class='gallery-item'>\n\t\t\t\t<div class='gallery-icon landscape'>\n\t\t\t\t\t<a href='https:\/\/www.hotelmaestrale.com\/wp-content\/uploads\/2022\/12\/DSC03723_0007_DSC03711-1.jpg' data-size=\"1000x700\"><img loading=\"lazy\" decoding=\"async\" width=\"1000\" height=\"700\" src=\"https:\/\/www.hotelmaestrale.com\/wp-content\/uploads\/2022\/12\/DSC03723_0007_DSC03711-1-1000x700.jpg\" class=\"attachment-inner-slide size-inner-slide\" alt=\"\" \/><\/a>\n\t\t\t\t<\/div><\/figure><figure class='gallery-item'>\n\t\t\t\t<div class='gallery-icon landscape'>\n\t\t\t\t\t<a href='https:\/\/www.hotelmaestrale.com\/wp-content\/uploads\/2022\/06\/hotel_maestrale-7.jpg' data-size=\"1000x700\"><img loading=\"lazy\" decoding=\"async\" width=\"1000\" height=\"700\" src=\"https:\/\/www.hotelmaestrale.com\/wp-content\/uploads\/2022\/06\/hotel_maestrale-7-1000x700.jpg\" class=\"attachment-inner-slide size-inner-slide\" alt=\"Suite Hotel Maestrale Riccione\" \/><\/a>\n\t\t\t\t<\/div><\/figure><figure class='gallery-item'>\n\t\t\t\t<div class='gallery-icon landscape'>\n\t\t\t\t\t<a href='https:\/\/www.hotelmaestrale.com\/wp-content\/uploads\/2022\/12\/DSC03723_0017_DSC03743-1.jpg' data-size=\"1000x700\"><img loading=\"lazy\" decoding=\"async\" width=\"1000\" height=\"700\" src=\"https:\/\/www.hotelmaestrale.com\/wp-content\/uploads\/2022\/12\/DSC03723_0017_DSC03743-1-1000x700.jpg\" class=\"attachment-inner-slide size-inner-slide\" alt=\"\" \/><\/a>\n\t\t\t\t<\/div><\/figure>\n\t\t\t<\/div>\n<\/div>\n\n<p>&nbsp;<\/p>\n","protected":false},"excerpt":{"rendered":"<p>Restaurant Im Suite Hotel Maestrale in Riccione ist Genuss Teil des Erlebnisses \u2013 das werden Sie bereits beim ersten Aufwachen bemerken. Das Fr\u00fchst\u00fcck ist unsere Visitenkarte, der erste Vorgeschmack auf die Qualit\u00e4t, die Sie zu jeder Tageszeit begleitet. Feine hausgemachte Patisserie, frische S\u00e4fte und Smoothies, handwerklich hergestellte Marmeladen sowie zahlreiche herzhafte Angebote neben den klassischen Kaffeespezialit\u00e4ten. Sie k\u00f6nnen es auf Ihrem Zimmer genie\u00dfen, wenn Sie es ruhig angehen lassen m\u00f6chten, &#8230;<\/p>\n","protected":false},"author":4,"featured_media":0,"parent":0,"menu_order":0,"comment_status":"closed","ping_status":"closed","template":"","meta":{"_acf_changed":false},"class_list":["post-1272","page","type-page","status-publish","hentry"],"acf":[],"_links":{"self":[{"href":"https:\/\/www.hotelmaestrale.com\/de\/wp-json\/wp\/v2\/pages\/1272","targetHints":{"allow":["GET"]}}],"collection":[{"href":"https:\/\/www.hotelmaestrale.com\/de\/wp-json\/wp\/v2\/pages"}],"about":[{"href":"https:\/\/www.hotelmaestrale.com\/de\/wp-json\/wp\/v2\/types\/page"}],"author":[{"embeddable":true,"href":"https:\/\/www.hotelmaestrale.com\/de\/wp-json\/wp\/v2\/users\/4"}],"replies":[{"embeddable":true,"href":"https:\/\/www.hotelmaestrale.com\/de\/wp-json\/wp\/v2\/comments?post=1272"}],"version-history":[{"count":0,"href":"https:\/\/www.hotelmaestrale.com\/de\/wp-json\/wp\/v2\/pages\/1272\/revisions"}],"wp:attachment":[{"href":"https:\/\/www.hotelmaestrale.com\/de\/wp-json\/wp\/v2\/media?parent=1272"}],"curies":[{"name":"wp","href":"https:\/\/api.w.org\/{rel}","templated":true}]}}