{"id":1292,"date":"2020-06-30T16:54:43","date_gmt":"2020-06-30T14:54:43","guid":{"rendered":"https:\/\/www.hotelmaestrale.com\/?page_id=1292"},"modified":"2026-03-24T12:05:34","modified_gmt":"2026-03-24T11:05:34","slug":"der-privatstrand","status":"publish","type":"page","link":"https:\/\/www.hotelmaestrale.com\/de\/der-privatstrand\/","title":{"rendered":"Der Privatstrand"},"content":{"rendered":"<h2 style=\"text-align: left;\" align=\"center\">Der Tag&#8230;<\/h2>\n<p><strong>Der 6000 m2 gro\u00dfe Strand mit 150 Schattenpl\u00e4tzen<\/strong> kann zur K\u00f6rperert\u00fcchtigung und zum Teambuilding genutzt werden, au\u00dferdem finden Sie dort ein Restaurant, zwei Pools f\u00fcr die gro\u00dfen und kleinen G\u00e4ste, 2 Whirlpools, <strong>Relax-Bereiche, Warm- und Kaltdusche, Kabinen mit Wickelkommode<\/strong> und viel Spa\u00df f\u00fcr Gro\u00df und Klein. An unserem <strong>Strand 88-89 Le Palme Beach<\/strong> finden Sie all das\u2026 und noch vieles mehr!<\/p>\n<p>Am exklusiven Strand von Riccione dominiert die wei\u00dfe Farbe. Die Stoffe und das Holz erinnern an die Nat\u00fcrlichkeit des Materials, das dem <strong>K\u00f6rper und dem Geist Harmonie<\/strong> schenkt. Am Strand 88-89 erlebt man das <strong>Wesentliche eines Urlaubs am Meer<\/strong> bei unvergesslichen Momenten zwischen Sonne, Spr\u00fcngen ins k\u00fchle Nass des Pools, Abendessen unter Sternen und mond\u00e4nen Events.<\/p>\n<p>Allen unseren G\u00e4sten bietet sich die \u00a0den Pool, den kabellosen Internetzugang, den allen G\u00e4sten servierten Aperitif zu genie\u00dfen und einen Tisch f\u00fcr reizvolle Abendessen am Strand, die mehrmals pro Woche von unserem Team veranstaltet werden, zu reservieren! Der Privatstrand des Hotel Maestrale ist die ideale Location f\u00fcr 4-Sterne Events, wie eine Hochzeit oder eine Feier direkt am Strand f\u00fcr Ihren sch\u00f6nsten Tag.<\/p>\n<p>Neben dem klassischen Sonnenschirm finden Sie am Strand Le Palme auch <strong>gr\u00f6\u00dfere schattige Bereiche und die pr\u00e4chtigen Suite-Zelte<\/strong>, in denen Sie sich im bequemen Salon in der angenehmen Atmosph\u00e4re, die uns seit jeher kennzeichnet, entspannen k\u00f6nnen. Auch Ihre Kinder haben die M\u00f6glichkeit einen Urlaub im Zeichen des Vergn\u00fcgens und des Spiels auf unserem Strand zu verbringen, denn au\u00dfer dem S\u00fc\u00dfwasser-Kinderbecken und dem Spielplatz k\u00f6nnen sie sich auch jeden Tag mit unseren <strong><i>Babysittern <\/i><\/strong>vergn\u00fcgen, die f\u00fcr sie Spiele und <strong>lustige Aktivit\u00e4ten zu den \u00d6ffnungszeiten des <i>Mini Club<\/i><\/strong> organisieren.<\/p>\n<p><strong>***Die Verf\u00fcgbarkeit des Strandes ist begrenzt, daher empfehlen wir Ihnen, diesen Service zum Zeitpunkt der Buchung zu best\u00e4tigen.<\/strong><\/p>\n<h2 style=\"text-align: left;\">Die Nacht&#8230;<\/h2>\n<p>Dieselbe Philosophie, n\u00e4mlich die Leidenschaft f\u00fcr die <strong>Gastlichkeit, die unser Hotel auszeichnet<\/strong>, kam auch bei der Gestaltung des <strong>exklusiven Strands Le Palme<\/strong> zur Anwendung.<\/p>\n<p><strong>Untertags <\/strong>&#8230; <strong>Tankt man neue Kraft durch die W\u00e4rme der Sonne, entspannt man sich im Schatten der Lauben<\/strong> und widmet sich bei einem Drink einer angenehmen Sommerlekt\u00fcre oder erfrischt sich durch einen <strong>Sprung ins k\u00fchle Nass des Meers oder des Pools<\/strong>.<\/p>\n<p><strong>Abends <\/strong>&#8230;verwandelt sich der Lounge Bereich wie von Zauberhand in ein <strong>edles und romantisches Restaurant unter dem Sternenhimmel <\/strong>und schenkt Ihnen Emotionen am Meeresufer, wie das exklusive und au\u00dferordentliche Vergn\u00fcgen eines Aperitifs beim Rauschen der Wellen, die den Sand umsp\u00fclen.<\/p>\n<p><strong>Firmenessen, <i>Cocktailpartys<\/i>, Themenfeste und Hochzeitsempf\u00e4nge in einem jugendlichen, zwanglosen Umfeld<\/strong> f\u00fcr die Organisation von Abenden, an die man sich gerne erinnert. Die R\u00e4ume, die exklusiv reserviert werden, eignen sich auch f\u00fcr die <strong>Veranstaltung von Lesungen unter den Sternen<\/strong> mit zeitgen\u00f6ssischen Autoren, <strong>kulturelle Events und <i>Vernissagen<\/i><\/strong>. Ein passender Ort auch f\u00fcr <strong>angenehme Arbeitsmomente: innovative <i>Location <\/i>f\u00fcr Produktpr\u00e4sentationen, Roadshows und Teambuilding Aktivit\u00e4ten in der freien Natur oder ein reizvoller Rahmen f\u00fcr die Veranstaltung von Modeschauen<\/strong>. Originelles Ambiente f\u00fcr <strong>Kaffeepausen, Brunchs und Happy Hours<\/strong>.<\/p>\n<div id='gallery-1' class='gallery galleryid-1292  gallery-size-full'><div class='owl-carousel owl-carousel-multiple-carousel-style'\n\t\t\t\t\t\t\tdata-owl-navigation='true'\n\t\t\t\t\t\t\tdata-owl-slide-speed='300'\n\t\t\t\t\t\t\tdata-owl-autoplay='false'\n\t\t\t\t\t\t\tdata-owl-dots='false'\n\t\t\t\t\t\t\tdata-owl-dots-speed='300'\n\t\t\t\t\t\t\tdata-owl-items-xs='1'data-owl-items-sm='2'data-owl-items-md='3'data-owl-items-lg='3'data-owl-items-xl='3'\n\t\t\t\t\t\t><figure class='gallery-item'>\n\t\t\t\t<div class='gallery-icon landscape'>\n\t\t\t\t\t<a href='https:\/\/www.hotelmaestrale.com\/wp-content\/uploads\/2020\/02\/Gallery-Spiaggia-06-Suite-Hotel-Maestrale-Riccione.jpg' data-size=\"1000x700\"><img loading=\"lazy\" decoding=\"async\" width=\"1000\" height=\"700\" src=\"https:\/\/www.hotelmaestrale.com\/wp-content\/uploads\/2020\/02\/Gallery-Spiaggia-06-Suite-Hotel-Maestrale-Riccione.jpg\" class=\"attachment-full size-full\" alt=\"\" \/><\/a>\n\t\t\t\t<\/div><\/figure><figure class='gallery-item'>\n\t\t\t\t<div class='gallery-icon landscape'>\n\t\t\t\t\t<a href='https:\/\/www.hotelmaestrale.com\/wp-content\/uploads\/2020\/02\/Gallery-Spiaggia-01-Suite-Hotel-Maestrale-Riccione.jpg' data-size=\"1000x700\"><img loading=\"lazy\" decoding=\"async\" width=\"1000\" height=\"700\" src=\"https:\/\/www.hotelmaestrale.com\/wp-content\/uploads\/2020\/02\/Gallery-Spiaggia-01-Suite-Hotel-Maestrale-Riccione.jpg\" class=\"attachment-full size-full\" alt=\"\" \/><\/a>\n\t\t\t\t<\/div><\/figure><figure class='gallery-item'>\n\t\t\t\t<div class='gallery-icon landscape'>\n\t\t\t\t\t<a href='https:\/\/www.hotelmaestrale.com\/wp-content\/uploads\/2022\/12\/spiaggia_moncheri3.jpg' data-size=\"1000x700\"><img loading=\"lazy\" decoding=\"async\" width=\"1000\" height=\"700\" src=\"https:\/\/www.hotelmaestrale.com\/wp-content\/uploads\/2022\/12\/spiaggia_moncheri3.jpg\" class=\"attachment-full size-full\" alt=\"\" \/><\/a>\n\t\t\t\t<\/div><\/figure><figure class='gallery-item'>\n\t\t\t\t<div class='gallery-icon landscape'>\n\t\t\t\t\t<a href='https:\/\/www.hotelmaestrale.com\/wp-content\/uploads\/2020\/02\/Gallery-Spiaggia-02-Suite-Hotel-Maestrale-Riccione.jpg' data-size=\"1000x700\"><img loading=\"lazy\" decoding=\"async\" width=\"1000\" height=\"700\" src=\"https:\/\/www.hotelmaestrale.com\/wp-content\/uploads\/2020\/02\/Gallery-Spiaggia-02-Suite-Hotel-Maestrale-Riccione.jpg\" class=\"attachment-full size-full\" alt=\"\" \/><\/a>\n\t\t\t\t<\/div><\/figure><figure class='gallery-item'>\n\t\t\t\t<div class='gallery-icon landscape'>\n\t\t\t\t\t<a href='https:\/\/www.hotelmaestrale.com\/wp-content\/uploads\/2020\/02\/Gallery-Spiaggia-04-Suite-Hotel-Maestrale-Riccione.jpg' data-size=\"1000x700\"><img loading=\"lazy\" decoding=\"async\" width=\"1000\" height=\"700\" src=\"https:\/\/www.hotelmaestrale.com\/wp-content\/uploads\/2020\/02\/Gallery-Spiaggia-04-Suite-Hotel-Maestrale-Riccione.jpg\" class=\"attachment-full size-full\" alt=\"\" \/><\/a>\n\t\t\t\t<\/div><\/figure><figure class='gallery-item'>\n\t\t\t\t<div class='gallery-icon landscape'>\n\t\t\t\t\t<a href='https:\/\/www.hotelmaestrale.com\/wp-content\/uploads\/2022\/12\/spiaggia_moncheri6.jpg' data-size=\"1000x700\"><img loading=\"lazy\" decoding=\"async\" width=\"1000\" height=\"700\" src=\"https:\/\/www.hotelmaestrale.com\/wp-content\/uploads\/2022\/12\/spiaggia_moncheri6.jpg\" class=\"attachment-full size-full\" alt=\"\" \/><\/a>\n\t\t\t\t<\/div><\/figure><figure class='gallery-item'>\n\t\t\t\t<div class='gallery-icon landscape'>\n\t\t\t\t\t<a href='https:\/\/www.hotelmaestrale.com\/wp-content\/uploads\/2022\/12\/spiaggia_moncheri5.jpg' data-size=\"1000x700\"><img loading=\"lazy\" decoding=\"async\" width=\"1000\" height=\"700\" src=\"https:\/\/www.hotelmaestrale.com\/wp-content\/uploads\/2022\/12\/spiaggia_moncheri5.jpg\" class=\"attachment-full size-full\" alt=\"\" \/><\/a>\n\t\t\t\t<\/div><\/figure><figure class='gallery-item'>\n\t\t\t\t<div class='gallery-icon landscape'>\n\t\t\t\t\t<a href='https:\/\/www.hotelmaestrale.com\/wp-content\/uploads\/2022\/12\/spiaggia_moncheri4.jpg' data-size=\"1000x700\"><img loading=\"lazy\" decoding=\"async\" width=\"1000\" height=\"700\" src=\"https:\/\/www.hotelmaestrale.com\/wp-content\/uploads\/2022\/12\/spiaggia_moncheri4.jpg\" class=\"attachment-full size-full\" alt=\"\" \/><\/a>\n\t\t\t\t<\/div><\/figure><figure class='gallery-item'>\n\t\t\t\t<div class='gallery-icon landscape'>\n\t\t\t\t\t<a href='https:\/\/www.hotelmaestrale.com\/wp-content\/uploads\/2020\/02\/Gallery-Spiaggia-05-Suite-Hotel-Maestrale-Riccione.jpg' data-size=\"1000x700\"><img loading=\"lazy\" decoding=\"async\" width=\"1000\" height=\"700\" src=\"https:\/\/www.hotelmaestrale.com\/wp-content\/uploads\/2020\/02\/Gallery-Spiaggia-05-Suite-Hotel-Maestrale-Riccione.jpg\" class=\"attachment-full size-full\" alt=\"\" \/><\/a>\n\t\t\t\t<\/div><\/figure><figure class='gallery-item'>\n\t\t\t\t<div class='gallery-icon landscape'>\n\t\t\t\t\t<a href='https:\/\/www.hotelmaestrale.com\/wp-content\/uploads\/2022\/12\/spiaggia_moncheri2.jpg' data-size=\"1000x700\"><img loading=\"lazy\" decoding=\"async\" width=\"1000\" height=\"700\" src=\"https:\/\/www.hotelmaestrale.com\/wp-content\/uploads\/2022\/12\/spiaggia_moncheri2.jpg\" class=\"attachment-full size-full\" alt=\"\" \/><\/a>\n\t\t\t\t<\/div><\/figure><figure class='gallery-item'>\n\t\t\t\t<div class='gallery-icon landscape'>\n\t\t\t\t\t<a href='https:\/\/www.hotelmaestrale.com\/wp-content\/uploads\/2022\/12\/spiaggia_moncheri.jpg' data-size=\"1000x700\"><img loading=\"lazy\" decoding=\"async\" width=\"1000\" height=\"700\" src=\"https:\/\/www.hotelmaestrale.com\/wp-content\/uploads\/2022\/12\/spiaggia_moncheri.jpg\" class=\"attachment-full size-full\" alt=\"\" \/><\/a>\n\t\t\t\t<\/div><\/figure><figure class='gallery-item'>\n\t\t\t\t<div class='gallery-icon landscape'>\n\t\t\t\t\t<a href='https:\/\/www.hotelmaestrale.com\/wp-content\/uploads\/2020\/02\/Gallery-Spiaggia-03-Suite-Hotel-Maestrale-Riccione.jpg' data-size=\"1000x700\"><img loading=\"lazy\" decoding=\"async\" width=\"1000\" height=\"700\" src=\"https:\/\/www.hotelmaestrale.com\/wp-content\/uploads\/2020\/02\/Gallery-Spiaggia-03-Suite-Hotel-Maestrale-Riccione.jpg\" class=\"attachment-full size-full\" alt=\"\" \/><\/a>\n\t\t\t\t<\/div><\/figure>\n\t\t\t<\/div>\n<\/div>\n\n<p><strong> Wenn Sie eine des Aufenthalts, wo der Strand enthalten ist, und Sie eine unterschiedliche Positionierung Schatten haben, hier unten sind die Erg\u00e4nzungen<\/strong><\/p>\n<ul>\n<li>Suite-Strandzelt mit Lounge-Bereich + Kabine auf Anfrage kostenlos \u20ac 40,00 pro Tag<\/li>\n<li>Reihe I Sonnenschirme \u20ac 20,00 pro Tag<\/li>\n<li>Reihen II, III, IV, V Sonnenschirme \u20ac 15,00 pro Tag<\/li>\n<li>Reihen VI, VII gro\u00dfe Sonnenschirme \u20ac 15,00 pro Tag<\/li>\n<li>Kabine \u20ac 12,00 pro Tag<\/li>\n<li>Gazebo \u20ac 120,00 pro Tag<\/li>\n<li>Zus\u00e4tzliche Liege \u20ac 15,00 pro Tag<\/li>\n<li>Zuschlag Haustierbereich \u20ac 15,00 pro Tag<\/li>\n<\/ul>\n<p><a href=\"https:\/\/www.hotelmaestrale.com\/wp-content\/uploads\/2026\/03\/PIANTINA_SPIAGGIA_20264_TED.jpg\"><img loading=\"lazy\" decoding=\"async\" class=\"alignnone wp-image-7972 size-full\" src=\"https:\/\/www.hotelmaestrale.com\/wp-content\/uploads\/2026\/03\/PIANTINA_SPIAGGIA_20264_TED.jpg\" alt=\"\" width=\"2079\" height=\"1476\" data-big-size=\"2079x1476\" \/><\/a><\/p>\n","protected":false},"excerpt":{"rendered":"<p>Der Tag&#8230; Der 6000 m2 gro\u00dfe Strand mit 150 Schattenpl\u00e4tzen kann zur K\u00f6rperert\u00fcchtigung und zum Teambuilding genutzt werden, au\u00dferdem finden Sie dort ein Restaurant, zwei Pools f\u00fcr die gro\u00dfen und kleinen G\u00e4ste, 2 Whirlpools, Relax-Bereiche, Warm- und Kaltdusche, Kabinen mit Wickelkommode und viel Spa\u00df f\u00fcr Gro\u00df und Klein. An unserem Strand 88-89 Le Palme Beach finden Sie all das\u2026 und noch vieles mehr! Am exklusiven Strand von Riccione dominiert die &#8230;<\/p>\n","protected":false},"author":4,"featured_media":0,"parent":0,"menu_order":0,"comment_status":"closed","ping_status":"closed","template":"","meta":{"_acf_changed":false},"class_list":["post-1292","page","type-page","status-publish","hentry"],"acf":[],"_links":{"self":[{"href":"https:\/\/www.hotelmaestrale.com\/de\/wp-json\/wp\/v2\/pages\/1292","targetHints":{"allow":["GET"]}}],"collection":[{"href":"https:\/\/www.hotelmaestrale.com\/de\/wp-json\/wp\/v2\/pages"}],"about":[{"href":"https:\/\/www.hotelmaestrale.com\/de\/wp-json\/wp\/v2\/types\/page"}],"author":[{"embeddable":true,"href":"https:\/\/www.hotelmaestrale.com\/de\/wp-json\/wp\/v2\/users\/4"}],"replies":[{"embeddable":true,"href":"https:\/\/www.hotelmaestrale.com\/de\/wp-json\/wp\/v2\/comments?post=1292"}],"version-history":[{"count":0,"href":"https:\/\/www.hotelmaestrale.com\/de\/wp-json\/wp\/v2\/pages\/1292\/revisions"}],"wp:attachment":[{"href":"https:\/\/www.hotelmaestrale.com\/de\/wp-json\/wp\/v2\/media?parent=1292"}],"curies":[{"name":"wp","href":"https:\/\/api.w.org\/{rel}","templated":true}]}}