{"id":1306,"date":"2020-07-01T10:34:20","date_gmt":"2020-07-01T08:34:20","guid":{"rendered":"https:\/\/www.hotelmaestrale.com\/?page_id=1306"},"modified":"2025-09-16T10:20:23","modified_gmt":"2025-09-16T08:20:23","slug":"unsere-4-sterne-leistungen","status":"publish","type":"page","link":"https:\/\/www.hotelmaestrale.com\/de\/unsere-4-sterne-leistungen\/","title":{"rendered":"Warum Sie uns w\u00e4hlen sollten"},"content":{"rendered":"<ul>\n<li><strong>Zentrale Lage<\/strong>: Nur 300 Meter von unserem Privatstrand entfernt und 2\u20133 Gehminuten zu Gesch\u00e4ften und Restaurants.<\/li>\n<li><strong>Entspannendes Fr\u00fchst\u00fcck<\/strong>: Genie\u00dfen Sie Ihr Fr\u00fchst\u00fcck in der Veranda oder im Sommer im gr\u00fcnen Garten.<\/li>\n<li><strong>Sky TV<\/strong> in allen Zimmern.<\/li>\n<li><strong>Smart TV<\/strong>: Streamen Sie kabellos all Ihre Inhalte.<\/li>\n<li><strong>WLAN-Verbindung<\/strong> im gesamten Hotel.<\/li>\n<li><strong>Bequemer unterirdischer Parkplatz<\/strong>: Nur wenige Meter vom Hotel entfernt, kostenlos bei bestimmten Aufenthaltsangeboten.<\/li>\n<li><strong>DriWe-Ladestation<\/strong>: Nur 100 Meter entfernt, kompatibel mit allen Elektroauto-Modellen.<\/li>\n<li><strong data-start=\"298\" data-end=\"334\" data-is-only-node=\"\">Elegantes Restaurant mit Veranda<\/strong> f\u00fcr <strong data-start=\"339\" data-end=\"367\">Fr\u00fchst\u00fcck und Abendessen<\/strong>, von <strong data-start=\"373\" data-end=\"394\">Mai bis September<\/strong>.<\/li>\n<li><strong>Haustiere sind willkommen<\/strong><\/li>\n<\/ul>\n","protected":false},"excerpt":{"rendered":"<p>Zentrale Lage: Nur 300 Meter von unserem Privatstrand entfernt und 2\u20133 Gehminuten zu Gesch\u00e4ften und Restaurants. Entspannendes Fr\u00fchst\u00fcck: Genie\u00dfen Sie Ihr Fr\u00fchst\u00fcck in der Veranda oder im Sommer im gr\u00fcnen Garten. Sky TV in allen Zimmern. Smart TV: Streamen Sie kabellos all Ihre Inhalte. WLAN-Verbindung im gesamten Hotel. Bequemer unterirdischer Parkplatz: Nur wenige Meter vom Hotel entfernt, kostenlos bei bestimmten Aufenthaltsangeboten. DriWe-Ladestation: Nur 100 Meter entfernt, kompatibel mit allen Elektroauto-Modellen. &#8230;<\/p>\n","protected":false},"author":4,"featured_media":0,"parent":0,"menu_order":0,"comment_status":"closed","ping_status":"closed","template":"","meta":{"_acf_changed":false},"class_list":["post-1306","page","type-page","status-publish","hentry"],"acf":[],"_links":{"self":[{"href":"https:\/\/www.hotelmaestrale.com\/de\/wp-json\/wp\/v2\/pages\/1306","targetHints":{"allow":["GET"]}}],"collection":[{"href":"https:\/\/www.hotelmaestrale.com\/de\/wp-json\/wp\/v2\/pages"}],"about":[{"href":"https:\/\/www.hotelmaestrale.com\/de\/wp-json\/wp\/v2\/types\/page"}],"author":[{"embeddable":true,"href":"https:\/\/www.hotelmaestrale.com\/de\/wp-json\/wp\/v2\/users\/4"}],"replies":[{"embeddable":true,"href":"https:\/\/www.hotelmaestrale.com\/de\/wp-json\/wp\/v2\/comments?post=1306"}],"version-history":[{"count":0,"href":"https:\/\/www.hotelmaestrale.com\/de\/wp-json\/wp\/v2\/pages\/1306\/revisions"}],"wp:attachment":[{"href":"https:\/\/www.hotelmaestrale.com\/de\/wp-json\/wp\/v2\/media?parent=1306"}],"curies":[{"name":"wp","href":"https:\/\/api.w.org\/{rel}","templated":true}]}}