{"id":1312,"date":"2020-07-01T11:01:20","date_gmt":"2020-07-01T09:01:20","guid":{"rendered":"https:\/\/www.hotelmaestrale.com\/?page_id=1312"},"modified":"2023-03-30T12:34:08","modified_gmt":"2023-03-30T10:34:08","slug":"zimmer","status":"publish","type":"page","link":"https:\/\/www.hotelmaestrale.com\/de\/zimmer\/","title":{"rendered":"Die Zimmer"},"content":{"rendered":"<h2>Eleganz und Komfort im Zentrum von Riccione<\/h2>\n<p>Im <strong>Suite Hotel Maestrale in Riccione<\/strong> finden Sie eine so vielf\u00e4ltige Auswahl an Unterk\u00fcnften, dass Sie sich darin verlieben werden. Es gibt <strong>30 herrliche Zimmer<\/strong>, darunter <strong>3 klassische Zimmer<\/strong> und <strong>13 Zimmer mit h\u00f6herem Komfort<\/strong>, <strong>9 Junior-Suiten<\/strong> f\u00fcr Familien, <strong>1 Penthouse-Suite<\/strong> und 4 Suiten im angrenzenden Casa Riva, der exklusiven Neuheit dieser Saison.<\/p>\n<p>Alle Zimmer wurden im Hinblick auf die Einrichtung renoviert, sind <strong>komfortabel und elegant<\/strong>, klimatisiert und mit Minibar, Safe, Sky und Pay per View ausgestattet. Die einzigartige Penthouse-Suite bietet einen Balkon mit einem <strong>herrlichen Blick auf die Adria<\/strong>, w\u00e4hrend die 4 Suiten in der benachbarten Villa eine Konzentration von Luxus und Design darstellen, mit einem privaten Jacuzzi, einem Garten, in dem Sie sich entspannen und auf dem Erdgeschoss sonnen k\u00f6nnen, und einem Balkon mit Blick auf das Meer f\u00fcr die Zimmer im ersten Stock.<\/p>\n<p>Das Suite Hotel Maestrale in Riccione bietet einen <strong>kostenlosen Zimmerservice<\/strong> an: Sie k\u00f6nnen sich dem Wunsch hingeben, im Bett zu fr\u00fchst\u00fccken, ohne an etwas anderes als Ihr Vergn\u00fcgen zu denken.<\/p>\n","protected":false},"excerpt":{"rendered":"<p>Eleganz und Komfort im Zentrum von Riccione Im Suite Hotel Maestrale in Riccione finden Sie eine so vielf\u00e4ltige Auswahl an Unterk\u00fcnften, dass Sie sich darin verlieben werden. Es gibt 30 herrliche Zimmer, darunter 3 klassische Zimmer und 13 Zimmer mit h\u00f6herem Komfort, 9 Junior-Suiten f\u00fcr Familien, 1 Penthouse-Suite und 4 Suiten im angrenzenden Casa Riva, der exklusiven Neuheit dieser Saison. Alle Zimmer wurden im Hinblick auf die Einrichtung renoviert, sind &#8230;<\/p>\n","protected":false},"author":4,"featured_media":0,"parent":0,"menu_order":0,"comment_status":"closed","ping_status":"closed","template":"template\/template.camere.php","meta":{"_acf_changed":false},"class_list":["post-1312","page","type-page","status-publish","hentry"],"acf":[],"_links":{"self":[{"href":"https:\/\/www.hotelmaestrale.com\/de\/wp-json\/wp\/v2\/pages\/1312","targetHints":{"allow":["GET"]}}],"collection":[{"href":"https:\/\/www.hotelmaestrale.com\/de\/wp-json\/wp\/v2\/pages"}],"about":[{"href":"https:\/\/www.hotelmaestrale.com\/de\/wp-json\/wp\/v2\/types\/page"}],"author":[{"embeddable":true,"href":"https:\/\/www.hotelmaestrale.com\/de\/wp-json\/wp\/v2\/users\/4"}],"replies":[{"embeddable":true,"href":"https:\/\/www.hotelmaestrale.com\/de\/wp-json\/wp\/v2\/comments?post=1312"}],"version-history":[{"count":0,"href":"https:\/\/www.hotelmaestrale.com\/de\/wp-json\/wp\/v2\/pages\/1312\/revisions"}],"wp:attachment":[{"href":"https:\/\/www.hotelmaestrale.com\/de\/wp-json\/wp\/v2\/media?parent=1312"}],"curies":[{"name":"wp","href":"https:\/\/api.w.org\/{rel}","templated":true}]}}