{"id":1359,"date":"2020-07-01T15:25:32","date_gmt":"2020-07-01T13:25:32","guid":{"rendered":"https:\/\/www.hotelmaestrale.com\/?page_id=1359"},"modified":"2023-03-09T13:17:07","modified_gmt":"2023-03-09T12:17:07","slug":"unsere-restaurants","status":"publish","type":"page","link":"https:\/\/www.hotelmaestrale.com\/de\/unsere-restaurants\/","title":{"rendered":"Unsere Restaurants"},"content":{"rendered":"<h2>Die Kunst der Verschmelzung von Innovation und Inspiration mit der <strong>renommierten romagnolischen Tradition<\/strong> widerspiegelt sich in der Kulinarik.<\/h2>\n<p>Slim-Varianten f\u00fcr untertags, die sich an Ihre Gesch\u00e4ftszeiten anpassen, und Abende, an die man sich gerne erinnert: wir wollen Ihnen den exklusiven Vorzug eines sehr individuellen Stils garantieren, der <strong>g\u00e4nzlich auf die Bed\u00fcrfnisse Ihrer Veranstaltung abgestimmt ist<\/strong>.<br \/>\nUnser Hotel bietet Ihnen 2 Speises\u00e4le zur Auswahl: den Panoramasaal <strong>Sesto Piano Restaurant<\/strong>, f\u00fcr ein Abendessen mit atemberaubenden Blick auf den beleuchteten Jachthafen und den Strand <strong>oder den Saal Libeccio im Hochparterre<\/strong> mit Zugang zur Terrasse und Blick auf die ruhige Strandpromenade. W\u00e4hrend sich die G\u00e4ste in Erwartung des Abendessens unterhalten, werden appetitanregende Aperitifs serviert, die vom K\u00fcchenchef liebevoll zubereitet werden. In der hei\u00dfen Jahreszeit k\u00f6nnen diese <strong>am Meeresufer am Strand Le Palme <\/strong>gegen\u00fcber dem Hotel, oder im <strong>GustaVino, eine elegante Stra\u00dfenbar und Sitz der regionalen \u00d6nothek der Emilia Romagna<\/strong> serviert werden. Das Design dieser <i>Location<\/i>, die sich an der Strandpromenade befindet, ist hervorragend f\u00fcr echt coole Momente geeignet und vermittelt Ihren G\u00e4sten die prickelnde und quirlige Atmosph\u00e4re unserer Stadt.<\/p>\n<p>Zu den einladenden Restaurants des Hotels kommen noch weitere Einrichtungen der Gruppe, und Sie haben nur die Qual der Wahl f\u00fcr Ihren Abend: ein Grillabend unter den Sternen direkt am Meer am Strand Le Palme, ein schmackhaftes Abendessen auf der Grundlage von typischen Gerichten der romagnolischen K\u00fcche, mit hausgemachten Nudeln und gegrilltem Fleisch, mitten in der herzlichen Atmosph\u00e4re eines alten Landhauses in den ersten H\u00fcgeln, in der Locanda Girasoli\u00a0die wir gemeinsam ausw\u00e4hlen werden und dessen hohe Qualit\u00e4t durch das <strong>Service des \u201e&#8220;I Girasoli Catering\u201c<\/strong> unter der Leitung der Leardini Group gew\u00e4hrleistet ist. F\u00fcr gro\u00dfe Events eignet sich der <strong>Park Oltremare, in dem Abendessen f\u00fcr bis zu 1.500 G\u00e4ste organisiert werden k\u00f6nnen<\/strong>.<\/p>\n<h3>ANFRAGE INFORMATIONEN<\/h3>\n<div><\/div>\n","protected":false},"excerpt":{"rendered":"<p>Die Kunst der Verschmelzung von Innovation und Inspiration mit der renommierten romagnolischen Tradition widerspiegelt sich in der Kulinarik. Slim-Varianten f\u00fcr untertags, die sich an Ihre Gesch\u00e4ftszeiten anpassen, und Abende, an die man sich gerne erinnert: wir wollen Ihnen den exklusiven Vorzug eines sehr individuellen Stils garantieren, der g\u00e4nzlich auf die Bed\u00fcrfnisse Ihrer Veranstaltung abgestimmt ist. Unser Hotel bietet Ihnen 2 Speises\u00e4le zur Auswahl: den Panoramasaal Sesto Piano Restaurant, f\u00fcr ein &#8230;<\/p>\n","protected":false},"author":4,"featured_media":0,"parent":0,"menu_order":0,"comment_status":"closed","ping_status":"closed","template":"","meta":{"_acf_changed":false},"class_list":["post-1359","page","type-page","status-publish","hentry"],"acf":[],"_links":{"self":[{"href":"https:\/\/www.hotelmaestrale.com\/de\/wp-json\/wp\/v2\/pages\/1359","targetHints":{"allow":["GET"]}}],"collection":[{"href":"https:\/\/www.hotelmaestrale.com\/de\/wp-json\/wp\/v2\/pages"}],"about":[{"href":"https:\/\/www.hotelmaestrale.com\/de\/wp-json\/wp\/v2\/types\/page"}],"author":[{"embeddable":true,"href":"https:\/\/www.hotelmaestrale.com\/de\/wp-json\/wp\/v2\/users\/4"}],"replies":[{"embeddable":true,"href":"https:\/\/www.hotelmaestrale.com\/de\/wp-json\/wp\/v2\/comments?post=1359"}],"version-history":[{"count":0,"href":"https:\/\/www.hotelmaestrale.com\/de\/wp-json\/wp\/v2\/pages\/1359\/revisions"}],"wp:attachment":[{"href":"https:\/\/www.hotelmaestrale.com\/de\/wp-json\/wp\/v2\/media?parent=1359"}],"curies":[{"name":"wp","href":"https:\/\/api.w.org\/{rel}","templated":true}]}}