{"id":1368,"date":"2020-07-01T15:48:35","date_gmt":"2020-07-01T13:48:35","guid":{"rendered":"https:\/\/www.hotelmaestrale.com\/?page_id=1368"},"modified":"2020-07-01T15:48:35","modified_gmt":"2020-07-01T13:48:35","slug":"die-locanda-i-girasoli","status":"publish","type":"page","link":"https:\/\/www.hotelmaestrale.com\/de\/die-locanda-i-girasoli\/","title":{"rendered":"Die Locanda I Girasoli"},"content":{"rendered":"<h2>Die Locanda I Girasoli ist ein restauriertes Landhaus aus dem 19.<\/h2>\n<p>Jahrhundert auf den ersten H\u00fcgeln des romagnolischen Hinterlands gelegen, mitten in einem sehr gepflegten Garten mit Swimmingpool und Tennispl\u00e4tzen, die unseren G\u00e4sten zur Verf\u00fcgung stehen.<br \/>\nDie Abendessen, die hier f\u00fcr unsere G\u00e4ste organisiert werden, beruhen immer auf ganz frischen, typischen, lokalen Produkten und renommierten Weinen dieser Gegend, wodurch sich die G\u00e4ste vollkommen mit der sie umgebenden Landschaft verbunden f\u00fchlen.<\/p>\n<h3>ANFRAGE INFORMATIONEN<\/h3>\n<div><\/div>\n","protected":false},"excerpt":{"rendered":"<p>Die Locanda I Girasoli ist ein restauriertes Landhaus aus dem 19. Jahrhundert auf den ersten H\u00fcgeln des romagnolischen Hinterlands gelegen, mitten in einem sehr gepflegten Garten mit Swimmingpool und Tennispl\u00e4tzen, die unseren G\u00e4sten zur Verf\u00fcgung stehen. Die Abendessen, die hier f\u00fcr unsere G\u00e4ste organisiert werden, beruhen immer auf ganz frischen, typischen, lokalen Produkten und renommierten Weinen dieser Gegend, wodurch sich die G\u00e4ste vollkommen mit der sie umgebenden Landschaft verbunden f\u00fchlen. &#8230;<\/p>\n","protected":false},"author":4,"featured_media":0,"parent":0,"menu_order":0,"comment_status":"closed","ping_status":"closed","template":"","meta":{"_acf_changed":false},"class_list":["post-1368","page","type-page","status-publish","hentry"],"acf":[],"_links":{"self":[{"href":"https:\/\/www.hotelmaestrale.com\/de\/wp-json\/wp\/v2\/pages\/1368","targetHints":{"allow":["GET"]}}],"collection":[{"href":"https:\/\/www.hotelmaestrale.com\/de\/wp-json\/wp\/v2\/pages"}],"about":[{"href":"https:\/\/www.hotelmaestrale.com\/de\/wp-json\/wp\/v2\/types\/page"}],"author":[{"embeddable":true,"href":"https:\/\/www.hotelmaestrale.com\/de\/wp-json\/wp\/v2\/users\/4"}],"replies":[{"embeddable":true,"href":"https:\/\/www.hotelmaestrale.com\/de\/wp-json\/wp\/v2\/comments?post=1368"}],"version-history":[{"count":0,"href":"https:\/\/www.hotelmaestrale.com\/de\/wp-json\/wp\/v2\/pages\/1368\/revisions"}],"wp:attachment":[{"href":"https:\/\/www.hotelmaestrale.com\/de\/wp-json\/wp\/v2\/media?parent=1368"}],"curies":[{"name":"wp","href":"https:\/\/api.w.org\/{rel}","templated":true}]}}