{"id":1381,"date":"2020-07-01T16:34:44","date_gmt":"2020-07-01T14:34:44","guid":{"rendered":"https:\/\/www.hotelmaestrale.com\/?page_id=1381"},"modified":"2020-07-01T16:34:44","modified_gmt":"2020-07-01T14:34:44","slug":"personalisierte-services","status":"publish","type":"page","link":"https:\/\/www.hotelmaestrale.com\/de\/personalisierte-services\/","title":{"rendered":"Personalisierte Services"},"content":{"rendered":"<p>Sind Sie nicht wie ein &#8222;Solarium&#8220; Urlaub und sonst nichts? Dies ist dann der Vorschlag f\u00fcr Sie! W\u00e4hlen Sie, wie Sie Ihren Aufenthalt an Ihre Interessen anpassen m\u00f6chten, und kaufen Sie das Paket, das Ihnen am besten gef\u00e4llt, um Ihre Tage auf See in den perfekten Urlaub zu verwandeln!<\/p>\n","protected":false},"excerpt":{"rendered":"<p>Sind Sie nicht wie ein &#8222;Solarium&#8220; Urlaub und sonst nichts? Dies ist dann der Vorschlag f\u00fcr Sie! W\u00e4hlen Sie, wie Sie Ihren Aufenthalt an Ihre Interessen anpassen m\u00f6chten, und kaufen Sie das Paket, das Ihnen am besten gef\u00e4llt, um Ihre Tage auf See in den perfekten Urlaub zu verwandeln!<\/p>\n","protected":false},"author":4,"featured_media":0,"parent":0,"menu_order":0,"comment_status":"closed","ping_status":"closed","template":"template\/template.promohotels.php","meta":{"_acf_changed":false},"class_list":["post-1381","page","type-page","status-publish","hentry"],"acf":[],"_links":{"self":[{"href":"https:\/\/www.hotelmaestrale.com\/de\/wp-json\/wp\/v2\/pages\/1381","targetHints":{"allow":["GET"]}}],"collection":[{"href":"https:\/\/www.hotelmaestrale.com\/de\/wp-json\/wp\/v2\/pages"}],"about":[{"href":"https:\/\/www.hotelmaestrale.com\/de\/wp-json\/wp\/v2\/types\/page"}],"author":[{"embeddable":true,"href":"https:\/\/www.hotelmaestrale.com\/de\/wp-json\/wp\/v2\/users\/4"}],"replies":[{"embeddable":true,"href":"https:\/\/www.hotelmaestrale.com\/de\/wp-json\/wp\/v2\/comments?post=1381"}],"version-history":[{"count":0,"href":"https:\/\/www.hotelmaestrale.com\/de\/wp-json\/wp\/v2\/pages\/1381\/revisions"}],"wp:attachment":[{"href":"https:\/\/www.hotelmaestrale.com\/de\/wp-json\/wp\/v2\/media?parent=1381"}],"curies":[{"name":"wp","href":"https:\/\/api.w.org\/{rel}","templated":true}]}}