{"id":3233,"date":"2023-02-28T12:23:28","date_gmt":"2023-02-28T11:23:28","guid":{"rendered":"https:\/\/www.hotelmaestrale.com\/le-nostre-serate-a-tema\/"},"modified":"2026-04-23T13:25:28","modified_gmt":"2026-04-23T11:25:28","slug":"unsere-themenabende","status":"publish","type":"page","link":"https:\/\/www.hotelmaestrale.com\/de\/unsere-themenabende\/","title":{"rendered":"Unsere Themenabende"},"content":{"rendered":"<h2>Romagna Food Experience<\/h2>\n<p><strong>Ne pensez-vous pas que la meilleure fa\u00e7on de d\u00e9couvrir un territoire est \u00e0 travers sa cuisine et ses plats ?<\/strong><\/p>\n<p>Dies ist das Erlebnis, das wir Ihnen bieten m\u00f6chten.<\/p>\n<p>Mit unserem Halbpensions- oder Vollpensionsservice k\u00f6nnen Sie zwischen den Themenabenden Hello Romagna oder Picnic w\u00e4hlen. Diese beiden verschiedenen Vorschl\u00e4ge erm\u00f6glichen es Ihnen, die authentischen Aromen unserer Region, die Fr\u00fcchte ihrer Erde zu entdecken und sie als echter Einheimischer zu erleben, direkt am Meer oder unter jahrhundertealten Olivenb\u00e4umen in einer magischen Atmosph\u00e4re.<\/p>\n<h3><strong>Genie\u00dfen Sie diese Dichtung auf dem Tisch und bewahren Sie ihr Aroma in Ihren Erinnerungen auf.<\/strong><\/h3>\n","protected":false},"excerpt":{"rendered":"<p>Romagna Food Experience Ne pensez-vous pas que la meilleure fa\u00e7on de d\u00e9couvrir un territoire est \u00e0 travers sa cuisine et ses plats ? Dies ist das Erlebnis, das wir Ihnen bieten m\u00f6chten. Mit unserem Halbpensions- oder Vollpensionsservice k\u00f6nnen Sie zwischen den Themenabenden Hello Romagna oder Picnic w\u00e4hlen. Diese beiden verschiedenen Vorschl\u00e4ge erm\u00f6glichen es Ihnen, die authentischen Aromen unserer Region, die Fr\u00fcchte ihrer Erde zu entdecken und sie als echter Einheimischer &#8230;<\/p>\n","protected":false},"author":7,"featured_media":0,"parent":0,"menu_order":0,"comment_status":"closed","ping_status":"closed","template":"","meta":{"_acf_changed":false},"class_list":["post-3233","page","type-page","status-publish","hentry"],"acf":[],"_links":{"self":[{"href":"https:\/\/www.hotelmaestrale.com\/de\/wp-json\/wp\/v2\/pages\/3233","targetHints":{"allow":["GET"]}}],"collection":[{"href":"https:\/\/www.hotelmaestrale.com\/de\/wp-json\/wp\/v2\/pages"}],"about":[{"href":"https:\/\/www.hotelmaestrale.com\/de\/wp-json\/wp\/v2\/types\/page"}],"author":[{"embeddable":true,"href":"https:\/\/www.hotelmaestrale.com\/de\/wp-json\/wp\/v2\/users\/7"}],"replies":[{"embeddable":true,"href":"https:\/\/www.hotelmaestrale.com\/de\/wp-json\/wp\/v2\/comments?post=3233"}],"version-history":[{"count":0,"href":"https:\/\/www.hotelmaestrale.com\/de\/wp-json\/wp\/v2\/pages\/3233\/revisions"}],"wp:attachment":[{"href":"https:\/\/www.hotelmaestrale.com\/de\/wp-json\/wp\/v2\/media?parent=3233"}],"curies":[{"name":"wp","href":"https:\/\/api.w.org\/{rel}","templated":true}]}}