{"id":3721,"date":"2023-03-20T12:22:46","date_gmt":"2023-03-20T11:22:46","guid":{"rendered":"https:\/\/www.hotelmaestrale.com\/casa-riva-suite\/"},"modified":"2025-09-12T10:26:11","modified_gmt":"2025-09-12T08:26:11","slug":"suiten-casa-riva","status":"publish","type":"page","link":"https:\/\/www.hotelmaestrale.com\/de\/suiten-casa-riva\/","title":{"rendered":"Die Suiten von Casa Riva"},"content":{"rendered":"<p>Vergessen Sie das \u00fcbliche Hotel. <strong>Casa Riva ist eine v\u00f6llig neue und andere Art, Riccione zu erleben<\/strong>, inmitten von Design und dem Duft des Meeres, den Sie immer vor Augen haben werden.<\/p>\n<p><strong>Eine kleine Villa mit 4 Einheiten<\/strong>, die noch eingeweiht werden m\u00fcssen, bietet privilegierte R\u00e4ume, in denen die M\u00f6bel, verwendeten Materialien und Details der Inneneinrichtung einen lebenswerten Luxus reflektieren, kostbar, aber immer elegant zur\u00fcckhaltend.<\/p>\n<p>Viel Wei\u00df, um das nat\u00fcrliche Licht zu reflektieren, Holz, um die Atmosph\u00e4re zu erw\u00e4rmen, und Farbtupfer, um jeden Raum zu individualisieren.<\/p>\n<p><strong>Alle Suiten verf\u00fcgen \u00fcber einen privaten Jacuzzi<\/strong>, um den G\u00e4sten absolute Entspannung zu bieten, zu jeder Jahreszeit.<\/p>\n<p>Die N\u00e4he von Casa Riva zum Hotel Maestrale erm\u00f6glicht es den G\u00e4sten, <strong>alle Dienstleistungen des Boutique-Hotels zu genie\u00dfen<\/strong>, vom Fr\u00fchst\u00fcck bis zum Abendessen, das in der sch\u00f6nen Jahreszeit auf der Veranda oder im Garten serviert wird, umgeben von \u00fcppigem Gr\u00fcn am Morgen und dem sternenklaren Himmel an Sommerabenden.<\/p>\n","protected":false},"excerpt":{"rendered":"<p>Vergessen Sie das \u00fcbliche Hotel. Casa Riva ist eine v\u00f6llig neue und andere Art, Riccione zu erleben, inmitten von Design und dem Duft des Meeres, den Sie immer vor Augen haben werden. Eine kleine Villa mit 4 Einheiten, die noch eingeweiht werden m\u00fcssen, bietet privilegierte R\u00e4ume, in denen die M\u00f6bel, verwendeten Materialien und Details der Inneneinrichtung einen lebenswerten Luxus reflektieren, kostbar, aber immer elegant zur\u00fcckhaltend. Viel Wei\u00df, um das nat\u00fcrliche &#8230;<\/p>\n","protected":false},"author":7,"featured_media":4446,"parent":0,"menu_order":0,"comment_status":"closed","ping_status":"closed","template":"","meta":{"_acf_changed":false},"class_list":["post-3721","page","type-page","status-publish","has-post-thumbnail","hentry"],"acf":[],"_links":{"self":[{"href":"https:\/\/www.hotelmaestrale.com\/de\/wp-json\/wp\/v2\/pages\/3721","targetHints":{"allow":["GET"]}}],"collection":[{"href":"https:\/\/www.hotelmaestrale.com\/de\/wp-json\/wp\/v2\/pages"}],"about":[{"href":"https:\/\/www.hotelmaestrale.com\/de\/wp-json\/wp\/v2\/types\/page"}],"author":[{"embeddable":true,"href":"https:\/\/www.hotelmaestrale.com\/de\/wp-json\/wp\/v2\/users\/7"}],"replies":[{"embeddable":true,"href":"https:\/\/www.hotelmaestrale.com\/de\/wp-json\/wp\/v2\/comments?post=3721"}],"version-history":[{"count":0,"href":"https:\/\/www.hotelmaestrale.com\/de\/wp-json\/wp\/v2\/pages\/3721\/revisions"}],"wp:featuredmedia":[{"embeddable":true,"href":"https:\/\/www.hotelmaestrale.com\/de\/wp-json\/wp\/v2\/media\/4446"}],"wp:attachment":[{"href":"https:\/\/www.hotelmaestrale.com\/de\/wp-json\/wp\/v2\/media?parent=3721"}],"curies":[{"name":"wp","href":"https:\/\/api.w.org\/{rel}","templated":true}]}}