{"id":3983,"date":"2023-12-07T10:24:54","date_gmt":"2023-12-07T09:24:54","guid":{"rendered":"https:\/\/www.hotelmaestrale.com\/holiday-experience-gift-voucher\/"},"modified":"2025-10-28T10:32:01","modified_gmt":"2025-10-28T09:32:01","slug":"holiday-experience-gift-voucher","status":"publish","type":"page","link":"https:\/\/www.hotelmaestrale.com\/de\/holiday-experience-gift-voucher\/","title":{"rendered":"Holiday experience &#038; Gift voucher"},"content":{"rendered":"<h2>ZU WEIHNACHTEN \u2013 \u00dcBERRASCHE MIT EINEM GESCHENK, DAS DAS HERZ ERW\u00c4RMT<\/h2>\n<p>Eine <strong>originelle, elegante und immer willkommene<\/strong> Geschenkidee?<br \/>\nNat\u00fcrlich unsere <strong>Gift Voucher<\/strong> \ud83d\ude09<br \/>\nSie schenken <strong>Erlebnisse, keine Gegenst\u00e4nde<\/strong>: unvergessliche Tage, <strong>aufrichtige Aufmerksamkeit<\/strong> und <strong>eine festliche Atmosph\u00e4re<\/strong>.<br \/>\nPerfekt, um geliebte Menschen zu \u00fcberraschen oder sich selbst etwas Gutes zu tun.<\/p>\n<p>Entdecke alle Angebote und lass dich inspirieren.<\/p>\n<table style=\"max-width: 600px; margin: 20px 0; text-align: left; border-collapse: collapse; border: none;\" role=\"presentation\" border=\"0\" cellspacing=\"0\" cellpadding=\"0\">\n<tbody>\n<tr>\n<td style=\"width: 60px; text-align: left; padding: 0 10px 0 0; border: none;\" valign=\"middle\" width=\"60\"><img loading=\"lazy\" decoding=\"async\" style=\"display: block; border: 0; width: 42px; height: auto; margin: 0;\" src=\"https:\/\/www.lungomare.com\/wp-content\/uploads\/2025\/10\/Gift_Flat_Icon_Vector.png\" alt=\"Geschenkgutschein\" width=\"42\" height=\"42\" \/><\/td>\n<td style=\"text-align: left; padding: 0; border: none;\" valign=\"middle\">\n<h2 style=\"font-family: 'Montserrat', sans-serif; font-size: 22px; line-height: 1.4; font-weight: bold; color: #0f0f0f; margin: 0;\">Verwandle deinen Urlaub in ein neues Erlebnis.<\/h2>\n<\/td>\n<\/tr>\n<\/tbody>\n<\/table>\n<p>Reisen kann etwas ganz Besonderes werden \u2013 dank unserer <strong>exklusiven Angebote<\/strong> und <strong>ma\u00dfgeschneiderten Services<\/strong>.<br \/>\n<strong>Erlebe eine echte Holiday Experience<\/strong> mit originellen Inhalten, <strong>hochwertigen Aktivit\u00e4ten<\/strong> und <strong>spannenden Emotionen<\/strong>.<\/p>\n<p><strong>Suchst du ein besonderes Geschenk?<\/strong> <strong>W\u00e4hle einen unserer Gutscheine<\/strong> und verschenke ein unvergessliches Erlebnis \u2013 perfekt f\u00fcr jeden Anlass.<\/p>\n<a href='https:\/\/my.shop.leardinigroup.com\/portal\/de-DE\/shop' class='richiestapreventivo-button' target='_blank'>JETZT KAUFEN  <i class='icon-edt-arrow-right-2'><\/i><\/a>\n","protected":false},"excerpt":{"rendered":"<p>ZU WEIHNACHTEN \u2013 \u00dcBERRASCHE MIT EINEM GESCHENK, DAS DAS HERZ ERW\u00c4RMT Eine originelle, elegante und immer willkommene Geschenkidee? Nat\u00fcrlich unsere Gift Voucher \ud83d\ude09 Sie schenken Erlebnisse, keine Gegenst\u00e4nde: unvergessliche Tage, aufrichtige Aufmerksamkeit und eine festliche Atmosph\u00e4re. Perfekt, um geliebte Menschen zu \u00fcberraschen oder sich selbst etwas Gutes zu tun. Entdecke alle Angebote und lass dich inspirieren. Verwandle deinen Urlaub in ein neues Erlebnis. Reisen kann etwas ganz Besonderes werden \u2013 &#8230;<\/p>\n","protected":false},"author":7,"featured_media":0,"parent":0,"menu_order":0,"comment_status":"closed","ping_status":"closed","template":"","meta":{"_acf_changed":false},"class_list":["post-3983","page","type-page","status-publish","hentry"],"acf":[],"_links":{"self":[{"href":"https:\/\/www.hotelmaestrale.com\/de\/wp-json\/wp\/v2\/pages\/3983","targetHints":{"allow":["GET"]}}],"collection":[{"href":"https:\/\/www.hotelmaestrale.com\/de\/wp-json\/wp\/v2\/pages"}],"about":[{"href":"https:\/\/www.hotelmaestrale.com\/de\/wp-json\/wp\/v2\/types\/page"}],"author":[{"embeddable":true,"href":"https:\/\/www.hotelmaestrale.com\/de\/wp-json\/wp\/v2\/users\/7"}],"replies":[{"embeddable":true,"href":"https:\/\/www.hotelmaestrale.com\/de\/wp-json\/wp\/v2\/comments?post=3983"}],"version-history":[{"count":0,"href":"https:\/\/www.hotelmaestrale.com\/de\/wp-json\/wp\/v2\/pages\/3983\/revisions"}],"wp:attachment":[{"href":"https:\/\/www.hotelmaestrale.com\/de\/wp-json\/wp\/v2\/media?parent=3983"}],"curies":[{"name":"wp","href":"https:\/\/api.w.org\/{rel}","templated":true}]}}