{"id":4022,"date":"2020-02-25T16:37:00","date_gmt":"2020-02-25T15:37:00","guid":{"rendered":"https:\/\/www.hotelmaestrale.com\/regolamento-animali\/"},"modified":"2024-03-04T18:10:06","modified_gmt":"2024-03-04T17:10:06","slug":"die-richtlinien-fuer-vierbeiner","status":"publish","type":"page","link":"https:\/\/www.hotelmaestrale.com\/de\/die-richtlinien-fuer-vierbeiner\/","title":{"rendered":"Die Richtlinien f\u00fcr Vierbeiner"},"content":{"rendered":"<h2>Ihre pelzigen Freunde sind f\u00fcr uns wertvolle G\u00e4ste. Nichts ist sch\u00f6ner, als Ihnen und Ihren Haustieren den notwendigen Raum und die Pflege zu garantieren, damit der Aufenthalt wirklich entspannend wird.<\/h2>\n<p>An der Rezeption stehen Einrichtungen f\u00fcr unsere vierbeinigen Freunde zur Verf\u00fcgung: ein Wassernapf, Futter (auf Anfrage) und n\u00fctzliche Informationen: Auslaufgebiete, Parks, zugelassene haustierfreundliche Str\u00e4nde, Tierarzt rund um die Uhr, tier\u00e4rztliche Notfallversorgung, Pflegedienste, Tiergesch\u00e4fte, Hundesitter und Hundetrainer.<\/p>\n<p>Allen eine sch\u00f6ne Ferienzeit!<\/p>\n<h3><a href=\"https:\/\/www.hotelmaestrale.com\/wp-content\/uploads\/2023\/12\/regolamento_animali_de.pdf\"><strong>ENTDECKEN SIE UNSERE HAUSTIERREGELN &gt;&gt;<\/strong><\/a><\/h3>\n","protected":false},"excerpt":{"rendered":"<p>Ihre pelzigen Freunde sind f\u00fcr uns wertvolle G\u00e4ste. Nichts ist sch\u00f6ner, als Ihnen und Ihren Haustieren den notwendigen Raum und die Pflege zu garantieren, damit der Aufenthalt wirklich entspannend wird. An der Rezeption stehen Einrichtungen f\u00fcr unsere vierbeinigen Freunde zur Verf\u00fcgung: ein Wassernapf, Futter (auf Anfrage) und n\u00fctzliche Informationen: Auslaufgebiete, Parks, zugelassene haustierfreundliche Str\u00e4nde, Tierarzt rund um die Uhr, tier\u00e4rztliche Notfallversorgung, Pflegedienste, Tiergesch\u00e4fte, Hundesitter und Hundetrainer. Allen eine sch\u00f6ne Ferienzeit! &#8230;<\/p>\n","protected":false},"author":1,"featured_media":0,"parent":0,"menu_order":0,"comment_status":"closed","ping_status":"closed","template":"","meta":{"_acf_changed":false},"class_list":["post-4022","page","type-page","status-publish","hentry"],"acf":[],"_links":{"self":[{"href":"https:\/\/www.hotelmaestrale.com\/de\/wp-json\/wp\/v2\/pages\/4022","targetHints":{"allow":["GET"]}}],"collection":[{"href":"https:\/\/www.hotelmaestrale.com\/de\/wp-json\/wp\/v2\/pages"}],"about":[{"href":"https:\/\/www.hotelmaestrale.com\/de\/wp-json\/wp\/v2\/types\/page"}],"author":[{"embeddable":true,"href":"https:\/\/www.hotelmaestrale.com\/de\/wp-json\/wp\/v2\/users\/1"}],"replies":[{"embeddable":true,"href":"https:\/\/www.hotelmaestrale.com\/de\/wp-json\/wp\/v2\/comments?post=4022"}],"version-history":[{"count":0,"href":"https:\/\/www.hotelmaestrale.com\/de\/wp-json\/wp\/v2\/pages\/4022\/revisions"}],"wp:attachment":[{"href":"https:\/\/www.hotelmaestrale.com\/de\/wp-json\/wp\/v2\/media?parent=4022"}],"curies":[{"name":"wp","href":"https:\/\/api.w.org\/{rel}","templated":true}]}}