{"id":7945,"date":"2026-02-12T11:16:43","date_gmt":"2026-02-12T10:16:43","guid":{"rendered":"https:\/\/www.lungomare.com\/la-tua-vacanza-protetta-dal-nostro-partner-care4you\/"},"modified":"2026-02-17T11:36:40","modified_gmt":"2026-02-17T10:36:40","slug":"ihr-urlaub-geschuetzt-durch-unseren-partner-care4uhotel","status":"publish","type":"page","link":"https:\/\/www.hotelmaestrale.com\/de\/ihr-urlaub-geschuetzt-durch-unseren-partner-care4uhotel\/","title":{"rendered":"Ihr Urlaub gesch\u00fctzt durch unseren Partner Care4uhotel"},"content":{"rendered":"<p>Im Voraus zu buchen ist immer ein sch\u00f6nes Gef\u00fchl\u2026 doch manchmal k\u00f6nnen sich Pl\u00e4ne \u00e4ndern.<br \/>\nEin unvorhergesehenes Ereignis, ein gesundheitliches Problem, ein Unfall oder eine pl\u00f6tzliche Verpflichtung k\u00f6nnen Sie dazu zwingen,<br \/>\n<strong>Ihren Urlaub zu \u00e4ndern oder zu stornieren<\/strong>.<\/p>\n<p>Deshalb k\u00f6nnen Sie die <strong>Care4uhotel-Versicherung<\/strong> w\u00e4hlen, die Ihren Aufenthalt sch\u00fctzt<br \/>\nim Falle einer Stornierung aufgrund von:<\/p>\n<ul>\n<li><strong>Krankheit oder Unfall<\/strong><\/li>\n<li><strong>Trauerfall in der Familie<\/strong><\/li>\n<li><strong>Schwangerschaft<\/strong><\/li>\n<li><strong>Vorladung als Geschworener oder Zeuge<\/strong><\/li>\n<li><strong>Verkehrsunfall<\/strong><\/li>\n<li><strong>Arbeitsplatzverlust<\/strong><\/li>\n<li><strong>Versp\u00e4tete Anreise<\/strong><\/li>\n<li><strong>Sch\u00e4den an Ihrer Wohnung<\/strong><\/li>\n<li><strong>Au\u00dfergew\u00f6hnliche Naturereignisse<\/strong><\/li>\n<\/ul>\n<p>So k\u00f6nnen Sie Ihren Urlaub mit <strong>mehr Gelassenheit<\/strong> planen,<br \/>\nin dem Wissen, im Falle unvorhergesehener Ereignisse gesch\u00fctzt zu sein.<\/p>\n<p><strong>Buchen Sie mit voller Sicherheit<\/strong>\u2026 und denken Sie nur noch daran, Ihren Aufenthalt zu genie\u00dfen.<\/p>\n<h3><a href=\"https:\/\/www.care4uhotel.com\/de\/\" target=\"_blank\" rel=\"noopener\">MEHR ERFAHREN &gt;&gt;<\/a><\/h3>\n<p><a href=\"https:\/\/www.care4uhotel.com\/de\/\"><img loading=\"lazy\" decoding=\"async\" class=\"alignnone wp-image-7917 size-full\" src=\"https:\/\/www.hotelmaestrale.com\/wp-content\/uploads\/2026\/02\/66e829791609b95124ad9102.png\" alt=\"\" width=\"2142\" height=\"280\" data-big-size=\"2142x280\" \/><\/a><\/p>\n","protected":false},"excerpt":{"rendered":"<p>Im Voraus zu buchen ist immer ein sch\u00f6nes Gef\u00fchl\u2026 doch manchmal k\u00f6nnen sich Pl\u00e4ne \u00e4ndern. Ein unvorhergesehenes Ereignis, ein gesundheitliches Problem, ein Unfall oder eine pl\u00f6tzliche Verpflichtung k\u00f6nnen Sie dazu zwingen, Ihren Urlaub zu \u00e4ndern oder zu stornieren. Deshalb k\u00f6nnen Sie die Care4uhotel-Versicherung w\u00e4hlen, die Ihren Aufenthalt sch\u00fctzt im Falle einer Stornierung aufgrund von: Krankheit oder Unfall Trauerfall in der Familie Schwangerschaft Vorladung als Geschworener oder Zeuge Verkehrsunfall Arbeitsplatzverlust Versp\u00e4tete &#8230;<\/p>\n","protected":false},"author":7,"featured_media":0,"parent":0,"menu_order":0,"comment_status":"closed","ping_status":"closed","template":"","meta":{"_acf_changed":false},"class_list":["post-7945","page","type-page","status-publish","hentry"],"acf":[],"_links":{"self":[{"href":"https:\/\/www.hotelmaestrale.com\/de\/wp-json\/wp\/v2\/pages\/7945","targetHints":{"allow":["GET"]}}],"collection":[{"href":"https:\/\/www.hotelmaestrale.com\/de\/wp-json\/wp\/v2\/pages"}],"about":[{"href":"https:\/\/www.hotelmaestrale.com\/de\/wp-json\/wp\/v2\/types\/page"}],"author":[{"embeddable":true,"href":"https:\/\/www.hotelmaestrale.com\/de\/wp-json\/wp\/v2\/users\/7"}],"replies":[{"embeddable":true,"href":"https:\/\/www.hotelmaestrale.com\/de\/wp-json\/wp\/v2\/comments?post=7945"}],"version-history":[{"count":0,"href":"https:\/\/www.hotelmaestrale.com\/de\/wp-json\/wp\/v2\/pages\/7945\/revisions"}],"wp:attachment":[{"href":"https:\/\/www.hotelmaestrale.com\/de\/wp-json\/wp\/v2\/media?parent=7945"}],"curies":[{"name":"wp","href":"https:\/\/api.w.org\/{rel}","templated":true}]}}