{"id":1151,"date":"2020-06-26T17:24:50","date_gmt":"2020-06-26T15:24:50","guid":{"rendered":"https:\/\/www.hotelmaestrale.com\/?page_id=1151"},"modified":"2023-12-19T12:15:14","modified_gmt":"2023-12-19T11:15:14","slug":"palais-des-congres-riccione-palariccione","status":"publish","type":"page","link":"https:\/\/www.hotelmaestrale.com\/fr\/palais-des-congres-riccione-palariccione\/","title":{"rendered":"Palais des Congr\u00e8s Riccione &#8211; PalaRiccione"},"content":{"rendered":"<p>Si vous pensez \u00e0 un d\u00e9placement professionnel confortable, vous imaginez s\u00fbrement pouvoir vous d\u00e9placer \u00e0 pied, atteindre votre destination en 3 minutes, et b\u00e9n\u00e9ficier d&rsquo;un h\u00f4tel qui vous accueille avec une \u00e9l\u00e9gance intime et une atmosph\u00e8re agr\u00e9ablement chaleureuse pour vos moments de d\u00e9tente. Nous pouvons vous garantir toutes ces choses, avec en plus une v\u00e9randa en plein air entour\u00e9e de verdure pour d\u00e9jeuner pendant la belle saison et un grenier depuis lequel admirer la mer d\u00e8s votre r\u00e9veil. Parfois, le travail peut se transformer en plaisir ! \ud83d\ude09<\/p>\n<h3>Congr\u00e8s et conventions au centre de Riccione<\/h3>\n<p>Un nouveau style de congr\u00e8s, <strong>de technologie<\/strong>, <strong>de design et d&rsquo;innovation<\/strong> pour ce cam\u00e9l\u00e9on aux mille couleurs qui se dresse aux c\u00f4t\u00e9s du c\u00e9l\u00e8bre <strong>Viale Ceccarini, au c\u0153ur de Riccione, \u00e0 seulement 400 m\u00e8tres de notre h\u00f4tel<\/strong>. Cinq salles de conf\u00e9rence, r\u00e9parties sur deux niveaux, d\u00e9di\u00e9es aux femmes les plus repr\u00e9sentatives de la Signoria dei Malatesta, de nombreux espaces adaptables, un auditorium pour 2000 personnes et une sc\u00e8ne adapt\u00e9e aux repr\u00e9sentations th\u00e9\u00e2trales.<\/p>\n<h3>Palariccione et nos services : quoi d&rsquo;autre ?<\/h3>\n<p>Quand on parle de proximit\u00e9 \u00e0 pied, c&rsquo;est exactement ce que cela signifie. Pas de voitures ni de parking, mais se d\u00e9placer \u00e0 pied, en toute libert\u00e9, et pouvoir atteindre le lieu de la convention en quelques minutes, d\u00e9couvrant de nouveaux aper\u00e7us de la ville. Ici, vous vivrez le c\u0153ur de Riccione, <strong>la splendide promenade o\u00f9 vous pourrez vous ressourcer apr\u00e8s le travail<\/strong>, faire du shopping dans les boutiques raffin\u00e9es des principales rues, prendre <strong>l&rsquo;ap\u00e9ritif<\/strong> parmi les brasseries et les bars \u00e0 cocktails, et savourer la cuisine unique de la Romagne. Tout au long de l&rsquo;ann\u00e9e, car Riccione offre du plaisir et de l&rsquo;animation m\u00eame lorsque la belle saison se termine.<\/p>\n<p>Retourner \u00e0 l&rsquo;h\u00f4tel signifiera se d\u00e9tendre dans un espace m\u00e9ticuleusement am\u00e9nag\u00e9, \u00e0 proximit\u00e9 de la vie nocturne la plus authentique, mais paisible et \u00e9l\u00e9gant. Ensuite, des petits-d\u00e9jeuners dans le cadre verdoyant de notre jardin en \u00e9t\u00e9, des d\u00eeners avec un barbecue visible et des menus \u00e0 la carte, ainsi qu&rsquo;une fabuleuse plage priv\u00e9e si vous souhaitez vous offrir un bain de soleil ou un cocktail au coucher du soleil au bar de plage.<\/p>\n","protected":false},"excerpt":{"rendered":"<p>Si vous pensez \u00e0 un d\u00e9placement professionnel confortable, vous imaginez s\u00fbrement pouvoir vous d\u00e9placer \u00e0 pied, atteindre votre destination en 3 minutes, et b\u00e9n\u00e9ficier d&rsquo;un h\u00f4tel qui vous accueille avec une \u00e9l\u00e9gance intime et une atmosph\u00e8re agr\u00e9ablement chaleureuse pour vos moments de d\u00e9tente. Nous pouvons vous garantir toutes ces choses, avec en plus une v\u00e9randa en plein air entour\u00e9e de verdure pour d\u00e9jeuner pendant la belle saison et un grenier &#8230;<\/p>\n","protected":false},"author":4,"featured_media":2577,"parent":0,"menu_order":0,"comment_status":"closed","ping_status":"closed","template":"template\/template.offerta.php","meta":{"_acf_changed":false},"class_list":["post-1151","page","type-page","status-publish","has-post-thumbnail","hentry"],"acf":[],"_links":{"self":[{"href":"https:\/\/www.hotelmaestrale.com\/fr\/wp-json\/wp\/v2\/pages\/1151","targetHints":{"allow":["GET"]}}],"collection":[{"href":"https:\/\/www.hotelmaestrale.com\/fr\/wp-json\/wp\/v2\/pages"}],"about":[{"href":"https:\/\/www.hotelmaestrale.com\/fr\/wp-json\/wp\/v2\/types\/page"}],"author":[{"embeddable":true,"href":"https:\/\/www.hotelmaestrale.com\/fr\/wp-json\/wp\/v2\/users\/4"}],"replies":[{"embeddable":true,"href":"https:\/\/www.hotelmaestrale.com\/fr\/wp-json\/wp\/v2\/comments?post=1151"}],"version-history":[{"count":0,"href":"https:\/\/www.hotelmaestrale.com\/fr\/wp-json\/wp\/v2\/pages\/1151\/revisions"}],"wp:featuredmedia":[{"embeddable":true,"href":"https:\/\/www.hotelmaestrale.com\/fr\/wp-json\/wp\/v2\/media\/2577"}],"wp:attachment":[{"href":"https:\/\/www.hotelmaestrale.com\/fr\/wp-json\/wp\/v2\/media?parent=1151"}],"curies":[{"name":"wp","href":"https:\/\/api.w.org\/{rel}","templated":true}]}}