{"id":1164,"date":"2020-06-30T09:10:23","date_gmt":"2020-06-30T07:10:23","guid":{"rendered":"https:\/\/www.hotelmaestrale.com\/?page_id=1164"},"modified":"2023-12-19T12:13:20","modified_gmt":"2023-12-19T11:13:20","slug":"vacances-avec-la-famille","status":"publish","type":"page","link":"https:\/\/www.hotelmaestrale.com\/fr\/vacances-avec-la-famille\/","title":{"rendered":"Vacances avec la famille"},"content":{"rendered":"<h2 align=\"JUSTIFY\"><span lang=\"fr-FR\">P<\/span><span lang=\"fr-FR\">our les familles avec des jeunes enfants, le <\/span><span lang=\"fr-FR\"><b>Suite Hotel Maestrale<\/b><\/span><span lang=\"fr-FR\"> repr\u00e9sente une structure d\u2019excellence pour un s\u00e9jour de qualit\u00e9,<\/span><\/h2>\n<p>avec les meilleurs conforts et les paquets tout compris, dans une structure \u00e9l\u00e9gante et accueillante <span lang=\"fr-FR\">au c\u0153ur de Riccione<\/span><span lang=\"fr-FR\">. La famille d\u00e9sirant conserver son <\/span><span lang=\"fr-FR\"><i>intimit\u00e9 <\/i><\/span><span lang=\"fr-FR\">peut b\u00e9n\u00e9ficier <\/span><span lang=\"fr-FR\"><b>des lits, petits lits ou berceaux et de la<\/b><\/span><b> <\/b><span lang=\"fr-FR\"><i><b>family room<\/b><\/i><\/span><span lang=\"fr-FR\"><b> avec des pi\u00e8ces communicantes <\/b><\/span><span lang=\"fr-FR\">; notre exclusivit\u00e9 pour les familles sont les luxueuses <\/span><span lang=\"fr-FR\"><i>suites<\/i><\/span><span lang=\"fr-FR\"> avec chambre matrimoniale et salon, divan lit matrimonial ou d\u2019une place et demi et kitchenette, qui permet de reconstruire l&rsquo;intimit\u00e9 et l&rsquo;autonomie de chez soi.<\/span><\/p>\n<p align=\"JUSTIFY\"><span lang=\"fr-FR\">Les<\/span> <span lang=\"fr-FR\">services <\/span><span lang=\"fr-FR\">int\u00e9ressants dans la chambre sont la<\/span><span lang=\"fr-FR\"><b> Tv avec sky<\/b><\/span><span lang=\"fr-FR\">, internet sans fil gratuit dans toute la structure (h\u00f4tel et plage priv\u00e9e) et le miniclub avec baby-sitter et animation fonctionnant \u00e0 la plage et \u00e0 l\u2019h\u00f4tel, toujours ouvert \u00e0 l\u2019heure des repas. Vous trouverez \u00e0 la <\/span><b><\/b><span lang=\"fr-FR\">plage priv\u00e9e<\/span><b> <\/b><span lang=\"fr-FR\">du Suite Hotel Maestrale, \u00e0 part le<\/span><span lang=\"fr-FR\"><b> miniclub et le parc de jeux<\/b><\/span><span lang=\"fr-FR\">, deux piscines, une pour les adultes et l\u2019autre pour les enfants.<\/span><\/p>\n<p align=\"JUSTIFY\"><span lang=\"fr-FR\">En plus des<\/span><span lang=\"fr-FR\"> parasols et des tentes, vous trouverez des tentes suites qui, meubl\u00e9es comme un \u00e9l\u00e9gant salon, sont indiqu\u00e9es pour les familles nombreuses. Les visites, avec la <\/span><span lang=\"fr-FR\"><b>navette priv\u00e9e et billet vendu \u00e0 l\u2019h\u00f4tel<\/b><\/span><span lang=\"fr-FR\">, aux nombreux parcs de la zone ou \u00e0 notre country club sur les proches collines de Riccione (avec piscine, parc de jeux pour les enfants, terrain de tennis et de football), constituent d\u2019autres services exclusifs de notre h\u00f4tel, tr\u00e8s appr\u00e9ci\u00e9s par les familles. <\/span><span lang=\"fr-FR\"><b>L&rsquo;h\u00f4tel offre des remises li\u00e9es au nombre et \u00e0 l\u2019\u00e2ge des enfants et diff\u00e9rents paquets famille tout compris <\/b><\/span><span lang=\"fr-FR\">informations!<\/span><\/p>\n","protected":false},"excerpt":{"rendered":"<p>Pour les familles avec des jeunes enfants, le Suite Hotel Maestrale repr\u00e9sente une structure d\u2019excellence pour un s\u00e9jour de qualit\u00e9, avec les meilleurs conforts et les paquets tout compris, dans une structure \u00e9l\u00e9gante et accueillante au c\u0153ur de Riccione. La famille d\u00e9sirant conserver son intimit\u00e9 peut b\u00e9n\u00e9ficier des lits, petits lits ou berceaux et de la family room avec des pi\u00e8ces communicantes ; notre exclusivit\u00e9 pour les familles sont les &#8230;<\/p>\n","protected":false},"author":4,"featured_media":0,"parent":0,"menu_order":0,"comment_status":"closed","ping_status":"closed","template":"","meta":{"_acf_changed":false},"class_list":["post-1164","page","type-page","status-publish","hentry"],"acf":[],"_links":{"self":[{"href":"https:\/\/www.hotelmaestrale.com\/fr\/wp-json\/wp\/v2\/pages\/1164","targetHints":{"allow":["GET"]}}],"collection":[{"href":"https:\/\/www.hotelmaestrale.com\/fr\/wp-json\/wp\/v2\/pages"}],"about":[{"href":"https:\/\/www.hotelmaestrale.com\/fr\/wp-json\/wp\/v2\/types\/page"}],"author":[{"embeddable":true,"href":"https:\/\/www.hotelmaestrale.com\/fr\/wp-json\/wp\/v2\/users\/4"}],"replies":[{"embeddable":true,"href":"https:\/\/www.hotelmaestrale.com\/fr\/wp-json\/wp\/v2\/comments?post=1164"}],"version-history":[{"count":0,"href":"https:\/\/www.hotelmaestrale.com\/fr\/wp-json\/wp\/v2\/pages\/1164\/revisions"}],"wp:attachment":[{"href":"https:\/\/www.hotelmaestrale.com\/fr\/wp-json\/wp\/v2\/media?parent=1164"}],"curies":[{"name":"wp","href":"https:\/\/api.w.org\/{rel}","templated":true}]}}