{"id":1169,"date":"2020-06-30T09:17:38","date_gmt":"2020-06-30T07:17:38","guid":{"rendered":"https:\/\/www.hotelmaestrale.com\/?page_id=1169"},"modified":"2020-06-30T09:17:38","modified_gmt":"2020-06-30T07:17:38","slug":"type-de-sejours","status":"publish","type":"page","link":"https:\/\/www.hotelmaestrale.com\/fr\/type-de-sejours\/","title":{"rendered":"Type de S\u00e9jours"},"content":{"rendered":"<p style=\"clear: both;\"><b>S\u00e9jour Maestrale<\/b>: si vous choisissez ce type de s\u00e9jour, vous logerez dans l\u2019une des meilleures chambres climatis\u00e9e et tout confort de l\u2019h\u00f4tel avec: LCD TV 21 pouces, Sky TV, Wi-Fi, Minibar, \u00a0s\u00e8che-cheveux, t\u00e9l\u00e9phone direct, coffre-fort.<\/p>\n<p><b>Dimension (17 m\u00b2)<\/b><\/p>\n<p style=\"clear: both;\"><b>Avez-vous choisi le top de vos vacances?<\/b> Alors nous sommes heureux de vous faire quelques cadeaux et de vous offrir:<\/p>\n<ul>\n<li>toutes les boissons du minibar<\/li>\n<li>un \u00e9v\u00e9nement sky (film ou sport) par jour<\/li>\n<li>un service\u00a0de votre\u00a0choix entre vin mousseux\u00a0et fruits\u00a0(ou chocolats)\u00a0dans votre\u00a0chambre ou bien\u00a0un ap\u00e9ritf\u00a0au bar\u00a0 \u00e0 l&rsquo;arriv\u00e9e<\/li>\n<li>l<span lang=\"EN-US\">a caf\u00e9t\u00e9ria et les boissons sans alcool au bar <\/span><\/li>\n<li>peignoir<\/li>\n<li>un journal italien tous les matins<\/li>\n<li>parking ou garage<\/li>\n<li>une tente ou un parasol avec deux chaises longues dans notre \u00e9l\u00e9gante plage <b>Le Palme Beach 88\/89<\/b><\/li>\n<\/ul>\n<p><b>D\u00e9couvrez les autres types de s\u00e9jours <\/b>(Cliquez sur les noms pour voir les d\u00e9tails de chambres et de services d\u00e9di\u00e9s):<\/p>\n<table class=\"tabella-camere\" width=\"100%\" cellspacing=\"0\" cellpadding=\"0\" bgcolor=\"#fdfdff\">\n<tbody>\n<tr>\n<th><\/th>\n<th><\/th>\n<th><a href=\"https:\/\/www.hotelmaestrale.com\/fr\/s%C3%A3%C2%A9jour-classic_112.html\"><img decoding=\"async\" src=\"https:\/\/www.hotelmaestrale.com\/public\/camere\/new\/tabella-classic.gif\" alt=\"\" \/><\/a><\/th>\n<th><\/th>\n<th><a href=\"https:\/\/www.hotelmaestrale.com\/fr\/s%C3%A3%C2%A9jour-exclusive_111.html\"><img loading=\"lazy\" decoding=\"async\" src=\"https:\/\/www.hotelmaestrale.com\/public\/camere\/new\/tabella-exclusive.gif\" alt=\"\" width=\"71\" height=\"25\" \/><\/a><\/th>\n<th><\/th>\n<th><a href=\"https:\/\/www.hotelmaestrale.com\/fr\/s%C3%A3%C2%A9jour-charming_113.html\"><img loading=\"lazy\" decoding=\"async\" src=\"https:\/\/www.hotelmaestrale.com\/public\/camere\/new\/tabella-charming.gif\" alt=\"\" width=\"75\" height=\"25\" \/><\/a><\/th>\n<th><\/th>\n<th><a href=\"https:\/\/www.hotelmaestrale.com\/fr\/type-de-s%C3%A3%C2%A9jours_110.html\"><img loading=\"lazy\" decoding=\"async\" src=\"https:\/\/www.hotelmaestrale.com\/public\/camere\/new\/tabella-maestrale.gif\" alt=\"\" width=\"84\" height=\"25\" \/><\/a><\/th>\n<th><\/th>\n<th><a href=\"https:\/\/www.hotelmaestrale.com\/fr\/la-junior-suite_203.html\"><img loading=\"lazy\" decoding=\"async\" src=\"https:\/\/www.hotelmaestrale.com\/public\/camere\/new\/tabella-juniorsuite.gif\" alt=\"\" width=\"80\" height=\"25\" \/><\/a><\/th>\n<th><\/th>\n<th><a href=\"https:\/\/www.hotelmaestrale.com\/fr\/la-suite-attico_204.html\"><img loading=\"lazy\" decoding=\"async\" src=\"https:\/\/www.hotelmaestrale.com\/public\/camere\/new\/tabella-suiteattico.gif\" alt=\"\" width=\"76\" height=\"25\" \/><\/a><\/th>\n<th><\/th>\n<\/tr>\n<tr>\n<td style=\"text-align: left;\">un \u00e9v\u00e9nement sky (film ou sport) par jour<\/td>\n<td><img loading=\"lazy\" decoding=\"async\" src=\"https:\/\/www.hotelmaestrale.com\/public\/camere\/new\/spacervert-3.gif\" alt=\"\" width=\"5\" height=\"25\" \/><\/td>\n<td><\/td>\n<td><img loading=\"lazy\" decoding=\"async\" src=\"https:\/\/www.hotelmaestrale.com\/public\/camere\/new\/spacervert-3.gif\" alt=\"\" width=\"5\" height=\"25\" \/><\/td>\n<td><\/td>\n<td><img loading=\"lazy\" decoding=\"async\" src=\"https:\/\/www.hotelmaestrale.com\/public\/camere\/new\/spacervert-3.gif\" alt=\"\" width=\"5\" height=\"25\" \/><\/td>\n<td><\/td>\n<td><img loading=\"lazy\" decoding=\"async\" src=\"https:\/\/www.hotelmaestrale.com\/public\/camere\/new\/spacervert-3.gif\" alt=\"\" width=\"5\" height=\"25\" \/><\/td>\n<td class=\"evidenziatore\">\u00a0<img loading=\"lazy\" decoding=\"async\" src=\"https:\/\/www.hotelmaestrale.com\/public\/camere\/new\/arrow.gif\" alt=\"\" width=\"15\" height=\"13\" \/><\/td>\n<td><img loading=\"lazy\" decoding=\"async\" src=\"https:\/\/www.hotelmaestrale.com\/public\/camere\/new\/spacervert-3.gif\" alt=\"\" width=\"5\" height=\"25\" \/><\/td>\n<td>\u00a0<img loading=\"lazy\" decoding=\"async\" src=\"https:\/\/www.hotelmaestrale.com\/public\/camere\/new\/arrow.gif\" alt=\"\" width=\"15\" height=\"13\" \/><\/td>\n<td><img loading=\"lazy\" decoding=\"async\" src=\"https:\/\/www.hotelmaestrale.com\/public\/camere\/new\/spacervert-3.gif\" alt=\"\" width=\"5\" height=\"25\" \/><\/td>\n<td><img loading=\"lazy\" decoding=\"async\" src=\"https:\/\/www.hotelmaestrale.com\/public\/camere\/new\/arrow.gif\" alt=\"\" width=\"15\" height=\"13\" \/><\/td>\n<td><img loading=\"lazy\" decoding=\"async\" src=\"https:\/\/www.hotelmaestrale.com\/public\/camere\/new\/spacervert-3.gif\" alt=\"\" width=\"5\" height=\"25\" \/><\/td>\n<\/tr>\n<tr>\n<td style=\"text-align: left;\">toutes les boissons du minibar<\/td>\n<td><img loading=\"lazy\" decoding=\"async\" src=\"https:\/\/www.hotelmaestrale.com\/public\/camere\/new\/spacervert-3.gif\" alt=\"\" width=\"5\" height=\"25\" \/><\/td>\n<td><\/td>\n<td><img loading=\"lazy\" decoding=\"async\" src=\"https:\/\/www.hotelmaestrale.com\/public\/camere\/new\/spacervert-3.gif\" alt=\"\" width=\"5\" height=\"25\" \/><\/td>\n<td><\/td>\n<td><img loading=\"lazy\" decoding=\"async\" src=\"https:\/\/www.hotelmaestrale.com\/public\/camere\/new\/spacervert-3.gif\" alt=\"\" width=\"5\" height=\"25\" \/><\/td>\n<td>\u00a0<img loading=\"lazy\" decoding=\"async\" src=\"https:\/\/www.hotelmaestrale.com\/public\/camere\/new\/arrow.gif\" alt=\"\" width=\"15\" height=\"13\" \/><\/td>\n<td><img loading=\"lazy\" decoding=\"async\" src=\"https:\/\/www.hotelmaestrale.com\/public\/camere\/new\/spacervert-3.gif\" alt=\"\" width=\"5\" height=\"25\" \/><\/td>\n<td class=\"evidenziatore\">\u00a0<img loading=\"lazy\" decoding=\"async\" src=\"https:\/\/www.hotelmaestrale.com\/public\/camere\/new\/arrow.gif\" alt=\"\" width=\"15\" height=\"13\" \/><\/td>\n<td><img loading=\"lazy\" decoding=\"async\" src=\"https:\/\/www.hotelmaestrale.com\/public\/camere\/new\/spacervert-3.gif\" alt=\"\" width=\"5\" height=\"25\" \/><\/td>\n<td><img loading=\"lazy\" decoding=\"async\" src=\"https:\/\/www.hotelmaestrale.com\/public\/camere\/new\/arrow.gif\" alt=\"\" width=\"15\" height=\"13\" \/><\/td>\n<td><img loading=\"lazy\" decoding=\"async\" src=\"https:\/\/www.hotelmaestrale.com\/public\/camere\/new\/spacervert-3.gif\" alt=\"\" width=\"5\" height=\"25\" \/><\/td>\n<td><img loading=\"lazy\" decoding=\"async\" src=\"https:\/\/www.hotelmaestrale.com\/public\/camere\/new\/arrow.gif\" alt=\"\" width=\"15\" height=\"13\" \/><\/td>\n<td><img loading=\"lazy\" decoding=\"async\" src=\"https:\/\/www.hotelmaestrale.com\/public\/camere\/new\/spacervert-3.gif\" alt=\"\" width=\"5\" height=\"25\" \/><\/td>\n<\/tr>\n<tr>\n<td style=\"text-align: left;\">L&rsquo;eau dans le minibar<\/td>\n<td><img loading=\"lazy\" decoding=\"async\" src=\"https:\/\/www.hotelmaestrale.com\/public\/camere\/new\/spacervert-3.gif\" alt=\"\" width=\"5\" height=\"25\" \/><\/td>\n<td><\/td>\n<td><img loading=\"lazy\" decoding=\"async\" src=\"https:\/\/www.hotelmaestrale.com\/public\/camere\/new\/spacervert-3.gif\" alt=\"\" width=\"5\" height=\"25\" \/><\/td>\n<td>\u00a0<img loading=\"lazy\" decoding=\"async\" src=\"https:\/\/www.hotelmaestrale.com\/public\/camere\/new\/arrow.gif\" alt=\"\" width=\"15\" height=\"13\" \/><\/td>\n<td><img loading=\"lazy\" decoding=\"async\" src=\"https:\/\/www.hotelmaestrale.com\/public\/camere\/new\/spacervert-3.gif\" alt=\"\" width=\"5\" height=\"25\" \/><\/td>\n<td>\u00a0<img loading=\"lazy\" decoding=\"async\" src=\"https:\/\/www.hotelmaestrale.com\/public\/camere\/new\/arrow.gif\" alt=\"\" width=\"15\" height=\"13\" \/><\/td>\n<td><img loading=\"lazy\" decoding=\"async\" src=\"https:\/\/www.hotelmaestrale.com\/public\/camere\/new\/spacervert-3.gif\" alt=\"\" width=\"5\" height=\"25\" \/><\/td>\n<td class=\"evidenziatore\">\u00a0<img loading=\"lazy\" decoding=\"async\" src=\"https:\/\/www.hotelmaestrale.com\/public\/camere\/new\/arrow.gif\" alt=\"\" width=\"15\" height=\"13\" \/><\/td>\n<td><img loading=\"lazy\" decoding=\"async\" src=\"https:\/\/www.hotelmaestrale.com\/public\/camere\/new\/spacervert-3.gif\" alt=\"\" width=\"5\" height=\"25\" \/><\/td>\n<td>\u00a0<img loading=\"lazy\" decoding=\"async\" src=\"https:\/\/www.hotelmaestrale.com\/public\/camere\/new\/arrow.gif\" alt=\"\" width=\"15\" height=\"13\" \/><\/td>\n<td><img loading=\"lazy\" decoding=\"async\" src=\"https:\/\/www.hotelmaestrale.com\/public\/camere\/new\/spacervert-3.gif\" alt=\"\" width=\"5\" height=\"25\" \/><\/td>\n<td>\u00a0<img loading=\"lazy\" decoding=\"async\" src=\"https:\/\/www.hotelmaestrale.com\/public\/camere\/new\/arrow.gif\" alt=\"\" width=\"15\" height=\"13\" \/><\/td>\n<td><img loading=\"lazy\" decoding=\"async\" src=\"https:\/\/www.hotelmaestrale.com\/public\/camere\/new\/spacervert-3.gif\" alt=\"\" width=\"5\" height=\"25\" \/><\/td>\n<\/tr>\n<tr>\n<td style=\"text-align: left;\">un journal italien le matin<\/td>\n<td><img loading=\"lazy\" decoding=\"async\" src=\"https:\/\/www.hotelmaestrale.com\/public\/camere\/new\/spacervert-3.gif\" alt=\"\" width=\"5\" height=\"25\" \/><\/td>\n<td><\/td>\n<td><img loading=\"lazy\" decoding=\"async\" src=\"https:\/\/www.hotelmaestrale.com\/public\/camere\/new\/spacervert-3.gif\" alt=\"\" width=\"5\" height=\"25\" \/><\/td>\n<td><\/td>\n<td><img loading=\"lazy\" decoding=\"async\" src=\"https:\/\/www.hotelmaestrale.com\/public\/camere\/new\/spacervert-3.gif\" alt=\"\" width=\"5\" height=\"25\" \/><\/td>\n<td>\u00a0<img loading=\"lazy\" decoding=\"async\" src=\"https:\/\/www.hotelmaestrale.com\/public\/camere\/new\/arrow.gif\" alt=\"\" width=\"15\" height=\"13\" \/><\/td>\n<td><img loading=\"lazy\" decoding=\"async\" src=\"https:\/\/www.hotelmaestrale.com\/public\/camere\/new\/spacervert-3.gif\" alt=\"\" width=\"5\" height=\"25\" \/><\/td>\n<td class=\"evidenziatore\">\u00a0<img loading=\"lazy\" decoding=\"async\" src=\"https:\/\/www.hotelmaestrale.com\/public\/camere\/new\/arrow.gif\" alt=\"\" width=\"15\" height=\"13\" \/><\/td>\n<td><img loading=\"lazy\" decoding=\"async\" src=\"https:\/\/www.hotelmaestrale.com\/public\/camere\/new\/spacervert-3.gif\" alt=\"\" width=\"5\" height=\"25\" \/><\/td>\n<td>\u00a0<img loading=\"lazy\" decoding=\"async\" src=\"https:\/\/www.hotelmaestrale.com\/public\/camere\/new\/arrow.gif\" alt=\"\" width=\"15\" height=\"13\" \/><\/td>\n<td><img loading=\"lazy\" decoding=\"async\" src=\"https:\/\/www.hotelmaestrale.com\/public\/camere\/new\/spacervert-3.gif\" alt=\"\" width=\"5\" height=\"25\" \/><\/td>\n<td><img loading=\"lazy\" decoding=\"async\" src=\"https:\/\/www.hotelmaestrale.com\/public\/camere\/new\/arrow.gif\" alt=\"\" width=\"15\" height=\"13\" \/><\/td>\n<td><img loading=\"lazy\" decoding=\"async\" src=\"https:\/\/www.hotelmaestrale.com\/public\/camere\/new\/spacervert-3.gif\" alt=\"\" width=\"5\" height=\"25\" \/><\/td>\n<\/tr>\n<tr>\n<td style=\"text-align: left;\">boissons illimit\u00e9es<br \/>\nde cafeteria au bar<\/td>\n<td><img loading=\"lazy\" decoding=\"async\" src=\"https:\/\/www.hotelmaestrale.com\/public\/camere\/new\/spacervert-3.gif\" alt=\"\" width=\"5\" height=\"25\" \/><\/td>\n<td><\/td>\n<td><img loading=\"lazy\" decoding=\"async\" src=\"https:\/\/www.hotelmaestrale.com\/public\/camere\/new\/spacervert-3.gif\" alt=\"\" width=\"5\" height=\"25\" \/><\/td>\n<td><\/td>\n<td><img loading=\"lazy\" decoding=\"async\" src=\"https:\/\/www.hotelmaestrale.com\/public\/camere\/new\/spacervert-3.gif\" alt=\"\" width=\"5\" height=\"25\" \/><\/td>\n<td>\u00a0<img loading=\"lazy\" decoding=\"async\" src=\"https:\/\/www.hotelmaestrale.com\/public\/camere\/new\/arrow.gif\" alt=\"\" width=\"15\" height=\"13\" \/><\/td>\n<td><img loading=\"lazy\" decoding=\"async\" src=\"https:\/\/www.hotelmaestrale.com\/public\/camere\/new\/spacervert-3.gif\" alt=\"\" width=\"5\" height=\"25\" \/><\/td>\n<td class=\"evidenziatore\">\u00a0<img loading=\"lazy\" decoding=\"async\" src=\"https:\/\/www.hotelmaestrale.com\/public\/camere\/new\/arrow.gif\" alt=\"\" width=\"15\" height=\"13\" \/><\/td>\n<td><img loading=\"lazy\" decoding=\"async\" src=\"https:\/\/www.hotelmaestrale.com\/public\/camere\/new\/spacervert-3.gif\" alt=\"\" width=\"5\" height=\"25\" \/><\/td>\n<td>\u00a0<img loading=\"lazy\" decoding=\"async\" src=\"https:\/\/www.hotelmaestrale.com\/public\/camere\/new\/arrow.gif\" alt=\"\" width=\"15\" height=\"13\" \/><\/td>\n<td><img loading=\"lazy\" decoding=\"async\" src=\"https:\/\/www.hotelmaestrale.com\/public\/camere\/new\/spacervert-3.gif\" alt=\"\" width=\"5\" height=\"25\" \/><\/td>\n<td><img loading=\"lazy\" decoding=\"async\" src=\"https:\/\/www.hotelmaestrale.com\/public\/camere\/new\/arrow.gif\" alt=\"\" width=\"15\" height=\"13\" \/><\/td>\n<td><img loading=\"lazy\" decoding=\"async\" src=\"https:\/\/www.hotelmaestrale.com\/public\/camere\/new\/spacervert-3.gif\" alt=\"\" width=\"5\" height=\"25\" \/><\/td>\n<\/tr>\n<tr>\n<td style=\"text-align: left;\">boissons illimit\u00e9es<br \/>\nsans alcool au bar<\/td>\n<td><img loading=\"lazy\" decoding=\"async\" src=\"https:\/\/www.hotelmaestrale.com\/public\/camere\/new\/spacervert-3.gif\" alt=\"\" width=\"5\" height=\"25\" \/><\/td>\n<td><\/td>\n<td><img loading=\"lazy\" decoding=\"async\" src=\"https:\/\/www.hotelmaestrale.com\/public\/camere\/new\/spacervert-3.gif\" alt=\"\" width=\"5\" height=\"25\" \/><\/td>\n<td><\/td>\n<td><img loading=\"lazy\" decoding=\"async\" src=\"https:\/\/www.hotelmaestrale.com\/public\/camere\/new\/spacervert-3.gif\" alt=\"\" width=\"5\" height=\"25\" \/><\/td>\n<td><\/td>\n<td><img loading=\"lazy\" decoding=\"async\" src=\"https:\/\/www.hotelmaestrale.com\/public\/camere\/new\/spacervert-3.gif\" alt=\"\" width=\"5\" height=\"25\" \/><\/td>\n<td class=\"evidenziatore\">\u00a0<img loading=\"lazy\" decoding=\"async\" src=\"https:\/\/www.hotelmaestrale.com\/public\/camere\/new\/arrow.gif\" alt=\"\" width=\"15\" height=\"13\" \/><\/td>\n<td><img loading=\"lazy\" decoding=\"async\" src=\"https:\/\/www.hotelmaestrale.com\/public\/camere\/new\/spacervert-3.gif\" alt=\"\" width=\"5\" height=\"25\" \/><\/td>\n<td>\u00a0<img loading=\"lazy\" decoding=\"async\" src=\"https:\/\/www.hotelmaestrale.com\/public\/camere\/new\/arrow.gif\" alt=\"\" width=\"15\" height=\"13\" \/><\/td>\n<td><img loading=\"lazy\" decoding=\"async\" src=\"https:\/\/www.hotelmaestrale.com\/public\/camere\/new\/spacervert-3.gif\" alt=\"\" width=\"5\" height=\"25\" \/><\/td>\n<td><img loading=\"lazy\" decoding=\"async\" src=\"https:\/\/www.hotelmaestrale.com\/public\/camere\/new\/arrow.gif\" alt=\"\" width=\"15\" height=\"13\" \/><\/td>\n<td><img loading=\"lazy\" decoding=\"async\" src=\"https:\/\/www.hotelmaestrale.com\/public\/camere\/new\/spacervert-3.gif\" alt=\"\" width=\"5\" height=\"25\" \/><\/td>\n<\/tr>\n<tr>\n<td style=\"text-align: left;\">peignoir<\/td>\n<td><img loading=\"lazy\" decoding=\"async\" src=\"https:\/\/www.hotelmaestrale.com\/public\/camere\/new\/spacervert-3.gif\" alt=\"\" width=\"5\" height=\"25\" \/><\/td>\n<td><\/td>\n<td><img loading=\"lazy\" decoding=\"async\" src=\"https:\/\/www.hotelmaestrale.com\/public\/camere\/new\/spacervert-3.gif\" alt=\"\" width=\"5\" height=\"25\" \/><\/td>\n<td><\/td>\n<td><img loading=\"lazy\" decoding=\"async\" src=\"https:\/\/www.hotelmaestrale.com\/public\/camere\/new\/spacervert-3.gif\" alt=\"\" width=\"5\" height=\"25\" \/><\/td>\n<td><\/td>\n<td><img loading=\"lazy\" decoding=\"async\" src=\"https:\/\/www.hotelmaestrale.com\/public\/camere\/new\/spacervert-3.gif\" alt=\"\" width=\"5\" height=\"25\" \/><\/td>\n<td class=\"evidenziatore\">\u00a0<img loading=\"lazy\" decoding=\"async\" src=\"https:\/\/www.hotelmaestrale.com\/public\/camere\/new\/arrow.gif\" alt=\"\" width=\"15\" height=\"13\" \/><\/td>\n<td><img loading=\"lazy\" decoding=\"async\" src=\"https:\/\/www.hotelmaestrale.com\/public\/camere\/new\/spacervert-3.gif\" alt=\"\" width=\"5\" height=\"25\" \/><\/td>\n<td>\u00a0<img loading=\"lazy\" decoding=\"async\" src=\"https:\/\/www.hotelmaestrale.com\/public\/camere\/new\/arrow.gif\" alt=\"\" width=\"15\" height=\"13\" \/><\/td>\n<td><img loading=\"lazy\" decoding=\"async\" src=\"https:\/\/www.hotelmaestrale.com\/public\/camere\/new\/spacervert-3.gif\" alt=\"\" width=\"5\" height=\"25\" \/><\/td>\n<td><img loading=\"lazy\" decoding=\"async\" src=\"https:\/\/www.hotelmaestrale.com\/public\/camere\/new\/arrow.gif\" alt=\"\" width=\"15\" height=\"13\" \/><\/td>\n<td><img loading=\"lazy\" decoding=\"async\" src=\"https:\/\/www.hotelmaestrale.com\/public\/camere\/new\/spacervert-3.gif\" alt=\"\" width=\"5\" height=\"25\" \/><\/td>\n<\/tr>\n<tr>\n<td style=\"text-align: left;\">Vin mousseux et les fruits (ou chocolat)<br \/>\ndans la chambre \u00e0 l&rsquo;arriv\u00e9e<\/td>\n<td><img loading=\"lazy\" decoding=\"async\" src=\"https:\/\/www.hotelmaestrale.com\/public\/camere\/new\/spacervert-3.gif\" alt=\"\" width=\"5\" height=\"25\" \/><\/td>\n<td><\/td>\n<td><img loading=\"lazy\" decoding=\"async\" src=\"https:\/\/www.hotelmaestrale.com\/public\/camere\/new\/spacervert-3.gif\" alt=\"\" width=\"5\" height=\"25\" \/><\/td>\n<td><\/td>\n<td><img loading=\"lazy\" decoding=\"async\" src=\"https:\/\/www.hotelmaestrale.com\/public\/camere\/new\/spacervert-3.gif\" alt=\"\" width=\"5\" height=\"25\" \/><\/td>\n<td><\/td>\n<td><img loading=\"lazy\" decoding=\"async\" src=\"https:\/\/www.hotelmaestrale.com\/public\/camere\/new\/spacervert-3.gif\" alt=\"\" width=\"5\" height=\"25\" \/><\/td>\n<td class=\"evidenziatore\">\u00a0<img loading=\"lazy\" decoding=\"async\" src=\"https:\/\/www.hotelmaestrale.com\/public\/camere\/new\/arrow.gif\" alt=\"\" width=\"15\" height=\"13\" \/><\/td>\n<td><img loading=\"lazy\" decoding=\"async\" src=\"https:\/\/www.hotelmaestrale.com\/public\/camere\/new\/spacervert-3.gif\" alt=\"\" width=\"5\" height=\"25\" \/><\/td>\n<td>\u00a0<img loading=\"lazy\" decoding=\"async\" src=\"https:\/\/www.hotelmaestrale.com\/public\/camere\/new\/arrow.gif\" alt=\"\" width=\"15\" height=\"13\" \/><\/td>\n<td><img loading=\"lazy\" decoding=\"async\" src=\"https:\/\/www.hotelmaestrale.com\/public\/camere\/new\/spacervert-3.gif\" alt=\"\" width=\"5\" height=\"25\" \/><\/td>\n<td><img loading=\"lazy\" decoding=\"async\" src=\"https:\/\/www.hotelmaestrale.com\/public\/camere\/new\/arrow.gif\" alt=\"\" width=\"15\" height=\"13\" \/><\/td>\n<td><img loading=\"lazy\" decoding=\"async\" src=\"https:\/\/www.hotelmaestrale.com\/public\/camere\/new\/spacervert-3.gif\" alt=\"\" width=\"5\" height=\"25\" \/><\/td>\n<\/tr>\n<tr>\n<td style=\"text-align: left;\">parking ou garage<\/td>\n<td><img loading=\"lazy\" decoding=\"async\" src=\"http:\/\/www.lungomare.com\/public\/camere\/new\/spacervert-3.gif\" alt=\"\" width=\"5\" height=\"25\" \/><\/td>\n<td><\/td>\n<td><img loading=\"lazy\" decoding=\"async\" src=\"http:\/\/www.lungomare.com\/public\/camere\/new\/spacervert-3.gif\" alt=\"\" width=\"5\" height=\"25\" \/><\/td>\n<td><img loading=\"lazy\" decoding=\"async\" src=\"http:\/\/www.lungomare.com\/contenuti\/camere\/arrow.png\" alt=\"\" width=\"15\" height=\"13\" \/><\/td>\n<td><img loading=\"lazy\" decoding=\"async\" src=\"http:\/\/www.lungomare.com\/public\/camere\/new\/spacervert-3.gif\" alt=\"\" width=\"5\" height=\"25\" \/><\/td>\n<td><img loading=\"lazy\" decoding=\"async\" src=\"http:\/\/www.lungomare.com\/contenuti\/camere\/arrow.png\" alt=\"\" width=\"15\" height=\"13\" \/><\/td>\n<td><img loading=\"lazy\" decoding=\"async\" src=\"http:\/\/www.lungomare.com\/public\/camere\/new\/spacervert-3.gif\" alt=\"\" width=\"5\" height=\"25\" \/><\/td>\n<td class=\"evidenziatore\">\u00a0<img loading=\"lazy\" decoding=\"async\" src=\"http:\/\/www.lungomare.com\/contenuti\/camere\/arrow.png\" alt=\"\" width=\"15\" height=\"13\" \/><\/td>\n<td><img loading=\"lazy\" decoding=\"async\" src=\"http:\/\/www.lungomare.com\/public\/camere\/new\/spacervert-3.gif\" alt=\"\" width=\"5\" height=\"25\" \/><\/td>\n<td>\u00a0<img loading=\"lazy\" decoding=\"async\" src=\"http:\/\/www.lungomare.com\/contenuti\/camere\/arrow.png\" alt=\"\" width=\"15\" height=\"13\" \/><\/td>\n<td><img loading=\"lazy\" decoding=\"async\" src=\"http:\/\/www.lungomare.com\/public\/camere\/new\/spacervert-3.gif\" alt=\"\" width=\"5\" height=\"25\" \/><\/td>\n<td><img loading=\"lazy\" decoding=\"async\" src=\"http:\/\/www.lungomare.com\/contenuti\/camere\/arrow.png\" alt=\"\" width=\"15\" height=\"13\" \/><\/td>\n<td><img loading=\"lazy\" decoding=\"async\" src=\"http:\/\/www.lungomare.com\/public\/camere\/new\/spacervert-3.gif\" alt=\"\" width=\"5\" height=\"25\" \/><\/td>\n<\/tr>\n<tr>\n<td style=\"text-align: left;\">** Plage (un parapluie ou une tente avec deux lits)<\/td>\n<td><img loading=\"lazy\" decoding=\"async\" src=\"https:\/\/www.hotelmaestrale.com\/public\/camere\/new\/spacervert-3.gif\" alt=\"\" width=\"5\" height=\"25\" \/><\/td>\n<td><\/td>\n<td><img loading=\"lazy\" decoding=\"async\" src=\"https:\/\/www.hotelmaestrale.com\/public\/camere\/new\/spacervert-3.gif\" alt=\"\" width=\"5\" height=\"25\" \/><\/td>\n<td>\u00a0<img loading=\"lazy\" decoding=\"async\" src=\"https:\/\/www.hotelmaestrale.com\/public\/camere\/new\/arrow.gif\" alt=\"\" width=\"15\" height=\"13\" \/><\/td>\n<td><img loading=\"lazy\" decoding=\"async\" src=\"https:\/\/www.hotelmaestrale.com\/public\/camere\/new\/spacervert-3.gif\" alt=\"\" width=\"5\" height=\"25\" \/><\/td>\n<td>\u00a0<img loading=\"lazy\" decoding=\"async\" src=\"https:\/\/www.hotelmaestrale.com\/public\/camere\/new\/arrow.gif\" alt=\"\" width=\"15\" height=\"13\" \/><\/td>\n<td><img loading=\"lazy\" decoding=\"async\" src=\"https:\/\/www.hotelmaestrale.com\/public\/camere\/new\/spacervert-3.gif\" alt=\"\" width=\"5\" height=\"25\" \/><\/td>\n<td class=\"evidenziatore\">\u00a0<img loading=\"lazy\" decoding=\"async\" src=\"https:\/\/www.hotelmaestrale.com\/public\/camere\/new\/arrow.gif\" alt=\"\" width=\"15\" height=\"13\" \/><\/td>\n<td><img loading=\"lazy\" decoding=\"async\" src=\"https:\/\/www.hotelmaestrale.com\/public\/camere\/new\/spacervert-3.gif\" alt=\"\" width=\"5\" height=\"25\" \/><\/td>\n<td>\u00a0<img loading=\"lazy\" decoding=\"async\" src=\"https:\/\/www.hotelmaestrale.com\/public\/camere\/new\/arrow.gif\" alt=\"\" width=\"15\" height=\"13\" \/><\/td>\n<td><img loading=\"lazy\" decoding=\"async\" src=\"https:\/\/www.hotelmaestrale.com\/public\/camere\/new\/spacervert-3.gif\" alt=\"\" width=\"5\" height=\"25\" \/><\/td>\n<td>\u00a0<img loading=\"lazy\" decoding=\"async\" src=\"https:\/\/www.hotelmaestrale.com\/public\/camere\/new\/arrow.gif\" alt=\"\" width=\"15\" height=\"13\" \/><\/td>\n<td><img loading=\"lazy\" decoding=\"async\" src=\"https:\/\/www.hotelmaestrale.com\/public\/camere\/new\/spacervert-3.gif\" alt=\"\" width=\"5\" height=\"25\" \/><\/td>\n<\/tr>\n<\/tbody>\n<\/table>\n<p>** Y compris la plage du 25 mai au Septembre 15 \u00e0 2013<\/p>\n<p>*** Junior suite: chambre double + salle de s\u00e9jour avec canap\u00e9-lit ou lit \u00e0 la fran\u00e7aise + lit d&rsquo;appoint<\/p>\n<p>Suite Attico: chambre plus salle de s\u00e9jour avec canap\u00e9-lit + lit pour b\u00e9b\u00e9 ou<\/p>\n","protected":false},"excerpt":{"rendered":"<p>S\u00e9jour Maestrale: si vous choisissez ce type de s\u00e9jour, vous logerez dans l\u2019une des meilleures chambres climatis\u00e9e et tout confort de l\u2019h\u00f4tel avec: LCD TV 21 pouces, Sky TV, Wi-Fi, Minibar, \u00a0s\u00e8che-cheveux, t\u00e9l\u00e9phone direct, coffre-fort. Dimension (17 m\u00b2) Avez-vous choisi le top de vos vacances? Alors nous sommes heureux de vous faire quelques cadeaux et de vous offrir: toutes les boissons du minibar un \u00e9v\u00e9nement sky (film ou sport) par &#8230;<\/p>\n","protected":false},"author":4,"featured_media":0,"parent":0,"menu_order":0,"comment_status":"closed","ping_status":"closed","template":"","meta":{"_acf_changed":false},"class_list":["post-1169","page","type-page","status-publish","hentry"],"acf":[],"_links":{"self":[{"href":"https:\/\/www.hotelmaestrale.com\/fr\/wp-json\/wp\/v2\/pages\/1169","targetHints":{"allow":["GET"]}}],"collection":[{"href":"https:\/\/www.hotelmaestrale.com\/fr\/wp-json\/wp\/v2\/pages"}],"about":[{"href":"https:\/\/www.hotelmaestrale.com\/fr\/wp-json\/wp\/v2\/types\/page"}],"author":[{"embeddable":true,"href":"https:\/\/www.hotelmaestrale.com\/fr\/wp-json\/wp\/v2\/users\/4"}],"replies":[{"embeddable":true,"href":"https:\/\/www.hotelmaestrale.com\/fr\/wp-json\/wp\/v2\/comments?post=1169"}],"version-history":[{"count":0,"href":"https:\/\/www.hotelmaestrale.com\/fr\/wp-json\/wp\/v2\/pages\/1169\/revisions"}],"wp:attachment":[{"href":"https:\/\/www.hotelmaestrale.com\/fr\/wp-json\/wp\/v2\/media?parent=1169"}],"curies":[{"name":"wp","href":"https:\/\/api.w.org\/{rel}","templated":true}]}}