{"id":1238,"date":"2020-06-30T11:40:33","date_gmt":"2020-06-30T09:40:33","guid":{"rendered":"https:\/\/www.hotelmaestrale.com\/?page_id=1238"},"modified":"2023-12-19T11:58:54","modified_gmt":"2023-12-19T10:58:54","slug":"dans-le-centre-de-riccione","status":"publish","type":"page","link":"https:\/\/www.hotelmaestrale.com\/fr\/dans-le-centre-de-riccione\/","title":{"rendered":"Dans le centre de Riccione"},"content":{"rendered":"<h2 align=\"JUSTIFY\"><span lang=\"fr-FR\">Quels sont les avantages de<\/span> <span lang=\"fr-FR\">Riccione<\/span><span lang=\"fr-FR\"> par rapport aux autres <\/span><span lang=\"fr-FR\">plages romagnoles ?<\/span><\/h2>\n<p>En premier lieu, peut-\u00eatre, la Zone Pi\u00e9tonni\u00e8re de <span lang=\"fr-FR\"><strong>Viale Ceccarini<\/strong><\/span><span lang=\"fr-FR\">, le mythe qui se renouvelle sans cesse car il reste le \u00ab\u00a0salon\u00a0\u00bb du <\/span><span lang=\"fr-FR\"><strong>centre de<\/strong><\/span> <span lang=\"fr-FR\"><strong>Riccione <\/strong><\/span><span lang=\"fr-FR\">o\u00f9 rencontrer des personnages c\u00e9l\u00e8bres, attir\u00e9s comme nous par le<\/span><span lang=\"fr-FR\"> shopping m\u00eame la nuit dans les prestigieux magasins, par les bars en plein air ou par le paysage color\u00e9 de et vers la mer. <\/span><\/p>\n<p align=\"JUSTIFY\"><span lang=\"fr-FR\">Parlons un peu de la mer, la <\/span><span lang=\"fr-FR\">\u201cPerle verte\u201d est l\u2019une des huit \u201c<\/span><span lang=\"fr-FR\"><strong>bandiere blu\u201d de la Romagne<\/strong><\/span><span lang=\"fr-FR\">, mais la plage a quelque chose de plus : une myriade de structures sportives pour ceux qui d\u00e9sirent pratiquer du <\/span><span lang=\"fr-FR\"><strong>sport m\u00eame en vacances<\/strong><\/span><span lang=\"fr-FR\">. Par cons\u00e9quent, on peut assister \u00e0 de nombreux \u00e9v\u00e9nements sportifs attirant des champions et du public du monde entier. La<\/span><span lang=\"fr-FR\"><strong> vie sur la plage <\/strong><\/span><span lang=\"fr-FR\">la nuit continue<\/span><span lang=\"fr-FR\">, les jeunes se rencontrent dans les bars sur la plage pour un ap\u00e9ritif ou pour passer une soir\u00e9e sous le signe du divertissement au rythme de la musique. <\/span><\/p>\n<p align=\"JUSTIFY\"><span lang=\"fr-FR\">Une vie nocturne dans le centre aussi divertissante que celle des plus fameux bars et discoth\u00e8ques de l\u2019arri\u00e8re-pays et, peut-\u00eatre, plus s\u00fbre ; vous pouvez m\u00eame dans ce cas assister aux nombreux <\/span><span lang=\"fr-FR\"><strong>\u00e9v\u00e9nements nocturnes <\/strong><\/span><span lang=\"fr-FR\">sp\u00e9ciaux, organis\u00e9s sur les plages priv\u00e9es du <\/span><span lang=\"fr-FR\"><strong>centre de Riccione<\/strong><\/span><span lang=\"fr-FR\">. Le <\/span><span lang=\"fr-FR\">Suite Hotel Maestrale<\/span><span lang=\"fr-FR\"><strong> de Riccione<\/strong><\/span><span lang=\"fr-FR\">, \u00e9l\u00e9gant 4 \u00e9toiles \u00e0 <\/span><span lang=\"fr-FR\"><strong>30 m de la <\/strong><\/span><a title=\"La plage priv\u00e9e\" href=\"https:\/\/www.hotelmaestrale.com\/fr\/la-plage-privee\/\"><span lang=\"fr-FR\">plage priv\u00e9e<\/span><\/a><span lang=\"fr-FR\">, se trouve tr\u00e8s pr\u00e8s du viale Ceccarini, du viale Dante et du <\/span><span lang=\"fr-FR\"><strong>Palacongressi<\/strong><\/span><span lang=\"fr-FR\">. L&rsquo;h\u00f4tel est tr\u00e8s proche de la mondanit\u00e9 la plus exclusive mais le client peut quitter cette confusion pour la d\u00e9tente et tranquillit\u00e9 de l\u2019h\u00f4tel car le <\/span><span lang=\"fr-FR\"><strong>Suite Hotel Maestrale<\/strong><\/span><span lang=\"fr-FR\"> se trouve dans une zone tranquille et silencieuse. <\/span><\/p>\n","protected":false},"excerpt":{"rendered":"<p>Quels sont les avantages de Riccione par rapport aux autres plages romagnoles ? En premier lieu, peut-\u00eatre, la Zone Pi\u00e9tonni\u00e8re de Viale Ceccarini, le mythe qui se renouvelle sans cesse car il reste le \u00ab\u00a0salon\u00a0\u00bb du centre de Riccione o\u00f9 rencontrer des personnages c\u00e9l\u00e8bres, attir\u00e9s comme nous par le shopping m\u00eame la nuit dans les prestigieux magasins, par les bars en plein air ou par le paysage color\u00e9 de et &#8230;<\/p>\n","protected":false},"author":4,"featured_media":0,"parent":0,"menu_order":0,"comment_status":"closed","ping_status":"closed","template":"","meta":{"_acf_changed":false},"class_list":["post-1238","page","type-page","status-publish","hentry"],"acf":[],"_links":{"self":[{"href":"https:\/\/www.hotelmaestrale.com\/fr\/wp-json\/wp\/v2\/pages\/1238","targetHints":{"allow":["GET"]}}],"collection":[{"href":"https:\/\/www.hotelmaestrale.com\/fr\/wp-json\/wp\/v2\/pages"}],"about":[{"href":"https:\/\/www.hotelmaestrale.com\/fr\/wp-json\/wp\/v2\/types\/page"}],"author":[{"embeddable":true,"href":"https:\/\/www.hotelmaestrale.com\/fr\/wp-json\/wp\/v2\/users\/4"}],"replies":[{"embeddable":true,"href":"https:\/\/www.hotelmaestrale.com\/fr\/wp-json\/wp\/v2\/comments?post=1238"}],"version-history":[{"count":0,"href":"https:\/\/www.hotelmaestrale.com\/fr\/wp-json\/wp\/v2\/pages\/1238\/revisions"}],"wp:attachment":[{"href":"https:\/\/www.hotelmaestrale.com\/fr\/wp-json\/wp\/v2\/media?parent=1238"}],"curies":[{"name":"wp","href":"https:\/\/api.w.org\/{rel}","templated":true}]}}