{"id":1257,"date":"2020-06-30T12:20:30","date_gmt":"2020-06-30T10:20:30","guid":{"rendered":"https:\/\/www.hotelmaestrale.com\/?page_id=1257"},"modified":"2023-04-03T14:46:37","modified_gmt":"2023-04-03T12:46:37","slug":"le-maestrale-parking","status":"publish","type":"page","link":"https:\/\/www.hotelmaestrale.com\/fr\/le-maestrale-parking\/","title":{"rendered":"Le Maestrale Parking"},"content":{"rendered":"<h2><strong>Le Maestrale Parking \u00e9liminera d\u00e9finitivement le probl\u00e8me du stationnement \u00e0 Riccione<\/strong><\/h2>\n<p>En particulier lors des mois d&rsquo;\u00e9t\u00e9, mais aussi le week-end, les jours f\u00e9ri\u00e9s ou lors d&rsquo;\u00e9v\u00e9nements sp\u00e9ciaux ou salons, qui sont tr\u00e8s fr\u00e9quents \u00e0 Riccione, trouver un parking peut devenir un probl\u00e8me.<\/p>\n<p>Pour cette raison, et dans le but d&rsquo;offrir des services toujours plus complets \u00e0 nos clients, le Suite H\u00f4tel Maestrale propose des places de parking en plein air dans les environs et dans le <strong>parking souterrain<\/strong> construit <strong>\u00e0 quelques m\u00e8tres de la mer<\/strong>, sous la promenade du Lungomare della Libert\u00e0, \u00e0 deux pas des h\u00f4tels du groupe.<\/p>\n<p>Gr\u00e2ce au <strong>badge magn\u00e9tique<\/strong> qui vous sera remis lors de votre check-in, vous aurez <strong>acc\u00e8s<\/strong> au parking <strong>24 heures sur 24<\/strong>, avec la tranquillit\u00e9 d&rsquo;esprit de garder votre place r\u00e9serv\u00e9e et de pouvoir l&rsquo;utiliser \u00e0 toute heure du jour et de la nuit.<\/p>\n<h2><strong>Proc\u00e9dure de r\u00e9servation et prix du Maestrale Parking<\/strong><\/h2>\n<p>Nous conseillons \u00e0 tous nos clients d&rsquo;utiliser le parking souterrain.<br \/>\nUn badge magn\u00e9tique vous sera remis \u00e0 la r\u00e9ception \u00e0 votre arriv\u00e9e ainsi que le num\u00e9ro de votre place de stationnement, qui restera la m\u00eame pendant toute la dur\u00e9e de votre s\u00e9jour.<br \/>\nLe prix du parking est de seulement <strong>20,00 \u20ac par jour,<\/strong> un prix extr\u00eamement comp\u00e9titif si on le compare au co\u00fbt horaire factur\u00e9 par tous les parcm\u00e8tres de Riccione pour les places non surveill\u00e9es, non couvertes et non r\u00e9serv\u00e9es \ud83d\ude09<\/p>\n<p>De plus, nos \u00e9tablissements proposent de nombreux <strong>forfaits avec tarifs<\/strong> qui incluent d\u00e9j\u00e0 la place de parking parmi les services offerts; <u>toutefois, le parking couvert ne peut \u00eatre garanti, son attribution est donc al\u00e9atoire<\/u>.<\/p>\n<p><strong>Les services du Maestrale Parking:<\/strong><\/p>\n<ul>\n<li>Places de stationnement dans le parking souterrain avec vid\u00e9osurveillance<\/li>\n<li>Places de stationnement \u00e0 l\u2019ext\u00e9rieur, distance maximale (100 m\u00e8tres)<\/li>\n<li>Assurance dommages uniquement pour le vandalisme ou l&rsquo;incendie<\/li>\n<li>Disponibilit\u00e9 et assistance 24 heures sur 24<\/li>\n<li>D\u00e9bit direct sur le compte de la chambre<\/li>\n<li>Acc\u00e8s r\u00e9serv\u00e9 aux clients de l&rsquo;h\u00f4tel<\/li>\n<li>Bagagiste<\/li>\n<li>Prix quotidien (0,83 \u20ac de l\u2019heure, 24h\/24)<\/li>\n<\/ul>\n","protected":false},"excerpt":{"rendered":"<p>Le Maestrale Parking \u00e9liminera d\u00e9finitivement le probl\u00e8me du stationnement \u00e0 Riccione En particulier lors des mois d&rsquo;\u00e9t\u00e9, mais aussi le week-end, les jours f\u00e9ri\u00e9s ou lors d&rsquo;\u00e9v\u00e9nements sp\u00e9ciaux ou salons, qui sont tr\u00e8s fr\u00e9quents \u00e0 Riccione, trouver un parking peut devenir un probl\u00e8me. Pour cette raison, et dans le but d&rsquo;offrir des services toujours plus complets \u00e0 nos clients, le Suite H\u00f4tel Maestrale propose des places de parking en plein &#8230;<\/p>\n","protected":false},"author":4,"featured_media":0,"parent":0,"menu_order":0,"comment_status":"closed","ping_status":"closed","template":"","meta":{"_acf_changed":false},"class_list":["post-1257","page","type-page","status-publish","hentry"],"acf":[],"_links":{"self":[{"href":"https:\/\/www.hotelmaestrale.com\/fr\/wp-json\/wp\/v2\/pages\/1257","targetHints":{"allow":["GET"]}}],"collection":[{"href":"https:\/\/www.hotelmaestrale.com\/fr\/wp-json\/wp\/v2\/pages"}],"about":[{"href":"https:\/\/www.hotelmaestrale.com\/fr\/wp-json\/wp\/v2\/types\/page"}],"author":[{"embeddable":true,"href":"https:\/\/www.hotelmaestrale.com\/fr\/wp-json\/wp\/v2\/users\/4"}],"replies":[{"embeddable":true,"href":"https:\/\/www.hotelmaestrale.com\/fr\/wp-json\/wp\/v2\/comments?post=1257"}],"version-history":[{"count":0,"href":"https:\/\/www.hotelmaestrale.com\/fr\/wp-json\/wp\/v2\/pages\/1257\/revisions"}],"wp:attachment":[{"href":"https:\/\/www.hotelmaestrale.com\/fr\/wp-json\/wp\/v2\/media?parent=1257"}],"curies":[{"name":"wp","href":"https:\/\/api.w.org\/{rel}","templated":true}]}}