{"id":1271,"date":"2020-06-30T16:26:49","date_gmt":"2020-06-30T14:26:49","guid":{"rendered":"https:\/\/www.hotelmaestrale.com\/?page_id=1271"},"modified":"2026-02-12T12:03:44","modified_gmt":"2026-02-12T11:03:44","slug":"la-restauration","status":"publish","type":"page","link":"https:\/\/www.hotelmaestrale.com\/fr\/la-restauration\/","title":{"rendered":"La Restauration"},"content":{"rendered":"<h2><strong>Restaurant<\/strong><\/h2>\n<p>Au Suite Hotel Maestrale de Riccione, le go\u00fbt fait partie int\u00e9grante de l\u2019exp\u00e9rience, vous le remarquerez d\u00e8s le premier r\u00e9veil.<br \/>\n<strong>Le petit-d\u00e9jeuner<\/strong> est notre carte de visite, la premi\u00e8re d\u00e9gustation de la qualit\u00e9 que vous retrouverez \u00e0 chaque moment de la journ\u00e9e.<\/p>\n<p><strong>P\u00e2tisserie maison raffin\u00e9e<\/strong>, jus et centrifug\u00e9s frais, confitures artisanales et de nombreuses propositions sal\u00e9es, sans oublier les grands classiques du caf\u00e9. Vous pourrez le savourer <strong>dans votre chambre si vous aimez prendre votre temps, dans le jardin pendant la belle saison ou en v\u00e9randa si vous pr\u00e9f\u00e9rez commencer la journ\u00e9e en respirant l\u2019air marin<br \/>\n<\/strong>Jusqu\u2019\u00e0 11h \ud83d\ude09<\/p>\n<h2><strong>D\u00eener servi et saveurs de la Romagne<\/strong><\/h2>\n<p>Le soir, nous vous accueillons confortablement \u00e0 table pour un agr\u00e9able parcours gastronomique allant des grands classiques de la cuisine italienne aux <strong>excellences de la tradition romagnole<\/strong>.<\/p>\n<p><strong>Entr\u00e9es et l\u00e9gumes de saison<\/strong> pour commencer, <strong>plats de viande et de poisson pr\u00e9par\u00e9s \u00e0 la minute<\/strong>, le parfum de la <strong>grillade toujours allum\u00e9e<\/strong>, les <strong>sp\u00e9cialit\u00e9s de notre tradition<\/strong> et les <strong>desserts irr\u00e9sistibles<\/strong>.<br \/>\nUn <strong>menu dynamique<\/strong> qui change chaque jour, pour raconter avec \u00e9l\u00e9gance les saveurs de cette terre g\u00e9n\u00e9reuse.<\/p>\n<p>Les h\u00f4tes ayant choisi le <strong>service de pension compl\u00e8te<\/strong> pourront <strong>d\u00e9jeuner dans le charmant restaurant Sestopiano de l\u2019Hotel Lungomare<\/strong>, \u00e0 deux pas d\u2019ici.<\/p>\n<h2><strong>ICI VOUS POURREZ D\u00c9GUSTER DES PLATS CLASSIQUES REVISIT\u00c9S OU LES SP\u00c9CIALIT\u00c9S DE NOTRE CUISINE TRADITIONNELLE<\/strong><\/h2>\n<p>Le <strong>restaurant du Suite Hotel Maestrale<\/strong> est <strong>ouvert tous les jours<\/strong> <strong>du 1er juin au 6 septembre<\/strong>, de 19h30 \u00e0 21h00, afin de permettre \u00e0 chacun de suivre son propre rythme.<\/p>\n<p>Durant ces mois, vous pourrez \u00e9galement vivre deux exp\u00e9riences gourmandes vraiment sp\u00e9ciales. Le vendredi soir, le <strong>Fish Market<\/strong>, un rendez-vous d\u00e9di\u00e9 aux meilleurs produits de la mer, avec poissons et crustac\u00e9s s\u00e9lectionn\u00e9s comme protagonistes; le mercredi soir, le <strong>Pic-nic au clair de lune<\/strong>, une soir\u00e9e \u00e0 th\u00e8me en pleine nature, dans une atmosph\u00e8re f\u00e9erique entre oliviers d\u00e9cor\u00e9s et lumi\u00e8res, \u00e0 la Locanda I Girasoli.<\/p>\n<p>Pour le <strong>d\u00e9jeuner<\/strong> et pendant les <strong>p\u00e9riodes de fermeture saisonni\u00e8re<\/strong>, le service de restauration est assur\u00e9 au <strong>restaurant Sesto Piano de l\u2019Hotel Lungomare<\/strong>, \u00e0 seulement <strong>40 m\u00e8tres<\/strong>, dans une splendide <strong>salle panoramique climatis\u00e9e avec vue sur la mer<\/strong>.<\/p>\n<div id='gallery-1' class='gallery galleryid-1271  gallery-size-inner-slide'><div class='owl-carousel owl-carousel-multiple-carousel-style'\n\t\t\t\t\t\t\tdata-owl-navigation='false'\n\t\t\t\t\t\t\tdata-owl-slide-speed='300'\n\t\t\t\t\t\t\tdata-owl-autoplay='false'\n\t\t\t\t\t\t\tdata-owl-dots='false'\n\t\t\t\t\t\t\tdata-owl-dots-speed='300'\n\t\t\t\t\t\t\tdata-owl-items-xs='1'data-owl-items-sm='2'data-owl-items-md='3'data-owl-items-lg='3'data-owl-items-xl='3'\n\t\t\t\t\t\t><figure class='gallery-item'>\n\t\t\t\t<div class='gallery-icon landscape'>\n\t\t\t\t\t<a href='https:\/\/www.hotelmaestrale.com\/wp-content\/uploads\/2022\/12\/DSC03301.jpg' data-size=\"1000x700\"><img loading=\"lazy\" decoding=\"async\" width=\"1000\" height=\"700\" src=\"https:\/\/www.hotelmaestrale.com\/wp-content\/uploads\/2022\/12\/DSC03301-1000x700.jpg\" class=\"attachment-inner-slide size-inner-slide\" alt=\"\" \/><\/a>\n\t\t\t\t<\/div><\/figure><figure class='gallery-item'>\n\t\t\t\t<div class='gallery-icon landscape'>\n\t\t\t\t\t<a href='https:\/\/www.hotelmaestrale.com\/wp-content\/uploads\/2022\/12\/DSC03723_0024_DSC03637-1.jpg' data-size=\"1000x700\"><img loading=\"lazy\" decoding=\"async\" width=\"1000\" height=\"700\" src=\"https:\/\/www.hotelmaestrale.com\/wp-content\/uploads\/2022\/12\/DSC03723_0024_DSC03637-1-1000x700.jpg\" class=\"attachment-inner-slide size-inner-slide\" alt=\"\" \/><\/a>\n\t\t\t\t<\/div><\/figure><figure class='gallery-item'>\n\t\t\t\t<div class='gallery-icon landscape'>\n\t\t\t\t\t<a href='https:\/\/www.hotelmaestrale.com\/wp-content\/uploads\/2022\/06\/hotel_maestrale-13.jpg' data-size=\"1000x700\"><img loading=\"lazy\" decoding=\"async\" width=\"1000\" height=\"700\" src=\"https:\/\/www.hotelmaestrale.com\/wp-content\/uploads\/2022\/06\/hotel_maestrale-13-1000x700.jpg\" class=\"attachment-inner-slide size-inner-slide\" alt=\"Suite Hotel Maestrale Riccione\" \/><\/a>\n\t\t\t\t<\/div><\/figure><figure class='gallery-item'>\n\t\t\t\t<div class='gallery-icon landscape'>\n\t\t\t\t\t<a href='https:\/\/www.hotelmaestrale.com\/wp-content\/uploads\/2022\/06\/hotel_maestrale-9.jpg' data-size=\"1000x700\"><img loading=\"lazy\" decoding=\"async\" width=\"1000\" height=\"700\" src=\"https:\/\/www.hotelmaestrale.com\/wp-content\/uploads\/2022\/06\/hotel_maestrale-9-1000x700.jpg\" class=\"attachment-inner-slide size-inner-slide\" alt=\"Suite Hotel Maestrale Riccione\" \/><\/a>\n\t\t\t\t<\/div><\/figure><figure class='gallery-item'>\n\t\t\t\t<div class='gallery-icon landscape'>\n\t\t\t\t\t<a href='https:\/\/www.hotelmaestrale.com\/wp-content\/uploads\/2022\/12\/DSC03723_0001_Livello-0.jpg' data-size=\"1000x700\"><img loading=\"lazy\" decoding=\"async\" width=\"1000\" height=\"700\" src=\"https:\/\/www.hotelmaestrale.com\/wp-content\/uploads\/2022\/12\/DSC03723_0001_Livello-0-1000x700.jpg\" class=\"attachment-inner-slide size-inner-slide\" alt=\"\" \/><\/a>\n\t\t\t\t<\/div><\/figure><figure class='gallery-item'>\n\t\t\t\t<div class='gallery-icon landscape'>\n\t\t\t\t\t<a href='https:\/\/www.hotelmaestrale.com\/wp-content\/uploads\/2022\/12\/DSC03723_0009_DSC03577-1.jpg' data-size=\"1000x700\"><img loading=\"lazy\" decoding=\"async\" width=\"1000\" height=\"700\" src=\"https:\/\/www.hotelmaestrale.com\/wp-content\/uploads\/2022\/12\/DSC03723_0009_DSC03577-1-1000x700.jpg\" class=\"attachment-inner-slide size-inner-slide\" alt=\"\" \/><\/a>\n\t\t\t\t<\/div><\/figure><figure class='gallery-item'>\n\t\t\t\t<div class='gallery-icon landscape'>\n\t\t\t\t\t<a href='https:\/\/www.hotelmaestrale.com\/wp-content\/uploads\/2022\/12\/DSC03723_0001_DSC04102-1.jpg' data-size=\"1000x700\"><img loading=\"lazy\" decoding=\"async\" width=\"1000\" height=\"700\" src=\"https:\/\/www.hotelmaestrale.com\/wp-content\/uploads\/2022\/12\/DSC03723_0001_DSC04102-1-1000x700.jpg\" class=\"attachment-inner-slide size-inner-slide\" alt=\"\" \/><\/a>\n\t\t\t\t<\/div><\/figure><figure class='gallery-item'>\n\t\t\t\t<div class='gallery-icon landscape'>\n\t\t\t\t\t<a href='https:\/\/www.hotelmaestrale.com\/wp-content\/uploads\/2022\/06\/hotel_maestrale-16.jpg' data-size=\"1000x700\"><img loading=\"lazy\" decoding=\"async\" width=\"1000\" height=\"700\" src=\"https:\/\/www.hotelmaestrale.com\/wp-content\/uploads\/2022\/06\/hotel_maestrale-16-1000x700.jpg\" class=\"attachment-inner-slide size-inner-slide\" alt=\"Suite Hotel Maestrale Riccione\" \/><\/a>\n\t\t\t\t<\/div><\/figure><figure class='gallery-item'>\n\t\t\t\t<div class='gallery-icon landscape'>\n\t\t\t\t\t<a href='https:\/\/www.hotelmaestrale.com\/wp-content\/uploads\/2022\/12\/DSC03283.jpg' data-size=\"1000x700\"><img loading=\"lazy\" decoding=\"async\" width=\"1000\" height=\"700\" src=\"https:\/\/www.hotelmaestrale.com\/wp-content\/uploads\/2022\/12\/DSC03283-1000x700.jpg\" class=\"attachment-inner-slide size-inner-slide\" alt=\"\" \/><\/a>\n\t\t\t\t<\/div><\/figure><figure class='gallery-item'>\n\t\t\t\t<div class='gallery-icon landscape'>\n\t\t\t\t\t<a href='https:\/\/www.hotelmaestrale.com\/wp-content\/uploads\/2022\/12\/DSC03209.jpg' data-size=\"1000x700\"><img loading=\"lazy\" decoding=\"async\" width=\"1000\" height=\"700\" src=\"https:\/\/www.hotelmaestrale.com\/wp-content\/uploads\/2022\/12\/DSC03209-1000x700.jpg\" class=\"attachment-inner-slide size-inner-slide\" alt=\"\" \/><\/a>\n\t\t\t\t<\/div><\/figure><figure class='gallery-item'>\n\t\t\t\t<div class='gallery-icon landscape'>\n\t\t\t\t\t<a href='https:\/\/www.hotelmaestrale.com\/wp-content\/uploads\/2022\/12\/DSC03723_0007_DSC03711-1.jpg' data-size=\"1000x700\"><img loading=\"lazy\" decoding=\"async\" width=\"1000\" height=\"700\" src=\"https:\/\/www.hotelmaestrale.com\/wp-content\/uploads\/2022\/12\/DSC03723_0007_DSC03711-1-1000x700.jpg\" class=\"attachment-inner-slide size-inner-slide\" alt=\"\" \/><\/a>\n\t\t\t\t<\/div><\/figure><figure class='gallery-item'>\n\t\t\t\t<div class='gallery-icon landscape'>\n\t\t\t\t\t<a href='https:\/\/www.hotelmaestrale.com\/wp-content\/uploads\/2022\/06\/hotel_maestrale-7.jpg' data-size=\"1000x700\"><img loading=\"lazy\" decoding=\"async\" width=\"1000\" height=\"700\" src=\"https:\/\/www.hotelmaestrale.com\/wp-content\/uploads\/2022\/06\/hotel_maestrale-7-1000x700.jpg\" class=\"attachment-inner-slide size-inner-slide\" alt=\"Suite Hotel Maestrale Riccione\" \/><\/a>\n\t\t\t\t<\/div><\/figure><figure class='gallery-item'>\n\t\t\t\t<div class='gallery-icon landscape'>\n\t\t\t\t\t<a href='https:\/\/www.hotelmaestrale.com\/wp-content\/uploads\/2022\/12\/DSC03723_0017_DSC03743-1.jpg' data-size=\"1000x700\"><img loading=\"lazy\" decoding=\"async\" width=\"1000\" height=\"700\" src=\"https:\/\/www.hotelmaestrale.com\/wp-content\/uploads\/2022\/12\/DSC03723_0017_DSC03743-1-1000x700.jpg\" class=\"attachment-inner-slide size-inner-slide\" alt=\"\" \/><\/a>\n\t\t\t\t<\/div><\/figure>\n\t\t\t<\/div>\n<\/div>\n\n<p>&nbsp;<\/p>\n","protected":false},"excerpt":{"rendered":"<p>Restaurant Au Suite Hotel Maestrale de Riccione, le go\u00fbt fait partie int\u00e9grante de l\u2019exp\u00e9rience, vous le remarquerez d\u00e8s le premier r\u00e9veil. Le petit-d\u00e9jeuner est notre carte de visite, la premi\u00e8re d\u00e9gustation de la qualit\u00e9 que vous retrouverez \u00e0 chaque moment de la journ\u00e9e. P\u00e2tisserie maison raffin\u00e9e, jus et centrifug\u00e9s frais, confitures artisanales et de nombreuses propositions sal\u00e9es, sans oublier les grands classiques du caf\u00e9. Vous pourrez le savourer dans votre &#8230;<\/p>\n","protected":false},"author":4,"featured_media":0,"parent":0,"menu_order":0,"comment_status":"closed","ping_status":"closed","template":"","meta":{"_acf_changed":false},"class_list":["post-1271","page","type-page","status-publish","hentry"],"acf":[],"_links":{"self":[{"href":"https:\/\/www.hotelmaestrale.com\/fr\/wp-json\/wp\/v2\/pages\/1271","targetHints":{"allow":["GET"]}}],"collection":[{"href":"https:\/\/www.hotelmaestrale.com\/fr\/wp-json\/wp\/v2\/pages"}],"about":[{"href":"https:\/\/www.hotelmaestrale.com\/fr\/wp-json\/wp\/v2\/types\/page"}],"author":[{"embeddable":true,"href":"https:\/\/www.hotelmaestrale.com\/fr\/wp-json\/wp\/v2\/users\/4"}],"replies":[{"embeddable":true,"href":"https:\/\/www.hotelmaestrale.com\/fr\/wp-json\/wp\/v2\/comments?post=1271"}],"version-history":[{"count":0,"href":"https:\/\/www.hotelmaestrale.com\/fr\/wp-json\/wp\/v2\/pages\/1271\/revisions"}],"wp:attachment":[{"href":"https:\/\/www.hotelmaestrale.com\/fr\/wp-json\/wp\/v2\/media?parent=1271"}],"curies":[{"name":"wp","href":"https:\/\/api.w.org\/{rel}","templated":true}]}}