{"id":1286,"date":"2020-06-30T16:48:52","date_gmt":"2020-06-30T14:48:52","guid":{"rendered":"https:\/\/www.hotelmaestrale.com\/?page_id=1286"},"modified":"2026-03-24T12:05:35","modified_gmt":"2026-03-24T11:05:35","slug":"la-plage-privee","status":"publish","type":"page","link":"https:\/\/www.hotelmaestrale.com\/fr\/la-plage-privee\/","title":{"rendered":"La plage priv\u00e9e"},"content":{"rendered":"<h2 style=\"text-align: left;\" align=\"center\">Le jour&#8230;<\/h2>\n<p><strong>La plage de 6000 m2 avec 200 points d\u2019ombre<\/strong>\u00a0peut \u00eatre aussi utilis\u00e9e pour des activit\u00e9s formatives et de team building, vous y trouverez un restaurant, deux piscines pour adultes et enfants, <strong>2 jacuzzis,<\/strong> <strong>des zones Relax, douches chaudes et froides, cabines avec table \u00e0 langer<\/strong>\u00a0et du divertissement \u00e0 gogo per tous. Dans notre\u00a0<strong>plage Le Palme Beach 88-89\u00a0<\/strong>vous trouverez ceci et beaucoup d\u2019autres choses encore!<\/p>\n<p>Le blanc est dominant dans la plage la plus exclusive de Riccione. Les tissus et le bois rappellent le naturel de la mati\u00e8re qui offre<strong>l\u2019harmonie au corps et \u00e0 l\u2019esprit<\/strong>. La plage\u00a0<strong>Le Palme Beach88-89<\/strong>\u00a0fait vivre\u00a0<strong>l&rsquo;essence des vacances \u00e0 la mer,<\/strong>\u00a0en passant des moments inoubliables sous le soleil, des\u00a0plongeons dans la piscine, des d\u00eeners sous les \u00e9toiles et des \u00e9v\u00e9nements mondains.<\/p>\n<p>Et pour tous nos h\u00f4tes,\u00a0la piscine, le r\u00e9seau sans fil gratuit, l\u2019ap\u00e9ritif servi pour tous, la possibilit\u00e9 de r\u00e9server une table pour les d\u00eeners \u00e0 la plage organis\u00e9s plusieurs fois par semaine par notre \u00e9quipe!<\/p>\n<p>La plage priv\u00e9e du Suite H\u00f4tel Maestrale est l\u2019endroit id\u00e9al pour des \u00e9v\u00e9nements \u00e0 4 \u00e9toiles comme un\u00a0mariage ou une\u00a0c\u00e9r\u00e9monie sur la plage\u00a0pour le plus beau jour de votre vie.<\/p>\n<p>La plage\u00a0<strong>Le Palme Beach88\/89<\/strong>\u00a0dispose aussi, \u00e0 part des parasols normaux, de\u00a0<strong>zones d\u2019ombre plus grandes et de somptueuses Tentes Suites<\/strong>\u00a0o\u00f9 se d\u00e9tendre dans le salon et dans l\u2019atmosph\u00e8re agr\u00e9able qui depuis toujours nous caract\u00e9rise.\u00a0 M\u00eame vos enfants auront la possibilit\u00e9 de passer des vacances sous le signe du divertissement et des jeux sur notre plage, en effet, \u00e0 part la piscine d\u2019eau douce qui leur est r\u00e9serv\u00e9e et la zone des jeux, ils auront la possibilit\u00e9 de s\u2019amuser tous les jours avec nos\u00a0<strong><i>baby-sitters<\/i><\/strong>\u00a0qui organiseront des jeux et des passe-temps\u00a0<strong>amusants aux horaires du<\/strong><strong>\u00a0<\/strong><strong><i>miniclub<\/i><\/strong>.<\/p>\n<p><strong>*** La disponibilit\u00e9 de la plage \u00e9tant limit\u00e9e, nous vous recommandons de confirmer ce service au moment de la r\u00e9servation.<\/strong><\/p>\n<h2 style=\"text-align: left;\" align=\"center\">La nuit&#8230;<\/h2>\n<p>La m\u00eame philosophie se basant sur la passion pour <strong>l\u2019hospitalit\u00e9 caract\u00e9risant l&rsquo;h\u00f4tel<\/strong> a \u00e9t\u00e9 le fil conducteur pour la cr\u00e9ation de <strong>l\u2019exclusive Plage Le Palme<\/strong>.<\/p>\n<p>Le jour&#8230;se r\u00e9g\u00e9n\u00e9rer sous la chaleur du soleil, pouvoir se d\u00e9tendre sous nos pavillons en se d\u00e9diant \u00e0 des lectures estivales avec un <i>drink <\/i>et pouvoir se rafra\u00eechir en <strong>plongeant dans l\u2019eau sal\u00e9e ou dans la piscine<\/strong>.<\/p>\n<p><strong>Le soir<\/strong>&#8230;La zone <i>lounge <\/i>se transforme comme par enchantement en un <strong>restaurant sous les \u00e9toiles raffin\u00e9 et romantique<\/strong> pour offrir des \u00e9motions au bord de la mer, comme le plaisir exclusif et extraordinaire d\u2019un ap\u00e9ritif dans le murmure des vagues qui caressent la plage.<\/p>\n<p><strong>Des d\u00eeners d\u2019entreprise, des cocktails, des f\u00eates \u00e0 th\u00e8me et des r\u00e9ceptions de mariage dans un contexte jeune <\/strong>et informel per l\u2019organisation de soir\u00e9es inoubliables. Les espaces, r\u00e9serv\u00e9s en exclusive, sont tout \u00e0 fait indiqu\u00e9s pour <strong>l\u2019organisation de <\/strong><i><strong>lectures<\/strong> <\/i><strong>sous<\/strong> <strong>les \u00e9toiles <\/strong>en compagnie des auteurs contemporains, <strong>d\u2019\u00e9v\u00e9nements culturels et de <i>vernissage<\/i><\/strong>. Un espace o\u00f9 passer aussi d\u2019agr\u00e9ables moments de travail: <strong>un <i>endroit <\/i>in\u00e9dit pour l\u2019exposition de produits, road <i>show <\/i>et activit\u00e9s<\/strong> <strong>de <\/strong>team building \u00e0 l\u2019ext\u00e9rieur, <strong>ou encore un cadre suggestif pour les d\u00e9fil\u00e9s<\/strong>. Un endroit original pour la r\u00e9alisation de pause-caf\u00e9, <strong><i>brunch <\/i>et <i>happy hour<\/i><\/strong>.<\/p>\n<div id='gallery-1' class='gallery galleryid-1286  gallery-size-full'><div class='owl-carousel owl-carousel-multiple-carousel-style'\n\t\t\t\t\t\t\tdata-owl-navigation='true'\n\t\t\t\t\t\t\tdata-owl-slide-speed='300'\n\t\t\t\t\t\t\tdata-owl-autoplay='false'\n\t\t\t\t\t\t\tdata-owl-dots='false'\n\t\t\t\t\t\t\tdata-owl-dots-speed='300'\n\t\t\t\t\t\t\tdata-owl-items-xs='1'data-owl-items-sm='2'data-owl-items-md='3'data-owl-items-lg='3'data-owl-items-xl='3'\n\t\t\t\t\t\t><figure class='gallery-item'>\n\t\t\t\t<div class='gallery-icon landscape'>\n\t\t\t\t\t<a href='https:\/\/www.hotelmaestrale.com\/wp-content\/uploads\/2020\/02\/Gallery-Spiaggia-06-Suite-Hotel-Maestrale-Riccione.jpg' data-size=\"1000x700\"><img loading=\"lazy\" decoding=\"async\" width=\"1000\" height=\"700\" src=\"https:\/\/www.hotelmaestrale.com\/wp-content\/uploads\/2020\/02\/Gallery-Spiaggia-06-Suite-Hotel-Maestrale-Riccione.jpg\" class=\"attachment-full size-full\" alt=\"\" \/><\/a>\n\t\t\t\t<\/div><\/figure><figure class='gallery-item'>\n\t\t\t\t<div class='gallery-icon landscape'>\n\t\t\t\t\t<a href='https:\/\/www.hotelmaestrale.com\/wp-content\/uploads\/2020\/02\/Gallery-Spiaggia-01-Suite-Hotel-Maestrale-Riccione.jpg' data-size=\"1000x700\"><img loading=\"lazy\" decoding=\"async\" width=\"1000\" height=\"700\" src=\"https:\/\/www.hotelmaestrale.com\/wp-content\/uploads\/2020\/02\/Gallery-Spiaggia-01-Suite-Hotel-Maestrale-Riccione.jpg\" class=\"attachment-full size-full\" alt=\"\" \/><\/a>\n\t\t\t\t<\/div><\/figure><figure class='gallery-item'>\n\t\t\t\t<div class='gallery-icon landscape'>\n\t\t\t\t\t<a href='https:\/\/www.hotelmaestrale.com\/wp-content\/uploads\/2022\/12\/spiaggia_moncheri3.jpg' data-size=\"1000x700\"><img loading=\"lazy\" decoding=\"async\" width=\"1000\" height=\"700\" src=\"https:\/\/www.hotelmaestrale.com\/wp-content\/uploads\/2022\/12\/spiaggia_moncheri3.jpg\" class=\"attachment-full size-full\" alt=\"\" \/><\/a>\n\t\t\t\t<\/div><\/figure><figure class='gallery-item'>\n\t\t\t\t<div class='gallery-icon landscape'>\n\t\t\t\t\t<a href='https:\/\/www.hotelmaestrale.com\/wp-content\/uploads\/2020\/02\/Gallery-Spiaggia-02-Suite-Hotel-Maestrale-Riccione.jpg' data-size=\"1000x700\"><img loading=\"lazy\" decoding=\"async\" width=\"1000\" height=\"700\" src=\"https:\/\/www.hotelmaestrale.com\/wp-content\/uploads\/2020\/02\/Gallery-Spiaggia-02-Suite-Hotel-Maestrale-Riccione.jpg\" class=\"attachment-full size-full\" alt=\"\" \/><\/a>\n\t\t\t\t<\/div><\/figure><figure class='gallery-item'>\n\t\t\t\t<div class='gallery-icon landscape'>\n\t\t\t\t\t<a href='https:\/\/www.hotelmaestrale.com\/wp-content\/uploads\/2020\/02\/Gallery-Spiaggia-04-Suite-Hotel-Maestrale-Riccione.jpg' data-size=\"1000x700\"><img loading=\"lazy\" decoding=\"async\" width=\"1000\" height=\"700\" src=\"https:\/\/www.hotelmaestrale.com\/wp-content\/uploads\/2020\/02\/Gallery-Spiaggia-04-Suite-Hotel-Maestrale-Riccione.jpg\" class=\"attachment-full size-full\" alt=\"\" \/><\/a>\n\t\t\t\t<\/div><\/figure><figure class='gallery-item'>\n\t\t\t\t<div class='gallery-icon landscape'>\n\t\t\t\t\t<a href='https:\/\/www.hotelmaestrale.com\/wp-content\/uploads\/2022\/12\/spiaggia_moncheri6.jpg' data-size=\"1000x700\"><img loading=\"lazy\" decoding=\"async\" width=\"1000\" height=\"700\" src=\"https:\/\/www.hotelmaestrale.com\/wp-content\/uploads\/2022\/12\/spiaggia_moncheri6.jpg\" class=\"attachment-full size-full\" alt=\"\" \/><\/a>\n\t\t\t\t<\/div><\/figure><figure class='gallery-item'>\n\t\t\t\t<div class='gallery-icon landscape'>\n\t\t\t\t\t<a href='https:\/\/www.hotelmaestrale.com\/wp-content\/uploads\/2022\/12\/spiaggia_moncheri5.jpg' data-size=\"1000x700\"><img loading=\"lazy\" decoding=\"async\" width=\"1000\" height=\"700\" src=\"https:\/\/www.hotelmaestrale.com\/wp-content\/uploads\/2022\/12\/spiaggia_moncheri5.jpg\" class=\"attachment-full size-full\" alt=\"\" \/><\/a>\n\t\t\t\t<\/div><\/figure><figure class='gallery-item'>\n\t\t\t\t<div class='gallery-icon landscape'>\n\t\t\t\t\t<a href='https:\/\/www.hotelmaestrale.com\/wp-content\/uploads\/2022\/12\/spiaggia_moncheri4.jpg' data-size=\"1000x700\"><img loading=\"lazy\" decoding=\"async\" width=\"1000\" height=\"700\" src=\"https:\/\/www.hotelmaestrale.com\/wp-content\/uploads\/2022\/12\/spiaggia_moncheri4.jpg\" class=\"attachment-full size-full\" alt=\"\" \/><\/a>\n\t\t\t\t<\/div><\/figure><figure class='gallery-item'>\n\t\t\t\t<div class='gallery-icon landscape'>\n\t\t\t\t\t<a href='https:\/\/www.hotelmaestrale.com\/wp-content\/uploads\/2020\/02\/Gallery-Spiaggia-05-Suite-Hotel-Maestrale-Riccione.jpg' data-size=\"1000x700\"><img loading=\"lazy\" decoding=\"async\" width=\"1000\" height=\"700\" src=\"https:\/\/www.hotelmaestrale.com\/wp-content\/uploads\/2020\/02\/Gallery-Spiaggia-05-Suite-Hotel-Maestrale-Riccione.jpg\" class=\"attachment-full size-full\" alt=\"\" \/><\/a>\n\t\t\t\t<\/div><\/figure><figure class='gallery-item'>\n\t\t\t\t<div class='gallery-icon landscape'>\n\t\t\t\t\t<a href='https:\/\/www.hotelmaestrale.com\/wp-content\/uploads\/2022\/12\/spiaggia_moncheri2.jpg' data-size=\"1000x700\"><img loading=\"lazy\" decoding=\"async\" width=\"1000\" height=\"700\" src=\"https:\/\/www.hotelmaestrale.com\/wp-content\/uploads\/2022\/12\/spiaggia_moncheri2.jpg\" class=\"attachment-full size-full\" alt=\"\" \/><\/a>\n\t\t\t\t<\/div><\/figure><figure class='gallery-item'>\n\t\t\t\t<div class='gallery-icon landscape'>\n\t\t\t\t\t<a href='https:\/\/www.hotelmaestrale.com\/wp-content\/uploads\/2022\/12\/spiaggia_moncheri.jpg' data-size=\"1000x700\"><img loading=\"lazy\" decoding=\"async\" width=\"1000\" height=\"700\" src=\"https:\/\/www.hotelmaestrale.com\/wp-content\/uploads\/2022\/12\/spiaggia_moncheri.jpg\" class=\"attachment-full size-full\" alt=\"\" \/><\/a>\n\t\t\t\t<\/div><\/figure><figure class='gallery-item'>\n\t\t\t\t<div class='gallery-icon landscape'>\n\t\t\t\t\t<a href='https:\/\/www.hotelmaestrale.com\/wp-content\/uploads\/2020\/02\/Gallery-Spiaggia-03-Suite-Hotel-Maestrale-Riccione.jpg' data-size=\"1000x700\"><img loading=\"lazy\" decoding=\"async\" width=\"1000\" height=\"700\" src=\"https:\/\/www.hotelmaestrale.com\/wp-content\/uploads\/2020\/02\/Gallery-Spiaggia-03-Suite-Hotel-Maestrale-Riccione.jpg\" class=\"attachment-full size-full\" alt=\"\" \/><\/a>\n\t\t\t\t<\/div><\/figure>\n\t\t\t<\/div>\n<\/div>\n\n<p><strong>Si vous choisissez un type de s\u00e9jour o\u00f9 la plage est incluse et vous souhaitez un emplacement different, ci-dessous les suppl\u00e9ments<\/strong><strong>:<\/strong><\/p>\n<ul>\n<li>Tente Suite avec salon + cabine offerte sur demande 40,00 \u20ac par jour<\/li>\n<li>Rang\u00e9e I parasols 20,00 \u20ac par jour<\/li>\n<li>Rang\u00e9es II, III, IV, V parasols 15,00 \u20ac par jour<\/li>\n<li>Rang\u00e9es VI, VII grands parasols 15,00 \u20ac par jour<\/li>\n<li>Cabine 12,00 \u20ac par jour<\/li>\n<li>Gazebo 120,00 \u20ac par jour<\/li>\n<li>Transat suppl\u00e9mentaire 15,00 \u20ac par jour<\/li>\n<li>Suppl\u00e9ment zone animaux 15,00 \u20ac par jour<\/li>\n<\/ul>\n<p><a href=\"https:\/\/www.hotelmaestrale.com\/wp-content\/uploads\/2026\/03\/PIANTINA_SPIAGGIA_20263_FRA.jpg\"><img loading=\"lazy\" decoding=\"async\" class=\"alignnone wp-image-7966 size-full\" src=\"https:\/\/www.hotelmaestrale.com\/wp-content\/uploads\/2026\/03\/PIANTINA_SPIAGGIA_20263_FRA.jpg\" alt=\"\" width=\"2079\" height=\"1476\" data-big-size=\"2079x1476\" \/><\/a><\/p>\n","protected":false},"excerpt":{"rendered":"<p>Le jour&#8230; La plage de 6000 m2 avec 200 points d\u2019ombre\u00a0peut \u00eatre aussi utilis\u00e9e pour des activit\u00e9s formatives et de team building, vous y trouverez un restaurant, deux piscines pour adultes et enfants, 2 jacuzzis, des zones Relax, douches chaudes et froides, cabines avec table \u00e0 langer\u00a0et du divertissement \u00e0 gogo per tous. Dans notre\u00a0plage Le Palme Beach 88-89\u00a0vous trouverez ceci et beaucoup d\u2019autres choses encore! Le blanc est dominant &#8230;<\/p>\n","protected":false},"author":4,"featured_media":0,"parent":0,"menu_order":0,"comment_status":"closed","ping_status":"closed","template":"","meta":{"_acf_changed":false},"class_list":["post-1286","page","type-page","status-publish","hentry"],"acf":[],"_links":{"self":[{"href":"https:\/\/www.hotelmaestrale.com\/fr\/wp-json\/wp\/v2\/pages\/1286","targetHints":{"allow":["GET"]}}],"collection":[{"href":"https:\/\/www.hotelmaestrale.com\/fr\/wp-json\/wp\/v2\/pages"}],"about":[{"href":"https:\/\/www.hotelmaestrale.com\/fr\/wp-json\/wp\/v2\/types\/page"}],"author":[{"embeddable":true,"href":"https:\/\/www.hotelmaestrale.com\/fr\/wp-json\/wp\/v2\/users\/4"}],"replies":[{"embeddable":true,"href":"https:\/\/www.hotelmaestrale.com\/fr\/wp-json\/wp\/v2\/comments?post=1286"}],"version-history":[{"count":0,"href":"https:\/\/www.hotelmaestrale.com\/fr\/wp-json\/wp\/v2\/pages\/1286\/revisions"}],"wp:attachment":[{"href":"https:\/\/www.hotelmaestrale.com\/fr\/wp-json\/wp\/v2\/media?parent=1286"}],"curies":[{"name":"wp","href":"https:\/\/api.w.org\/{rel}","templated":true}]}}