{"id":1305,"date":"2020-07-01T10:32:19","date_gmt":"2020-07-01T08:32:19","guid":{"rendered":"https:\/\/www.hotelmaestrale.com\/?page_id=1305"},"modified":"2025-09-16T10:17:29","modified_gmt":"2025-09-16T08:17:29","slug":"nos-services-a-4-etoiles","status":"publish","type":"page","link":"https:\/\/www.hotelmaestrale.com\/fr\/nos-services-a-4-etoiles\/","title":{"rendered":"Pourquoi nous choisir"},"content":{"rendered":"<ul>\n<li><strong>Emplacement central<\/strong> : \u00c0 seulement 300 m\u00e8tres de notre plage priv\u00e9e et \u00e0 2\u20133 minutes \u00e0 pied des magasins et restaurants.<\/li>\n<li><strong>Petit-d\u00e9jeuner relaxant<\/strong> : Profitez d\u2019un petit-d\u00e9jeuner tranquille dans la v\u00e9randa ou, en \u00e9t\u00e9, dans le jardin verdoyant.<\/li>\n<li><strong>Sky TV<\/strong> dans toutes les chambres.<\/li>\n<li><strong>Smart TV<\/strong> : Diffusez facilement tous vos contenus sans fil.<\/li>\n<li><strong>Connexion Wi-Fi<\/strong> dans tout l\u2019h\u00f4tel.<\/li>\n<li><strong>Parking souterrain r\u00e9serv\u00e9<\/strong> : \u00c0 quelques m\u00e8tres de l\u2019h\u00f4tel, gratuit avec certaines formules de s\u00e9jour.<\/li>\n<li><strong>Borne de recharge DriWe<\/strong> : Situ\u00e9e \u00e0 seulement 100 m\u00e8tres, compatible avec tous les mod\u00e8les de voitures \u00e9lectriques.<\/li>\n<li><strong data-start=\"181\" data-end=\"216\" data-is-only-node=\"\">Restaurant \u00e9l\u00e9gant avec v\u00e9randa<\/strong> pour <strong data-start=\"222\" data-end=\"255\">le petit-d\u00e9jeuner et le d\u00eener<\/strong>, de <strong data-start=\"260\" data-end=\"279\">mai \u00e0 septembre<\/strong>.<\/li>\n<li><strong>Les animaux domestiques sont les bienvenus.<\/strong><\/li>\n<\/ul>\n","protected":false},"excerpt":{"rendered":"<p>Emplacement central : \u00c0 seulement 300 m\u00e8tres de notre plage priv\u00e9e et \u00e0 2\u20133 minutes \u00e0 pied des magasins et restaurants. Petit-d\u00e9jeuner relaxant : Profitez d\u2019un petit-d\u00e9jeuner tranquille dans la v\u00e9randa ou, en \u00e9t\u00e9, dans le jardin verdoyant. Sky TV dans toutes les chambres. Smart TV : Diffusez facilement tous vos contenus sans fil. Connexion Wi-Fi dans tout l\u2019h\u00f4tel. Parking souterrain r\u00e9serv\u00e9 : \u00c0 quelques m\u00e8tres de l\u2019h\u00f4tel, gratuit avec &#8230;<\/p>\n","protected":false},"author":4,"featured_media":0,"parent":0,"menu_order":0,"comment_status":"closed","ping_status":"closed","template":"","meta":{"_acf_changed":false},"class_list":["post-1305","page","type-page","status-publish","hentry"],"acf":[],"_links":{"self":[{"href":"https:\/\/www.hotelmaestrale.com\/fr\/wp-json\/wp\/v2\/pages\/1305","targetHints":{"allow":["GET"]}}],"collection":[{"href":"https:\/\/www.hotelmaestrale.com\/fr\/wp-json\/wp\/v2\/pages"}],"about":[{"href":"https:\/\/www.hotelmaestrale.com\/fr\/wp-json\/wp\/v2\/types\/page"}],"author":[{"embeddable":true,"href":"https:\/\/www.hotelmaestrale.com\/fr\/wp-json\/wp\/v2\/users\/4"}],"replies":[{"embeddable":true,"href":"https:\/\/www.hotelmaestrale.com\/fr\/wp-json\/wp\/v2\/comments?post=1305"}],"version-history":[{"count":0,"href":"https:\/\/www.hotelmaestrale.com\/fr\/wp-json\/wp\/v2\/pages\/1305\/revisions"}],"wp:attachment":[{"href":"https:\/\/www.hotelmaestrale.com\/fr\/wp-json\/wp\/v2\/media?parent=1305"}],"curies":[{"name":"wp","href":"https:\/\/api.w.org\/{rel}","templated":true}]}}