{"id":1311,"date":"2020-07-01T11:00:11","date_gmt":"2020-07-01T09:00:11","guid":{"rendered":"https:\/\/www.hotelmaestrale.com\/?page_id=1311"},"modified":"2023-03-30T12:18:11","modified_gmt":"2023-03-30T10:18:11","slug":"les-chambres","status":"publish","type":"page","link":"https:\/\/www.hotelmaestrale.com\/fr\/les-chambres\/","title":{"rendered":"Les Chambres"},"content":{"rendered":"<h2>\u00c9l\u00e9gance et confort au centre de Riccione<\/h2>\n<p>\u00c0 l&rsquo;<strong>H\u00f4tel Suite Maestrale de Riccione<\/strong>, vous trouverez un choix d&rsquo;h\u00e9bergements si vari\u00e9 que vous finirez par en tomber amoureux. Il y a <strong>30 splendides chambres<\/strong>, dont <strong>3 chambres classiques<\/strong> et <strong>13 chambres sup\u00e9rieures<\/strong> de confort, <strong>9 suites Junior<\/strong> adapt\u00e9es aux familles, <strong>1 suite Penthouse<\/strong> et 4 suites dans la structure voisine de la Casa Riva, la nouveaut\u00e9 exclusive de cette saison.<\/p>\n<p>Toutes les chambres ont \u00e9t\u00e9 r\u00e9nov\u00e9es en termes d&rsquo;ameublement, sont <strong>confortables et \u00e9l\u00e9gantes<\/strong>, climatis\u00e9es, \u00e9quip\u00e9es d&rsquo;un minibar, d&rsquo;un coffre-fort, de Sky et de Pay per view. La suite Penthouse unique en son genre offre un balcon avec une <strong>splendide vue sur l&rsquo;Adriatique<\/strong>, tandis que les 4 suites dans la villa adjacente sont une concentration de luxe et de design, avec un jacuzzi priv\u00e9, un jardin o\u00f9 vous pourrez vous d\u00e9tendre et prendre un bain de soleil au rez-de-chauss\u00e9e, et un balcon donnant sur la mer pour ceux du premier \u00e9tage.<\/p>\n<p>L&rsquo;H\u00f4tel Suite Maestrale de Riccione propose un <strong>service de chambre gratuit<\/strong>: vous pourrez vous faire plaisir en prenant le petit-d\u00e9jeuner au lit sans penser \u00e0 autre chose qu&rsquo;\u00e0 votre plaisir.<\/p>\n","protected":false},"excerpt":{"rendered":"<p>\u00c9l\u00e9gance et confort au centre de Riccione \u00c0 l&rsquo;H\u00f4tel Suite Maestrale de Riccione, vous trouverez un choix d&rsquo;h\u00e9bergements si vari\u00e9 que vous finirez par en tomber amoureux. Il y a 30 splendides chambres, dont 3 chambres classiques et 13 chambres sup\u00e9rieures de confort, 9 suites Junior adapt\u00e9es aux familles, 1 suite Penthouse et 4 suites dans la structure voisine de la Casa Riva, la nouveaut\u00e9 exclusive de cette saison. Toutes &#8230;<\/p>\n","protected":false},"author":4,"featured_media":0,"parent":0,"menu_order":0,"comment_status":"closed","ping_status":"closed","template":"template\/template.camere.php","meta":{"_acf_changed":false},"class_list":["post-1311","page","type-page","status-publish","hentry"],"acf":[],"_links":{"self":[{"href":"https:\/\/www.hotelmaestrale.com\/fr\/wp-json\/wp\/v2\/pages\/1311","targetHints":{"allow":["GET"]}}],"collection":[{"href":"https:\/\/www.hotelmaestrale.com\/fr\/wp-json\/wp\/v2\/pages"}],"about":[{"href":"https:\/\/www.hotelmaestrale.com\/fr\/wp-json\/wp\/v2\/types\/page"}],"author":[{"embeddable":true,"href":"https:\/\/www.hotelmaestrale.com\/fr\/wp-json\/wp\/v2\/users\/4"}],"replies":[{"embeddable":true,"href":"https:\/\/www.hotelmaestrale.com\/fr\/wp-json\/wp\/v2\/comments?post=1311"}],"version-history":[{"count":0,"href":"https:\/\/www.hotelmaestrale.com\/fr\/wp-json\/wp\/v2\/pages\/1311\/revisions"}],"wp:attachment":[{"href":"https:\/\/www.hotelmaestrale.com\/fr\/wp-json\/wp\/v2\/media?parent=1311"}],"curies":[{"name":"wp","href":"https:\/\/api.w.org\/{rel}","templated":true}]}}