{"id":1325,"date":"2020-07-01T11:39:52","date_gmt":"2020-07-01T09:39:52","guid":{"rendered":"https:\/\/www.hotelmaestrale.com\/?page_id=1325"},"modified":"2020-07-01T11:39:52","modified_gmt":"2020-07-01T09:39:52","slug":"nous-sommes","status":"publish","type":"page","link":"https:\/\/www.hotelmaestrale.com\/fr\/nous-sommes\/","title":{"rendered":"Nous sommes"},"content":{"rendered":"<p><strong>Hotel Maestrale<\/strong><br \/>\nViale Giosu\u00e8 Carducci, 2<br \/>\n47838 Riccione<\/p>\n<p><a href=\"https:\/\/www.hotelmaestrale.com\/wp-content\/uploads\/2020\/02\/mappa_leardinigroup.pdf\" target=\"_blank\" rel=\"noopener noreferrer\">T\u00e9l\u00e9chargez la carte Leardinigroup &gt;&gt;<\/a><\/p>\n\n","protected":false},"excerpt":{"rendered":"<p>Hotel Maestrale Viale Giosu\u00e8 Carducci, 2 47838 Riccione T\u00e9l\u00e9chargez la carte Leardinigroup &gt;&gt;<\/p>\n","protected":false},"author":4,"featured_media":0,"parent":0,"menu_order":0,"comment_status":"closed","ping_status":"closed","template":"template\/template.mappa.php","meta":{"_acf_changed":false},"class_list":["post-1325","page","type-page","status-publish","hentry"],"acf":[],"_links":{"self":[{"href":"https:\/\/www.hotelmaestrale.com\/fr\/wp-json\/wp\/v2\/pages\/1325","targetHints":{"allow":["GET"]}}],"collection":[{"href":"https:\/\/www.hotelmaestrale.com\/fr\/wp-json\/wp\/v2\/pages"}],"about":[{"href":"https:\/\/www.hotelmaestrale.com\/fr\/wp-json\/wp\/v2\/types\/page"}],"author":[{"embeddable":true,"href":"https:\/\/www.hotelmaestrale.com\/fr\/wp-json\/wp\/v2\/users\/4"}],"replies":[{"embeddable":true,"href":"https:\/\/www.hotelmaestrale.com\/fr\/wp-json\/wp\/v2\/comments?post=1325"}],"version-history":[{"count":0,"href":"https:\/\/www.hotelmaestrale.com\/fr\/wp-json\/wp\/v2\/pages\/1325\/revisions"}],"wp:attachment":[{"href":"https:\/\/www.hotelmaestrale.com\/fr\/wp-json\/wp\/v2\/media?parent=1325"}],"curies":[{"name":"wp","href":"https:\/\/api.w.org\/{rel}","templated":true}]}}