{"id":1349,"date":"2020-07-01T12:57:06","date_gmt":"2020-07-01T10:57:06","guid":{"rendered":"https:\/\/www.hotelmaestrale.com\/?page_id=1349"},"modified":"2023-10-16T18:01:07","modified_gmt":"2023-10-16T16:01:07","slug":"suite-hotel-maestrale-riccione","status":"publish","type":"page","link":"https:\/\/www.hotelmaestrale.com\/fr\/","title":{"rendered":"Suite Hotel Maestrale Riccione"},"content":{"rendered":"<p><strong>Suite H\u00f4tel Maestrale<\/strong> est un lieu <strong>chaleureusement intime<\/strong>, <strong>ouvert toute l&rsquo;ann\u00e9e<\/strong>, o\u00f9 chaque d\u00e9tail refl\u00e8te recherche et attention \u00e0 la beaut\u00e9.<\/p>\n<p>Tr\u00e8s <strong>proche de la mer<\/strong> et <strong>en plein centre<\/strong>, c&rsquo;est un mod\u00e8le d&rsquo;accueil raffin\u00e9 et chaleureux, la r\u00e9ponse pour ceux qui aiment <strong>vivre des <a href=\"https:\/\/www.hotelmaestrale.com\/fr\/liste-des-propositions\/\">vacances <\/a><\/strong>reposantes compos\u00e9es de d\u00e9jeuners dans le vert de la v\u00e9randa, profiter de <strong>Junior Suites<\/strong> adapt\u00e9es \u00e0 une<strong> grande famille<\/strong> ou d&rsquo;un magnifique <strong>appartement au dernier \u00e9tage vue mer<\/strong>.<\/p>\n<p><a href=\"https:\/\/www.hotelmaestrale.com\/fr\/nos-services-a-4-etoiles\/\"><strong>Notre 4 \u00e9toiles<\/strong><\/a>, <a href=\"https:\/\/www.hotelmaestrale.com\/fr\/les-chambres\/\"><strong>26 chambres<\/strong>, dont <strong>10 suites<\/strong><\/a> \u00e9l\u00e9gantes, se trouve \u00e0 quelques pas du c\u00e9l\u00e8bre <strong>Viale Ceccarini<\/strong>, le<a href=\"https:\/\/www.hotelmaestrale.com\/fr\/dans-le-centre-de-riccione\/\"><strong> c\u0153ur en vogue de Riccione<\/strong><\/a>, et de la plage \u00ab\u00a0Le Palme 88-89\u00a0\u00bb, une <strong><a href=\"https:\/\/www.hotelmaestrale.com\/fr\/la-plage-privee\/\">plage priv\u00e9e<\/a> <\/strong>spacieuse et<strong> exclusive<\/strong> avec <strong>piscines<\/strong> pour petits et grands, <strong>jacuzzis<\/strong>, espaces d\u00e9tente et une buvette pour profiter de vos pauses sous le soleil (o\u00f9 inclus dans le type de s\u00e9jour).<\/p>\n<p>La grande nouveaut\u00e9 de cet \u00e9t\u00e9 sont les toutes <strong>nouvelles suites de Casa Riva,<\/strong> une villa exclusive \u00e0 c\u00f4t\u00e9 de l&rsquo;h\u00f4tel, avec <strong>4 suites de design<\/strong>, jacuzzi priv\u00e9 et pour les deux au rez-de-chauss\u00e9e, le jardin.<\/p>\n<p>Si vous <strong>\u00eates \u00e0 <a href=\"https:\/\/www.hotelmaestrale.com\/fr\/apres-le-congres\/\">Riccione pour affaires<\/a><\/strong>, quelques minutes suffisent pour rejoindre le <a href=\"https:\/\/www.hotelmaestrale.com\/fr\/palais-des-congres-riccione-palariccione\/\"><strong>Palais des congr\u00e8s <\/strong><\/a>super technologique, en oubliant la voiture jusqu&rsquo;\u00e0 votre d\u00e9part.<\/p>\n","protected":false},"excerpt":{"rendered":"<p>Suite H\u00f4tel Maestrale est un lieu chaleureusement intime, ouvert toute l&rsquo;ann\u00e9e, o\u00f9 chaque d\u00e9tail refl\u00e8te recherche et attention \u00e0 la beaut\u00e9. Tr\u00e8s proche de la mer et en plein centre, c&rsquo;est un mod\u00e8le d&rsquo;accueil raffin\u00e9 et chaleureux, la r\u00e9ponse pour ceux qui aiment vivre des vacances reposantes compos\u00e9es de d\u00e9jeuners dans le vert de la v\u00e9randa, profiter de Junior Suites adapt\u00e9es \u00e0 une grande famille ou d&rsquo;un magnifique appartement au &#8230;<\/p>\n","protected":false},"author":4,"featured_media":4619,"parent":0,"menu_order":0,"comment_status":"closed","ping_status":"open","template":"","meta":{"_acf_changed":false},"class_list":["post-1349","page","type-page","status-publish","has-post-thumbnail","hentry"],"acf":[],"_links":{"self":[{"href":"https:\/\/www.hotelmaestrale.com\/fr\/wp-json\/wp\/v2\/pages\/1349","targetHints":{"allow":["GET"]}}],"collection":[{"href":"https:\/\/www.hotelmaestrale.com\/fr\/wp-json\/wp\/v2\/pages"}],"about":[{"href":"https:\/\/www.hotelmaestrale.com\/fr\/wp-json\/wp\/v2\/types\/page"}],"author":[{"embeddable":true,"href":"https:\/\/www.hotelmaestrale.com\/fr\/wp-json\/wp\/v2\/users\/4"}],"replies":[{"embeddable":true,"href":"https:\/\/www.hotelmaestrale.com\/fr\/wp-json\/wp\/v2\/comments?post=1349"}],"version-history":[{"count":0,"href":"https:\/\/www.hotelmaestrale.com\/fr\/wp-json\/wp\/v2\/pages\/1349\/revisions"}],"wp:featuredmedia":[{"embeddable":true,"href":"https:\/\/www.hotelmaestrale.com\/fr\/wp-json\/wp\/v2\/media\/4619"}],"wp:attachment":[{"href":"https:\/\/www.hotelmaestrale.com\/fr\/wp-json\/wp\/v2\/media?parent=1349"}],"curies":[{"name":"wp","href":"https:\/\/api.w.org\/{rel}","templated":true}]}}