{"id":1358,"date":"2020-07-01T15:24:00","date_gmt":"2020-07-01T13:24:00","guid":{"rendered":"https:\/\/www.hotelmaestrale.com\/?page_id=1358"},"modified":"2023-12-19T12:25:22","modified_gmt":"2023-12-19T11:25:22","slug":"nos-restaurants","status":"publish","type":"page","link":"https:\/\/www.hotelmaestrale.com\/fr\/nos-restaurants\/","title":{"rendered":"Nos Restaurants"},"content":{"rendered":"<h2>L\u2019art se met au service de la table avec innovation et originalit\u00e9 en parcourant la ligne de la <strong> tradition romagnole si renomm\u00e9e<\/strong>.<\/h2>\n<p>Des formules slim pour le jour qui s\u2019adaptent au rythme de vos affaires et des soir\u00e9es que vous n\u2019oublierez jamais: nous d\u00e9sirons vous garantir le go\u00fbt exclusif d\u2019un style personnel <strong>r\u00e9alis\u00e9 en fonction des exigences de votre \u00e9v\u00e9nement<\/strong>.<br \/>\nDeux options que l\u2019h\u00f4tel vous propose: <strong>la salle panoramique Sesto Piano Restaurant<\/strong>\u00a0pour d\u00eener en admirant le port illumin\u00e9 et la plage <strong>ou la salle Libeccio dans l\u2019entresol<\/strong> avec acc\u00e8s \u00e0 la terrasse qui donne sur la promenade au bord de la mer. Avant de servir le d\u00eener, vos h\u00f4tes pourront d\u00e9guster les app\u00e9tissants amuse-gueules pr\u00e9par\u00e9s par notre chef. Ils pourront \u00eatre <strong>servis en \u00e9t\u00e9 au bord de la mer, \u00e0 la plage Le Palme<\/strong> face \u00e0 l\u2019h\u00f4tel, ou au <strong>GustaVino, un \u00e9l\u00e9gant <i>street bar<\/i> et si\u00e8ge de l\u2019\u0153noth\u00e8que r\u00e9gionale de l\u2019\u00c9milie Romagne<\/strong>, qui se trouve sur la promenade au bord de la mer, un lieu de design en mesure d\u2019accueillir de vrais moments cool et qui fera savourer \u00e0 vos h\u00f4tes l\u2019atmosph\u00e8re mouvement\u00e9e de notre ville.<\/p>\n<p>Aux restaurants accueillants de l\u2019h\u00f4tel s\u2019ajoutent les autres structures du groupe et vous n\u2019aurez que l\u2019embarras du choix pour vos soir\u00e9es: une grillade sous les \u00e9toiles au bord de la mer \u00e0 la plage Le Palme, un savoureux <strong>d\u00eener \u00e0 base de plats typiques de la cuisine romagnole<\/strong>, avec des p\u00e2tes maison et de la viande au barbecue, envo\u00fbt\u00e9s par la chaleureuse atmosph\u00e8re d\u2019une ancienne maison de paysans sur les proches collines \u00e0 la Locanda Girasoli ou encore dans un endroit que nous choisirons ensemble o\u00f9 l\u2019excellence sera garantie <strong>par le service de traiteur I Girasoli<\/strong>, faisant aussi partie du Leardini Group. Et pour les tr\u00e8s grands \u00e9v\u00e9nements, nous proposons le <strong>Parc Oltremare pouvant accueillir jusqu\u2019\u00e0 1.500 invit\u00e9s.<\/strong><\/p>\n","protected":false},"excerpt":{"rendered":"<p>L\u2019art se met au service de la table avec innovation et originalit\u00e9 en parcourant la ligne de la tradition romagnole si renomm\u00e9e. Des formules slim pour le jour qui s\u2019adaptent au rythme de vos affaires et des soir\u00e9es que vous n\u2019oublierez jamais: nous d\u00e9sirons vous garantir le go\u00fbt exclusif d\u2019un style personnel r\u00e9alis\u00e9 en fonction des exigences de votre \u00e9v\u00e9nement. Deux options que l\u2019h\u00f4tel vous propose: la salle panoramique Sesto &#8230;<\/p>\n","protected":false},"author":4,"featured_media":0,"parent":0,"menu_order":0,"comment_status":"closed","ping_status":"closed","template":"","meta":{"_acf_changed":false},"class_list":["post-1358","page","type-page","status-publish","hentry"],"acf":[],"_links":{"self":[{"href":"https:\/\/www.hotelmaestrale.com\/fr\/wp-json\/wp\/v2\/pages\/1358","targetHints":{"allow":["GET"]}}],"collection":[{"href":"https:\/\/www.hotelmaestrale.com\/fr\/wp-json\/wp\/v2\/pages"}],"about":[{"href":"https:\/\/www.hotelmaestrale.com\/fr\/wp-json\/wp\/v2\/types\/page"}],"author":[{"embeddable":true,"href":"https:\/\/www.hotelmaestrale.com\/fr\/wp-json\/wp\/v2\/users\/4"}],"replies":[{"embeddable":true,"href":"https:\/\/www.hotelmaestrale.com\/fr\/wp-json\/wp\/v2\/comments?post=1358"}],"version-history":[{"count":0,"href":"https:\/\/www.hotelmaestrale.com\/fr\/wp-json\/wp\/v2\/pages\/1358\/revisions"}],"wp:attachment":[{"href":"https:\/\/www.hotelmaestrale.com\/fr\/wp-json\/wp\/v2\/media?parent=1358"}],"curies":[{"name":"wp","href":"https:\/\/api.w.org\/{rel}","templated":true}]}}