{"id":1380,"date":"2020-07-01T16:33:54","date_gmt":"2020-07-01T14:33:54","guid":{"rendered":"https:\/\/www.hotelmaestrale.com\/?page_id=1380"},"modified":"2020-07-01T16:33:54","modified_gmt":"2020-07-01T14:33:54","slug":"services-personnalises","status":"publish","type":"page","link":"https:\/\/www.hotelmaestrale.com\/fr\/services-personnalises\/","title":{"rendered":"Services personnalis\u00e9s"},"content":{"rendered":"<p><strong>N&rsquo;\u00eates-vous pas comme des vacances au soleil et rien d&rsquo;autre?<\/strong> Ceci est alors la proposition pour vous! <strong>Choisissez comment personnaliser votre s\u00e9jour en fonction de vos int\u00e9r\u00eats et achetez le forfait que vous pr\u00e9f\u00e9rez<\/strong> pour transformer vos journ\u00e9es en mer en vacances parfaites!<\/p>\n<p>&nbsp;<\/p>\n","protected":false},"excerpt":{"rendered":"<p>N&rsquo;\u00eates-vous pas comme des vacances au soleil et rien d&rsquo;autre? Ceci est alors la proposition pour vous! Choisissez comment personnaliser votre s\u00e9jour en fonction de vos int\u00e9r\u00eats et achetez le forfait que vous pr\u00e9f\u00e9rez pour transformer vos journ\u00e9es en mer en vacances parfaites! &nbsp;<\/p>\n","protected":false},"author":4,"featured_media":0,"parent":0,"menu_order":0,"comment_status":"closed","ping_status":"closed","template":"template\/template.promohotels.php","meta":{"_acf_changed":false},"class_list":["post-1380","page","type-page","status-publish","hentry"],"acf":[],"_links":{"self":[{"href":"https:\/\/www.hotelmaestrale.com\/fr\/wp-json\/wp\/v2\/pages\/1380","targetHints":{"allow":["GET"]}}],"collection":[{"href":"https:\/\/www.hotelmaestrale.com\/fr\/wp-json\/wp\/v2\/pages"}],"about":[{"href":"https:\/\/www.hotelmaestrale.com\/fr\/wp-json\/wp\/v2\/types\/page"}],"author":[{"embeddable":true,"href":"https:\/\/www.hotelmaestrale.com\/fr\/wp-json\/wp\/v2\/users\/4"}],"replies":[{"embeddable":true,"href":"https:\/\/www.hotelmaestrale.com\/fr\/wp-json\/wp\/v2\/comments?post=1380"}],"version-history":[{"count":0,"href":"https:\/\/www.hotelmaestrale.com\/fr\/wp-json\/wp\/v2\/pages\/1380\/revisions"}],"wp:attachment":[{"href":"https:\/\/www.hotelmaestrale.com\/fr\/wp-json\/wp\/v2\/media?parent=1380"}],"curies":[{"name":"wp","href":"https:\/\/api.w.org\/{rel}","templated":true}]}}