{"id":3231,"date":"2023-02-28T12:23:28","date_gmt":"2023-02-28T11:23:28","guid":{"rendered":"https:\/\/www.hotelmaestrale.com\/le-nostre-serate-a-tema\/"},"modified":"2026-04-23T13:23:59","modified_gmt":"2026-04-23T11:23:59","slug":"nos-soirees-a-theme","status":"publish","type":"page","link":"https:\/\/www.hotelmaestrale.com\/fr\/nos-soirees-a-theme\/","title":{"rendered":"Nos Soir\u00e9es \u00e0 Th\u00e8me"},"content":{"rendered":"<h2>Romagna Food Experience<\/h2>\n<p><strong>Ne pensez-vous pas que la meilleure fa\u00e7on de d\u00e9couvrir un territoire est \u00e0 travers sa cuisine et ses plats ?<\/strong><\/p>\n<p>C&rsquo;est l&rsquo;exp\u00e9rience que nous voulons vous offrir.<\/p>\n<p>Dans votre service de demi-pension ou pension compl\u00e8te, vous pourrez choisir entre les soir\u00e9es \u00e0 th\u00e8me Hello Romagna ou Picnic. Ces deux propositions diff\u00e9rentes vous permettront de d\u00e9couvrir les saveurs authentiques de notre r\u00e9gion, les fruits de sa terre, en les vivant comme un v\u00e9ritable local, face \u00e0 la mer ou sous des oliviers centenaires dans une atmosph\u00e8re magique.<\/p>\n<h3><strong>Profitez de cette po\u00e9sie sur la table et gardez son ar\u00f4me dans vos souvenirs.<\/strong><\/h3>\n","protected":false},"excerpt":{"rendered":"<p>Romagna Food Experience Ne pensez-vous pas que la meilleure fa\u00e7on de d\u00e9couvrir un territoire est \u00e0 travers sa cuisine et ses plats ? C&rsquo;est l&rsquo;exp\u00e9rience que nous voulons vous offrir. Dans votre service de demi-pension ou pension compl\u00e8te, vous pourrez choisir entre les soir\u00e9es \u00e0 th\u00e8me Hello Romagna ou Picnic. Ces deux propositions diff\u00e9rentes vous permettront de d\u00e9couvrir les saveurs authentiques de notre r\u00e9gion, les fruits de sa terre, en &#8230;<\/p>\n","protected":false},"author":7,"featured_media":0,"parent":0,"menu_order":0,"comment_status":"closed","ping_status":"closed","template":"","meta":{"_acf_changed":false},"class_list":["post-3231","page","type-page","status-publish","hentry"],"acf":[],"_links":{"self":[{"href":"https:\/\/www.hotelmaestrale.com\/fr\/wp-json\/wp\/v2\/pages\/3231","targetHints":{"allow":["GET"]}}],"collection":[{"href":"https:\/\/www.hotelmaestrale.com\/fr\/wp-json\/wp\/v2\/pages"}],"about":[{"href":"https:\/\/www.hotelmaestrale.com\/fr\/wp-json\/wp\/v2\/types\/page"}],"author":[{"embeddable":true,"href":"https:\/\/www.hotelmaestrale.com\/fr\/wp-json\/wp\/v2\/users\/7"}],"replies":[{"embeddable":true,"href":"https:\/\/www.hotelmaestrale.com\/fr\/wp-json\/wp\/v2\/comments?post=3231"}],"version-history":[{"count":0,"href":"https:\/\/www.hotelmaestrale.com\/fr\/wp-json\/wp\/v2\/pages\/3231\/revisions"}],"wp:attachment":[{"href":"https:\/\/www.hotelmaestrale.com\/fr\/wp-json\/wp\/v2\/media?parent=3231"}],"curies":[{"name":"wp","href":"https:\/\/api.w.org\/{rel}","templated":true}]}}