{"id":3718,"date":"2023-03-20T12:22:46","date_gmt":"2023-03-20T11:22:46","guid":{"rendered":"https:\/\/www.hotelmaestrale.com\/casa-riva-suite\/"},"modified":"2025-09-12T10:26:03","modified_gmt":"2025-09-12T08:26:03","slug":"suites-casa-riva","status":"publish","type":"page","link":"https:\/\/www.hotelmaestrale.com\/fr\/suites-casa-riva\/","title":{"rendered":"Les Suites de Casa Riva"},"content":{"rendered":"<p>Oubliez l&rsquo;h\u00f4tel traditionnel. <strong>Casa Riva est une mani\u00e8re totalement nouvelle et diff\u00e9rente de vivre Riccione<\/strong>, immerg\u00e9 dans le design et le parfum de la mer que vous aurez toujours devant les yeux.<\/p>\n<p><strong>Une petite villa avec 4 unit\u00e9s<\/strong> \u00e0 inaugurer, des espaces privil\u00e9gi\u00e9s o\u00f9 les meubles, les mat\u00e9riaux utilis\u00e9s et les d\u00e9tails de la d\u00e9coration int\u00e9rieure refl\u00e8tent un luxe habitable, pr\u00e9cieux mais toujours \u00e9l\u00e9gamment discret.<\/p>\n<p>Beaucoup de blanc pour refl\u00e9ter la lumi\u00e8re naturelle, du bois pour r\u00e9chauffer l&rsquo;atmosph\u00e8re et des touches de couleur pour personnaliser chaque espace.<\/p>\n<p><strong>Toutes les suites disposent d&rsquo;un jacuzzi priv\u00e9<\/strong> pour offrir aux clients des moments de d\u00e9tente absolue en toute saison.<\/p>\n<p>La proximit\u00e9 de Casa Riva avec l&rsquo;h\u00f4tel Maestrale permettra aux clients de profiter de <strong>tous les services de l&rsquo;h\u00f4tel de charme<\/strong>, du petit d\u00e9jeuner au d\u00eener, qui seront servis en terrasse ou dans le jardin pendant la belle saison, au milieu de la verdure du matin et des ciels \u00e9toil\u00e9s des soir\u00e9es d&rsquo;\u00e9t\u00e9.<\/p>\n","protected":false},"excerpt":{"rendered":"<p>Oubliez l&rsquo;h\u00f4tel traditionnel. Casa Riva est une mani\u00e8re totalement nouvelle et diff\u00e9rente de vivre Riccione, immerg\u00e9 dans le design et le parfum de la mer que vous aurez toujours devant les yeux. Une petite villa avec 4 unit\u00e9s \u00e0 inaugurer, des espaces privil\u00e9gi\u00e9s o\u00f9 les meubles, les mat\u00e9riaux utilis\u00e9s et les d\u00e9tails de la d\u00e9coration int\u00e9rieure refl\u00e8tent un luxe habitable, pr\u00e9cieux mais toujours \u00e9l\u00e9gamment discret. Beaucoup de blanc pour refl\u00e9ter &#8230;<\/p>\n","protected":false},"author":7,"featured_media":4445,"parent":0,"menu_order":0,"comment_status":"closed","ping_status":"closed","template":"","meta":{"_acf_changed":false},"class_list":["post-3718","page","type-page","status-publish","has-post-thumbnail","hentry"],"acf":[],"_links":{"self":[{"href":"https:\/\/www.hotelmaestrale.com\/fr\/wp-json\/wp\/v2\/pages\/3718","targetHints":{"allow":["GET"]}}],"collection":[{"href":"https:\/\/www.hotelmaestrale.com\/fr\/wp-json\/wp\/v2\/pages"}],"about":[{"href":"https:\/\/www.hotelmaestrale.com\/fr\/wp-json\/wp\/v2\/types\/page"}],"author":[{"embeddable":true,"href":"https:\/\/www.hotelmaestrale.com\/fr\/wp-json\/wp\/v2\/users\/7"}],"replies":[{"embeddable":true,"href":"https:\/\/www.hotelmaestrale.com\/fr\/wp-json\/wp\/v2\/comments?post=3718"}],"version-history":[{"count":0,"href":"https:\/\/www.hotelmaestrale.com\/fr\/wp-json\/wp\/v2\/pages\/3718\/revisions"}],"wp:featuredmedia":[{"embeddable":true,"href":"https:\/\/www.hotelmaestrale.com\/fr\/wp-json\/wp\/v2\/media\/4445"}],"wp:attachment":[{"href":"https:\/\/www.hotelmaestrale.com\/fr\/wp-json\/wp\/v2\/media?parent=3718"}],"curies":[{"name":"wp","href":"https:\/\/api.w.org\/{rel}","templated":true}]}}