{"id":3990,"date":"2023-12-07T10:36:28","date_gmt":"2023-12-07T09:36:28","guid":{"rendered":"https:\/\/www.hotelmaestrale.com\/bike-tour-riccione-romagna\/"},"modified":"2023-12-19T11:37:28","modified_gmt":"2023-12-19T10:37:28","slug":"tour-a-velo-riccione-romagna","status":"publish","type":"page","link":"https:\/\/www.hotelmaestrale.com\/fr\/tour-a-velo-riccione-romagna\/","title":{"rendered":"Tour \u00e0 v\u00e9lo"},"content":{"rendered":"<h2>C&rsquo;est le moment de d\u00e9couvrir l&rsquo;\u00c9milie-Romagne et Riccione sous un angle diff\u00e9rent, en p\u00e9dalant avec nous.<\/h2>\n<p>En plus de la mer, vous pourrez explorer ses collines charmantes, les villages m\u00e9di\u00e9vaux et les d\u00e9lices gastronomiques qui ont rendu ces r\u00e9gions c\u00e9l\u00e8bres. Avec l&rsquo;<strong>e-bike<\/strong>, <strong>un v\u00e9lo \u00e0 assistance \u00e9lectrique<\/strong>, vous pourrez profiter sans trop d&rsquo;efforts des merveilles de ces lieux, en faisant des pauses dans des endroits typiques pour savourer la riche tradition culinaire locale.<\/p>\n<p><strong>Vous pouvez louer votre e-bike<\/strong> et partir <strong>seul<\/strong> ou <strong>en groupe<\/strong>, <strong>peut-\u00eatre avec un guide<\/strong>.<\/p>\n<p><strong>D\u00e9couvrez les circuits<\/strong> avec notre partenaire affili\u00e9 <a href=\"https:\/\/romagna.bike\/\">Romagna.bike<\/a> et vivez l&rsquo;\u00e9motion d&rsquo;une exp\u00e9rience de vacances.<\/p>\n<h3>Les services exclusifs con\u00e7us pour vous :<\/h3>\n<ul>\n<li><strong>Tarif de location sp\u00e9cial<\/strong> pour les v\u00e9los \u00e9lectriques trekking et city <strong>\u00e0 partir de 24,00 \u20ac par jour<\/strong> jusqu&rsquo;\u00e0 69,00 \u20ac pour diff\u00e9rents mod\u00e8les.<\/li>\n<li><strong>Bon de r\u00e9duction exclusif de 5 %<\/strong> pour nos clients pour les r\u00e9servations en ligne ; <strong>code F22C-861C <\/strong><\/li>\n<li><strong>Livraison gratuite \u00e0 l&rsquo;h\u00f4tel<\/strong> + chargeur inclus dans le prix de location.<\/li>\n<\/ul>\n<p>Possibilit\u00e9 de <strong>r\u00e9server ind\u00e9pendamment<\/strong> <strong>la location de v\u00e9los<\/strong> sur le lien suivant : <a href=\"https:\/\/www.misanocircuit.com\/prenotazione_ebike\/\">https:\/\/www.misanocircuit.com\/prenotazione_ebike\/<\/a><\/p>\n<p>Possibilit\u00e9 de <strong>r\u00e9server des circuits<\/strong> ind\u00e9pendamment sur le lien suivant : <a href=\"https:\/\/romagnabike.captainbook.io\/it\/embedded\/all\">https:\/\/romagnabike.captainbook.io\/it\/embedded\/all<\/a><\/p>\n","protected":false},"excerpt":{"rendered":"<p>C&rsquo;est le moment de d\u00e9couvrir l&rsquo;\u00c9milie-Romagne et Riccione sous un angle diff\u00e9rent, en p\u00e9dalant avec nous. En plus de la mer, vous pourrez explorer ses collines charmantes, les villages m\u00e9di\u00e9vaux et les d\u00e9lices gastronomiques qui ont rendu ces r\u00e9gions c\u00e9l\u00e8bres. Avec l&rsquo;e-bike, un v\u00e9lo \u00e0 assistance \u00e9lectrique, vous pourrez profiter sans trop d&rsquo;efforts des merveilles de ces lieux, en faisant des pauses dans des endroits typiques pour savourer la riche &#8230;<\/p>\n","protected":false},"author":7,"featured_media":0,"parent":0,"menu_order":0,"comment_status":"closed","ping_status":"closed","template":"","meta":{"_acf_changed":false},"class_list":["post-3990","page","type-page","status-publish","hentry"],"acf":[],"_links":{"self":[{"href":"https:\/\/www.hotelmaestrale.com\/fr\/wp-json\/wp\/v2\/pages\/3990","targetHints":{"allow":["GET"]}}],"collection":[{"href":"https:\/\/www.hotelmaestrale.com\/fr\/wp-json\/wp\/v2\/pages"}],"about":[{"href":"https:\/\/www.hotelmaestrale.com\/fr\/wp-json\/wp\/v2\/types\/page"}],"author":[{"embeddable":true,"href":"https:\/\/www.hotelmaestrale.com\/fr\/wp-json\/wp\/v2\/users\/7"}],"replies":[{"embeddable":true,"href":"https:\/\/www.hotelmaestrale.com\/fr\/wp-json\/wp\/v2\/comments?post=3990"}],"version-history":[{"count":0,"href":"https:\/\/www.hotelmaestrale.com\/fr\/wp-json\/wp\/v2\/pages\/3990\/revisions"}],"wp:attachment":[{"href":"https:\/\/www.hotelmaestrale.com\/fr\/wp-json\/wp\/v2\/media?parent=3990"}],"curies":[{"name":"wp","href":"https:\/\/api.w.org\/{rel}","templated":true}]}}