{"id":7944,"date":"2026-02-12T11:16:43","date_gmt":"2026-02-12T10:16:43","guid":{"rendered":"https:\/\/www.lungomare.com\/la-tua-vacanza-protetta-dal-nostro-partner-care4you\/"},"modified":"2026-02-17T11:36:31","modified_gmt":"2026-02-17T10:36:31","slug":"vos-vacances-protegees-par-notre-partenaire-care4uhotel","status":"publish","type":"page","link":"https:\/\/www.hotelmaestrale.com\/fr\/vos-vacances-protegees-par-notre-partenaire-care4uhotel\/","title":{"rendered":"Vos vacances prot\u00e9g\u00e9es par notre partenaire Care4uhotel"},"content":{"rendered":"<p>R\u00e9server \u00e0 l\u2019avance est toujours une belle sensation\u2026 mais il peut arriver que quelque chose change.<br \/>\nUn impr\u00e9vu, un probl\u00e8me de sant\u00e9, un accident ou un engagement soudain peuvent vous obliger<br \/>\n\u00e0 <strong>modifier ou annuler vos vacances<\/strong>.<\/p>\n<p>Pour cette raison, vous pouvez choisir <strong>l\u2019assurance Care4uhotel<\/strong>, con\u00e7ue pour prot\u00e9ger votre s\u00e9jour<br \/>\nen cas d\u2019annulation due \u00e0 :<\/p>\n<ul>\n<li><strong>Maladie ou accident<\/strong><\/li>\n<li><strong>Deuil familial<\/strong><\/li>\n<li><strong>Grossesse<\/strong><\/li>\n<li><strong>Convocation comme jur\u00e9 ou t\u00e9moin<\/strong><\/li>\n<li><strong>Accident de la route<\/strong><\/li>\n<li><strong>Perte d\u2019emploi<\/strong><\/li>\n<li><strong>Retard \u00e0 l\u2019arriv\u00e9e<\/strong><\/li>\n<li><strong>Dommages \u00e0 votre habitation<\/strong><\/li>\n<li><strong>\u00c9v\u00e9nements naturels extraordinaires<\/strong><\/li>\n<\/ul>\n<p>Vous pourrez ainsi organiser vos vacances avec <strong>plus de s\u00e9r\u00e9nit\u00e9<\/strong>,<br \/>\nen sachant que vous \u00eates prot\u00e9g\u00e9 en cas d\u2019impr\u00e9vu.<\/p>\n<p><strong>R\u00e9servez en toute tranquillit\u00e9<\/strong>\u2026 et pensez seulement \u00e0 profiter de votre s\u00e9jour.<\/p>\n<h3><a href=\"https:\/\/www.care4uhotel.com\/en\/\" target=\"_blank\" rel=\"noopener\">D\u00c9COUVRIR &gt;&gt;<\/a><\/h3>\n<p><a href=\"https:\/\/www.care4uhotel.com\/en\/\"><img loading=\"lazy\" decoding=\"async\" class=\"alignnone wp-image-7917 size-full\" src=\"https:\/\/www.hotelmaestrale.com\/wp-content\/uploads\/2026\/02\/66e829791609b95124ad9102.png\" alt=\"\" width=\"2142\" height=\"280\" data-big-size=\"2142x280\" \/><\/a><\/p>\n","protected":false},"excerpt":{"rendered":"<p>R\u00e9server \u00e0 l\u2019avance est toujours une belle sensation\u2026 mais il peut arriver que quelque chose change. Un impr\u00e9vu, un probl\u00e8me de sant\u00e9, un accident ou un engagement soudain peuvent vous obliger \u00e0 modifier ou annuler vos vacances. Pour cette raison, vous pouvez choisir l\u2019assurance Care4uhotel, con\u00e7ue pour prot\u00e9ger votre s\u00e9jour en cas d\u2019annulation due \u00e0 : Maladie ou accident Deuil familial Grossesse Convocation comme jur\u00e9 ou t\u00e9moin Accident de la &#8230;<\/p>\n","protected":false},"author":7,"featured_media":0,"parent":0,"menu_order":0,"comment_status":"closed","ping_status":"closed","template":"","meta":{"_acf_changed":false},"class_list":["post-7944","page","type-page","status-publish","hentry"],"acf":[],"_links":{"self":[{"href":"https:\/\/www.hotelmaestrale.com\/fr\/wp-json\/wp\/v2\/pages\/7944","targetHints":{"allow":["GET"]}}],"collection":[{"href":"https:\/\/www.hotelmaestrale.com\/fr\/wp-json\/wp\/v2\/pages"}],"about":[{"href":"https:\/\/www.hotelmaestrale.com\/fr\/wp-json\/wp\/v2\/types\/page"}],"author":[{"embeddable":true,"href":"https:\/\/www.hotelmaestrale.com\/fr\/wp-json\/wp\/v2\/users\/7"}],"replies":[{"embeddable":true,"href":"https:\/\/www.hotelmaestrale.com\/fr\/wp-json\/wp\/v2\/comments?post=7944"}],"version-history":[{"count":0,"href":"https:\/\/www.hotelmaestrale.com\/fr\/wp-json\/wp\/v2\/pages\/7944\/revisions"}],"wp:attachment":[{"href":"https:\/\/www.hotelmaestrale.com\/fr\/wp-json\/wp\/v2\/media?parent=7944"}],"curies":[{"name":"wp","href":"https:\/\/api.w.org\/{rel}","templated":true}]}}